{"id":323,"date":"2021-07-31T11:42:30","date_gmt":"2021-07-31T08:42:30","guid":{"rendered":"https:\/\/katsyshop.com\/?page_id=323"},"modified":"2022-07-05T14:18:37","modified_gmt":"2022-07-05T12:18:37","slug":"tikandi-naidised","status":"publish","type":"page","link":"https:\/\/katsyshop.com\/en\/tikandi-naidised\/","title":{"rendered":"Embroidery examples"},"content":{"rendered":"<p>Embroidery and thread color will be specified by email. <\/p>\n\n\n\n<figure class=\"wp-block-image size-large\"><img loading=\"lazy\" decoding=\"async\" width=\"1024\" height=\"726\" src=\"https:\/\/katsyshop.com\/wp-content\/uploads\/2022\/05\/Saskiavaike-1024x726.jpg\" alt=\"\" class=\"wp-image-1800\" srcset=\"https:\/\/katsyshop.com\/wp-content\/uploads\/2022\/05\/Saskiavaike-1024x726.jpg 1024w, https:\/\/katsyshop.com\/wp-content\/uploads\/2022\/05\/Saskiavaike-600x425.jpg 600w, https:\/\/katsyshop.com\/wp-content\/uploads\/2022\/05\/Saskiavaike-300x213.jpg 300w, https:\/\/katsyshop.com\/wp-content\/uploads\/2022\/05\/Saskiavaike-768x544.jpg 768w, https:\/\/katsyshop.com\/wp-content\/uploads\/2022\/05\/Saskiavaike-96x68.jpg 96w, https:\/\/katsyshop.com\/wp-content\/uploads\/2022\/05\/Saskiavaike-42x30.jpg 42w, https:\/\/katsyshop.com\/wp-content\/uploads\/2022\/05\/Saskiavaike-1536x1089.jpg 1536w, https:\/\/katsyshop.com\/wp-content\/uploads\/2022\/05\/Saskiavaike-2048x1452.jpg 2048w, https:\/\/katsyshop.com\/wp-content\/uploads\/2022\/05\/Saskiavaike-18x12.jpg 18w, https:\/\/katsyshop.com\/wp-content\/uploads\/2022\/05\/Saskiavaike-1320x936.jpg 1320w\" sizes=\"auto, (max-width: 1024px) 100vw, 1024px\" \/><figcaption>Saskia &#8211; niit v 1120. T\u00e4he suurus 28 mm<\/figcaption><\/figure>\n\n\n\n<p><\/p>\n\n\n\n<figure class=\"wp-block-image size-large\"><img loading=\"lazy\" decoding=\"async\" width=\"1024\" height=\"683\" src=\"https:\/\/katsyshop.com\/wp-content\/uploads\/2021\/07\/beebitekk-tikandiga-1024x683.jpg\" alt=\"\" class=\"wp-image-331\" srcset=\"https:\/\/katsyshop.com\/wp-content\/uploads\/2021\/07\/beebitekk-tikandiga-1024x683.jpg 1024w, https:\/\/katsyshop.com\/wp-content\/uploads\/2021\/07\/beebitekk-tikandiga-600x400.jpg 600w, https:\/\/katsyshop.com\/wp-content\/uploads\/2021\/07\/beebitekk-tikandiga-300x200.jpg 300w, https:\/\/katsyshop.com\/wp-content\/uploads\/2021\/07\/beebitekk-tikandiga-768x512.jpg 768w, https:\/\/katsyshop.com\/wp-content\/uploads\/2021\/07\/beebitekk-tikandiga-1536x1024.jpg 1536w, https:\/\/katsyshop.com\/wp-content\/uploads\/2021\/07\/beebitekk-tikandiga-2048x1365.jpg 2048w, https:\/\/katsyshop.com\/wp-content\/uploads\/2021\/07\/beebitekk-tikandiga-18x12.jpg 18w, https:\/\/katsyshop.com\/wp-content\/uploads\/2021\/07\/beebitekk-tikandiga-1320x880.jpg 1320w\" sizes=\"auto, (max-width: 1024px) 100vw, 1024px\" \/><\/figure>\n\n\n\n<figure class=\"wp-block-image size-large\"><img loading=\"lazy\" decoding=\"async\" width=\"1024\" height=\"683\" src=\"https:\/\/katsyshop.com\/wp-content\/uploads\/2021\/07\/Lukas-1024x683.jpg\" alt=\"\" class=\"wp-image-332\" srcset=\"https:\/\/katsyshop.com\/wp-content\/uploads\/2021\/07\/Lukas-1024x683.jpg 1024w, https:\/\/katsyshop.com\/wp-content\/uploads\/2021\/07\/Lukas-600x400.jpg 600w, https:\/\/katsyshop.com\/wp-content\/uploads\/2021\/07\/Lukas-300x200.jpg 300w, https:\/\/katsyshop.com\/wp-content\/uploads\/2021\/07\/Lukas-768x512.jpg 768w, https:\/\/katsyshop.com\/wp-content\/uploads\/2021\/07\/Lukas-1536x1024.jpg 1536w, https:\/\/katsyshop.com\/wp-content\/uploads\/2021\/07\/Lukas-2048x1366.jpg 2048w, https:\/\/katsyshop.com\/wp-content\/uploads\/2021\/07\/Lukas-18x12.jpg 18w, https:\/\/katsyshop.com\/wp-content\/uploads\/2021\/07\/Lukas-1320x880.jpg 1320w\" sizes=\"auto, (max-width: 1024px) 100vw, 1024px\" \/><figcaption><strong>OLIVER and LUKAS embroidery size 146.7 mm x 30.9 mm<\/strong><\/figcaption><\/figure>\n\n\n\n<figure class=\"wp-block-image size-full\"><img loading=\"lazy\" decoding=\"async\" width=\"750\" height=\"563\" src=\"https:\/\/katsyshop.com\/wp-content\/uploads\/2021\/07\/Lauren.jpg\" alt=\"\" class=\"wp-image-333\" srcset=\"https:\/\/katsyshop.com\/wp-content\/uploads\/2021\/07\/Lauren.jpg 750w, https:\/\/katsyshop.com\/wp-content\/uploads\/2021\/07\/Lauren-600x450.jpg 600w, https:\/\/katsyshop.com\/wp-content\/uploads\/2021\/07\/Lauren-300x225.jpg 300w, https:\/\/katsyshop.com\/wp-content\/uploads\/2021\/07\/Lauren-16x12.jpg 16w\" sizes=\"auto, (max-width: 750px) 100vw, 750px\" \/><figcaption><strong>The size of the laurel is 114.3 mm x 25.6 mm<\/strong><\/figcaption><\/figure>\n\n\n\n<figure class=\"wp-block-image size-large is-resized\"><img loading=\"lazy\" decoding=\"async\" src=\"https:\/\/katsyshop.com\/wp-content\/uploads\/2021\/08\/valmistikanda-1024x673.jpg\" alt=\"\" class=\"wp-image-1136\" width=\"755\" height=\"495\" srcset=\"https:\/\/katsyshop.com\/wp-content\/uploads\/2021\/08\/valmistikanda-1024x673.jpg 1024w, https:\/\/katsyshop.com\/wp-content\/uploads\/2021\/08\/valmistikanda-600x394.jpg 600w, https:\/\/katsyshop.com\/wp-content\/uploads\/2021\/08\/valmistikanda-300x197.jpg 300w, https:\/\/katsyshop.com\/wp-content\/uploads\/2021\/08\/valmistikanda-768x505.jpg 768w, https:\/\/katsyshop.com\/wp-content\/uploads\/2021\/08\/valmistikanda-1536x1009.jpg 1536w, https:\/\/katsyshop.com\/wp-content\/uploads\/2021\/08\/valmistikanda-2048x1345.jpg 2048w, https:\/\/katsyshop.com\/wp-content\/uploads\/2021\/08\/valmistikanda-18x12.jpg 18w, https:\/\/katsyshop.com\/wp-content\/uploads\/2021\/08\/valmistikanda-1320x867.jpg 1320w\" sizes=\"auto, (max-width: 755px) 100vw, 755px\" \/><\/figure>\n\n\n\n<p><strong>Embroidery OSKAR - size about 2.5 x 12.5 cm<\/strong><\/p>\n\n\n\n<figure class=\"wp-block-image size-full\"><img loading=\"lazy\" decoding=\"async\" width=\"960\" height=\"960\" src=\"https:\/\/katsyshop.com\/wp-content\/uploads\/2021\/08\/Saskiavalmis1.jpg\" alt=\"\" class=\"wp-image-1195\" srcset=\"https:\/\/katsyshop.com\/wp-content\/uploads\/2021\/08\/Saskiavalmis1.jpg 960w, https:\/\/katsyshop.com\/wp-content\/uploads\/2021\/08\/Saskiavalmis1-300x300.jpg 300w, https:\/\/katsyshop.com\/wp-content\/uploads\/2021\/08\/Saskiavalmis1-100x100.jpg 100w, https:\/\/katsyshop.com\/wp-content\/uploads\/2021\/08\/Saskiavalmis1-600x600.jpg 600w, https:\/\/katsyshop.com\/wp-content\/uploads\/2021\/08\/Saskiavalmis1-150x150.jpg 150w, https:\/\/katsyshop.com\/wp-content\/uploads\/2021\/08\/Saskiavalmis1-768x768.jpg 768w, https:\/\/katsyshop.com\/wp-content\/uploads\/2021\/08\/Saskiavalmis1-12x12.jpg 12w\" sizes=\"auto, (max-width: 960px) 100vw, 960px\" \/><figcaption>SASKIA- Deck color: drops Baby Merino No. 41 \/ thread color light pink No. 1120. Embroidery approx. 14.2 cm x 2.6 cm<\/figcaption><\/figure>\n\n\n\n<figure class=\"wp-block-image size-full\"><img loading=\"lazy\" decoding=\"async\" width=\"373\" height=\"280\" src=\"https:\/\/katsyshop.com\/wp-content\/uploads\/2021\/12\/tikandid-beebitekile-1.jpg\" alt=\"\" class=\"wp-image-1323\" srcset=\"https:\/\/katsyshop.com\/wp-content\/uploads\/2021\/12\/tikandid-beebitekile-1.jpg 373w, https:\/\/katsyshop.com\/wp-content\/uploads\/2021\/12\/tikandid-beebitekile-1-300x225.jpg 300w, https:\/\/katsyshop.com\/wp-content\/uploads\/2021\/12\/tikandid-beebitekile-1-16x12.jpg 16w\" sizes=\"auto, (max-width: 373px) 100vw, 373px\" \/><\/figure>\n\n\n\n<figure class=\"wp-block-image size-large\"><img loading=\"lazy\" decoding=\"async\" width=\"1024\" height=\"578\" src=\"https:\/\/katsyshop.com\/wp-content\/uploads\/2022\/07\/Danieli-tikand-1024x578.jpg\" alt=\"\" class=\"wp-image-1942\" srcset=\"https:\/\/katsyshop.com\/wp-content\/uploads\/2022\/07\/Danieli-tikand-1024x578.jpg 1024w, https:\/\/katsyshop.com\/wp-content\/uploads\/2022\/07\/Danieli-tikand-600x339.jpg 600w, https:\/\/katsyshop.com\/wp-content\/uploads\/2022\/07\/Danieli-tikand-300x169.jpg 300w, https:\/\/katsyshop.com\/wp-content\/uploads\/2022\/07\/Danieli-tikand-768x434.jpg 768w, https:\/\/katsyshop.com\/wp-content\/uploads\/2022\/07\/Danieli-tikand-96x54.jpg 96w, https:\/\/katsyshop.com\/wp-content\/uploads\/2022\/07\/Danieli-tikand-42x24.jpg 42w, https:\/\/katsyshop.com\/wp-content\/uploads\/2022\/07\/Danieli-tikand-1536x868.jpg 1536w, https:\/\/katsyshop.com\/wp-content\/uploads\/2022\/07\/Danieli-tikand-2048x1157.jpg 2048w, https:\/\/katsyshop.com\/wp-content\/uploads\/2022\/07\/Danieli-tikand-18x10.jpg 18w, https:\/\/katsyshop.com\/wp-content\/uploads\/2022\/07\/Danieli-tikand-1320x746.jpg 1320w\" sizes=\"auto, (max-width: 1024px) 100vw, 1024px\" \/><\/figure>\n\n\n\n<p>Tekk: Drops Baby Merino v 10. Tikandi suurus 115,3 x 31,3 mm. Niidi v\u00e4rv 1045<\/p>","protected":false},"excerpt":{"rendered":"<p>Tikandid ja niidi v\u00e4rv t\u00e4psustatakse meili teel \u00fcle. Tikand OSKAR- suurus umbes 2,5 x 12,5 cm Tekk: Drops Baby Merino&hellip;<\/p>","protected":false},"author":1,"featured_media":0,"parent":0,"menu_order":0,"comment_status":"closed","ping_status":"closed","template":"","meta":{"footnotes":""},"class_list":["post-323","page","type-page","status-publish","hentry"],"jetpack_sharing_enabled":true,"_links":{"self":[{"href":"https:\/\/katsyshop.com\/en\/wp-json\/wp\/v2\/pages\/323","targetHints":{"allow":["GET"]}}],"collection":[{"href":"https:\/\/katsyshop.com\/en\/wp-json\/wp\/v2\/pages"}],"about":[{"href":"https:\/\/katsyshop.com\/en\/wp-json\/wp\/v2\/types\/page"}],"author":[{"embeddable":true,"href":"https:\/\/katsyshop.com\/en\/wp-json\/wp\/v2\/users\/1"}],"replies":[{"embeddable":true,"href":"https:\/\/katsyshop.com\/en\/wp-json\/wp\/v2\/comments?post=323"}],"version-history":[{"count":8,"href":"https:\/\/katsyshop.com\/en\/wp-json\/wp\/v2\/pages\/323\/revisions"}],"predecessor-version":[{"id":1944,"href":"https:\/\/katsyshop.com\/en\/wp-json\/wp\/v2\/pages\/323\/revisions\/1944"}],"wp:attachment":[{"href":"https:\/\/katsyshop.com\/en\/wp-json\/wp\/v2\/media?parent=323"}],"curies":[{"name":"wp","href":"https:\/\/api.w.org\/{rel}","templated":true}]}}