{"id":35,"date":"2021-07-30T13:41:35","date_gmt":"2021-07-30T10:41:35","guid":{"rendered":"https:\/\/katsyshop.com\/?page_id=35"},"modified":"2021-07-30T13:41:35","modified_gmt":"2021-07-30T10:41:35","slug":"privaatsuspoliitika-ja-isikuandmete-tootlemine","status":"publish","type":"page","link":"https:\/\/katsyshop.com\/en\/privaatsuspoliitika-ja-isikuandmete-tootlemine\/","title":{"rendered":"Privacy policy"},"content":{"rendered":"<h3 class=\"wp-block-heading\"><strong>8. PROCESSING PERSONAL DATA<\/strong><\/h3>\n\n\n\n<p><strong>Katsy O\u00dc<\/strong>\u00a0Kairi Design O\u00dc is the controller of personal data.\u00a0<strong>Katsy O\u00dc<\/strong>\u00a0the company shall transmit the personal data necessary for making the payments throw Montonio, the authorized processor.<\/p>\n\n\n\n<p><strong>8.1. The Customer's personal data entered for purchases is confidential and is not subject to disclosure by third parties, except in cases prescribed by law, as well as for the delivery of goods to related parties - courier company.<\/strong><br>The Seller has the right to use the Subscriber's<br>e-mail address also in his business activities for the transmission of advertising<br>and other information<br>if the customer has made the corresponding notation on the order form.<br>on the order form.<\/p>\n\n\n\n<p><strong>8.2. Personal data is data that Katsy LLC collects<br><\/strong>to provide a service,<br>identify a person,<br>contact a person to provide a service or resolve issues.<br>Katsy O\u00dc does not process sensitive personal data as defined in the Regulation of the EUROPEAN PARLIAMENT AND<br>COUNCIL REGULATION (EU) 2016\/679 (General Data Protection Regulation, GDPR or EU Regulation 2016\/679).<\/p>\n\n\n\n<p><strong>8.3. Katsy LLC undertakes to protect the personal data of the clients and users and their privacy.<\/strong><br>.<\/p>\n\n\n\n<p>8.4. The activities of Katsy O\u00dc on the Internet are in accordance with all<br><strong>relevant activities and relevant European Union legislation and Estonian law, including\nREGULATION (EU) 2016\/679 of the EUROPEAN PARLIAMENT AND COUNCIL.<\/strong><br>Katsy O\u00dc applies all precautionary measures<br>(including administrative, technical and physical measures)<br>to protect personal<br>data collected.<\/p>\n\n\n\n<p><strong>8.5. Access to data editing and processing is restricted to authorized persons.<\/strong><br>.<br>.<br>.<br>.<\/p>\n\n\n\n<p>.<\/p>\n\n\n\n<p><strong>8.6. Access to and correction of personal data<\/strong>&nbsp;Personal data can be accessed and corrections made to the online store's user profile. If the purchase has been made without a user account, personal data can be accessed via client support.<\/p>\n\n\n\n<p><strong>8.7. Withdrawal of consent<\/strong>If the processing of personal data takes place on the basis of the customer's consent, the customer has the right to withdraw the consent by notifying the customer support by e-mail.<\/p>\n\n\n\n<p><strong>8.8. Preservation<\/strong><br>When closing the customer account of the online store, personal data will be deleted, unless such data needs to be kept for accounting or for resolving consumer disputes.<br>If the purchase in the online store has been made without a customer account, the purchase history will be stored for three years.<br>In the event of a dispute over payments and consumer disputes, personal data will be kept until the claim is met or the limitation period expires.<br>Personal data required for accounting purposes shall be kept for seven years.<\/p>\n\n\n\n<p><strong>8.9. Deleting<\/strong><br>To delete personal information, contact customer support via email. A request for erasure shall be answered no later than within one month and the period for erasure of data shall be specified.<\/p>\n\n\n\n<p><strong>8.10. The e-mail address and telephone number will be used to send direct marketing messages if the customer has given his consent. If the customer does not wish to receive direct marketing communications, please select the appropriate link in the footer of the email or contact customer support.<\/strong><br>The e-mail address and telephone number will be used to send direct marketing messages if the customer has given his consent. If the customer does not wish to receive direct marketing communications, please select the appropriate link in the footer of the email or contact customer support.<\/p>\n\n\n\n<p><strong>8.11.<\/strong><strong>Solving arguments<\/strong><br>Disputes related to the processing of personal data are resolved through customer support (CONTACT DETAILS). The supervisory authority is the Estonian Data Protection Inspectorate (info@aki.ee).<\/p>","protected":false},"excerpt":{"rendered":"<p>8. PRIVAATSUSPOLIITIKA EHK KLIENDI ISIKUANDMETE T\u00d6\u00d6TLEMINE Katsy O\u00dc\u00a0on isikuandmete vastutav t\u00f6\u00f6tleja.\u00a0Katsy O\u00dc\u00a0ettev\u00f5te edastab maksete teostamiseks vajalikud isikuandmed volitatud t\u00f6\u00f6tleja \u201cMontonio`le.\u201d&hellip;<\/p>","protected":false},"author":1,"featured_media":0,"parent":0,"menu_order":0,"comment_status":"closed","ping_status":"closed","template":"","meta":{"footnotes":""},"class_list":["post-35","page","type-page","status-publish","hentry"],"jetpack_sharing_enabled":true,"_links":{"self":[{"href":"https:\/\/katsyshop.com\/en\/wp-json\/wp\/v2\/pages\/35","targetHints":{"allow":["GET"]}}],"collection":[{"href":"https:\/\/katsyshop.com\/en\/wp-json\/wp\/v2\/pages"}],"about":[{"href":"https:\/\/katsyshop.com\/en\/wp-json\/wp\/v2\/types\/page"}],"author":[{"embeddable":true,"href":"https:\/\/katsyshop.com\/en\/wp-json\/wp\/v2\/users\/1"}],"replies":[{"embeddable":true,"href":"https:\/\/katsyshop.com\/en\/wp-json\/wp\/v2\/comments?post=35"}],"version-history":[{"count":1,"href":"https:\/\/katsyshop.com\/en\/wp-json\/wp\/v2\/pages\/35\/revisions"}],"predecessor-version":[{"id":36,"href":"https:\/\/katsyshop.com\/en\/wp-json\/wp\/v2\/pages\/35\/revisions\/36"}],"wp:attachment":[{"href":"https:\/\/katsyshop.com\/en\/wp-json\/wp\/v2\/media?parent=35"}],"curies":[{"name":"wp","href":"https:\/\/api.w.org\/{rel}","templated":true}]}}