{"id":7981,"date":"2025-04-10T12:31:41","date_gmt":"2025-04-10T10:31:41","guid":{"rendered":"https:\/\/katsyshop.com\/?page_id=7981"},"modified":"2025-04-10T12:35:10","modified_gmt":"2025-04-10T10:35:10","slug":"blogi","status":"publish","type":"page","link":"https:\/\/katsyshop.com\/en\/blogi\/","title":{"rendered":"Blogi"},"content":{"rendered":"<p><div class=\"bdpp-wrap bdpp-lite bdpp-post-grid-wrap bdpp-post-data-wrap bdpp-design-1 bdpp-grid-3 bdpp-layout-7979 bdpp-clearfix\" id=\"bdpp-post-grid-1\">\r\n\t<div class=\"bdpp-post-grid-inr-wrap bdpp-post-data-inr-wrap bdpp-clearfix\"><div class=\"bdpp-post-grid bdpp-col-3 bdpp-columns bdpp-post-8819 bdpp-post-standard bdpp-first bdpp-has-thumb\">\r\n\t<div class=\"bdpp-post-grid-content\">\r\n\t\t\t\t<div class=\"bdpp-post-img-bg\">\r\n\t\t\t<a href=\"https:\/\/katsyshop.com\/en\/uudised\/kinkekaardid-poes\/\">\r\n\t\t\t\t<img decoding=\"async\" src=\"https:\/\/katsyshop.com\/wp-content\/uploads\/2025\/11\/kinkekaardid-965x1024.jpg\" class=\"bdpp-img bdpp-post-feat-img\" alt=\"Kinkekaardid poes\" \/>\r\n\t\t\t\t\t\t\t<\/a>\r\n\t\t<\/div>\r\n\t\t\t\t<div class=\"bdpp-post-cats\"><a class=\"bdpp-post-cat-link bdpp-post-cat-1 bdpp-post-cat-uudised\" href=\"https:\/\/katsyshop.com\/en\/category\/uudised\/\">Uudised<\/a><\/div>\r\n\t\t\r\n\t\t<h2 class=\"bdpp-post-title\">\r\n\t\t\t<a href=\"https:\/\/katsyshop.com\/en\/uudised\/kinkekaardid-poes\/\">Kinkekaardid poes<\/a>\r\n\t\t<\/h2>\r\n\r\n\t\t\t\t<div class=\"bdpp-post-meta bdpp-post-meta-up\">\r\n\t\t\t<span class=\"bdpp-post-meta-data bdpp-post-author\"><i class=\"bdpp-fa fa-solid fa-user\"><\/i>Kairi<\/span><span class=\"bdpp-post-meta-sep\"> &ndash; <\/span><span class=\"bdpp-post-meta-data bdpp-post-date\"><i class=\"bdpp-fa fa-regular fa-clock\"><\/i>November 26, 2025<\/span>\t\t<\/div>\r\n\t\t\t\t<div class=\"bdpp-post-content\">\r\n\t\t\t<div class=\"bdpp-post-desc\">Olen valmis saanud esimesed kinkekaardid. Neid on v\u00f5imalik soetada Tartu poest. \ud83d\ude42<\/div>\r\n\t\t\t\t\t\t<a href=\"https:\/\/katsyshop.com\/en\/uudised\/kinkekaardid-poes\/\" class=\"bdpp-rdmr-btn\">Loe rohkem<\/a>\r\n\t\t\t\t\t<\/div>\r\n\t\t\t\t<div class=\"bdpp-post-meta bdpp-post-meta-down\"><span class=\"bdpp-post-meta-data bdpp-post-tags\"><i class=\"bdpp-fa fa-solid fa-tags\"><\/i><a class=\"bdpp-post-cat-link bdpp-post-cat-1175 bdpp-post-cat-katsy-longapoe-kinkekaardid\" href=\"https:\/\/katsyshop.com\/en\/tag\/katsy-longapoe-kinkekaardid\/\">katsy l\u00f5ngapoe kinkekaardid<\/a>, <a class=\"bdpp-post-cat-link bdpp-post-cat-1176 bdpp-post-cat-longapood-tartus\" href=\"https:\/\/katsyshop.com\/en\/tag\/longapood-tartus\/\">l\u00f5ngapood tartus<\/a><\/span><\/div>\r\n\t\t\t<\/div>\r\n<\/div><div class=\"bdpp-post-grid bdpp-col-3 bdpp-columns bdpp-post-8527 bdpp-post-standard bdpp-has-thumb\">\r\n\t<div class=\"bdpp-post-grid-content\">\r\n\t\t\t\t<div class=\"bdpp-post-img-bg\">\r\n\t\t\t<a href=\"https:\/\/katsyshop.com\/en\/uudised\/oktoobrikuus-uus-soodusmuuk\/\">\r\n\t\t\t\t<img decoding=\"async\" src=\"https:\/\/katsyshop.com\/wp-content\/uploads\/2025\/10\/oktoober-1024x1024.jpg\" class=\"bdpp-img bdpp-post-feat-img\" alt=\"Oktoobrikuus uus soodusm\u00fc\u00fck\" \/>\r\n\t\t\t\t\t\t\t<\/a>\r\n\t\t<\/div>\r\n\t\t\t\t<div class=\"bdpp-post-cats\"><a class=\"bdpp-post-cat-link bdpp-post-cat-1 bdpp-post-cat-uudised\" href=\"https:\/\/katsyshop.com\/en\/category\/uudised\/\">Uudised<\/a><\/div>\r\n\t\t\r\n\t\t<h2 class=\"bdpp-post-title\">\r\n\t\t\t<a href=\"https:\/\/katsyshop.com\/en\/uudised\/oktoobrikuus-uus-soodusmuuk\/\">Oktoobrikuus uus soodusm\u00fc\u00fck<\/a>\r\n\t\t<\/h2>\r\n\r\n\t\t\t\t<div class=\"bdpp-post-meta bdpp-post-meta-up\">\r\n\t\t\t<span class=\"bdpp-post-meta-data bdpp-post-author\"><i class=\"bdpp-fa fa-solid fa-user\"><\/i>Kairi<\/span><span class=\"bdpp-post-meta-sep\"> &ndash; <\/span><span class=\"bdpp-post-meta-data bdpp-post-date\"><i class=\"bdpp-fa fa-regular fa-clock\"><\/i>October 6, 2025<\/span>\t\t<\/div>\r\n\t\t\t\t<div class=\"bdpp-post-content\">\r\n\t\t\t<div class=\"bdpp-post-desc\">Oktoobrikuus on - 30% soodushinnaga Alpaca l\u00f5ngad. Hea aeg hakata talveks sooja riietust kuduma v\u00f5i heegeldama. L\u00f5ngad leiad ikka poest...<\/div>\r\n\t\t\t\t\t\t<a href=\"https:\/\/katsyshop.com\/en\/uudised\/oktoobrikuus-uus-soodusmuuk\/\" class=\"bdpp-rdmr-btn\">Loe rohkem<\/a>\r\n\t\t\t\t\t<\/div>\r\n\t\t\t\t<div class=\"bdpp-post-meta bdpp-post-meta-down\"><span class=\"bdpp-post-meta-data bdpp-post-tags\"><i class=\"bdpp-fa fa-solid fa-tags\"><\/i><a class=\"bdpp-post-cat-link bdpp-post-cat-1167 bdpp-post-cat-alpaca-longad-tartus\" href=\"https:\/\/katsyshop.com\/en\/tag\/alpaca-longad-tartus\/\">alpaca l\u00f5ngad Tartus<\/a>, <a class=\"bdpp-post-cat-link bdpp-post-cat-1166 bdpp-post-cat-alpaka-longade-muuk\" href=\"https:\/\/katsyshop.com\/en\/tag\/alpaka-longade-muuk\/\">alpaka l\u00f5ngade m\u00fc\u00fck<\/a>, <a class=\"bdpp-post-cat-link bdpp-post-cat-1142 bdpp-post-cat-dropsi-longad-tartus\" href=\"https:\/\/katsyshop.com\/en\/tag\/dropsi-longad-tartus\/\">dropsi l\u00f5ngad Tartus<\/a>, <a class=\"bdpp-post-cat-link bdpp-post-cat-1165 bdpp-post-cat-long-heegeldamiseks\" href=\"https:\/\/katsyshop.com\/en\/tag\/long-heegeldamiseks\/\">l\u00f5ng heegeldamiseks<\/a>, <a class=\"bdpp-post-cat-link bdpp-post-cat-1164 bdpp-post-cat-long-kudumiseks\" href=\"https:\/\/katsyshop.com\/en\/tag\/long-kudumiseks\/\">l\u00f5ng kudumiseks<\/a>, <a class=\"bdpp-post-cat-link bdpp-post-cat-1163 bdpp-post-cat-longad-kasitooks\" href=\"https:\/\/katsyshop.com\/en\/tag\/longad-kasitooks\/\">l\u00f5ngad k\u00e4sit\u00f6\u00f6ks<\/a>, <a class=\"bdpp-post-cat-link bdpp-post-cat-1137 bdpp-post-cat-longad-tartus\" href=\"https:\/\/katsyshop.com\/en\/tag\/longad-tartus\/\">l\u00f5ngad Tartus<\/a>, <a class=\"bdpp-post-cat-link bdpp-post-cat-1168 bdpp-post-cat-villased-longad-kasitooks\" href=\"https:\/\/katsyshop.com\/en\/tag\/villased-longad-kasitooks\/\">villased l\u00f5ngad k\u00e4sit\u00f6\u00f6ks<\/a><\/span><\/div>\r\n\t\t\t<\/div>\r\n<\/div><div class=\"bdpp-post-grid bdpp-col-3 bdpp-columns bdpp-post-8149 bdpp-post-standard bdpp-has-thumb\">\r\n\t<div class=\"bdpp-post-grid-content\">\r\n\t\t\t\t<div class=\"bdpp-post-img-bg\">\r\n\t\t\t<a href=\"https:\/\/katsyshop.com\/en\/uudised\/kootud-beebitekid\/\">\r\n\t\t\t\t<img decoding=\"async\" src=\"https:\/\/katsyshop.com\/wp-content\/uploads\/2025\/05\/katsikukingituseks-beebitekk-ja-papud-771x1024.png\" class=\"bdpp-img bdpp-post-feat-img\" alt=\"Kootud beebitekid\" \/>\r\n\t\t\t\t\t\t\t<\/a>\r\n\t\t<\/div>\r\n\t\t\t\t<div class=\"bdpp-post-cats\"><a class=\"bdpp-post-cat-link bdpp-post-cat-1 bdpp-post-cat-uudised\" href=\"https:\/\/katsyshop.com\/en\/category\/uudised\/\">Uudised<\/a><\/div>\r\n\t\t\r\n\t\t<h2 class=\"bdpp-post-title\">\r\n\t\t\t<a href=\"https:\/\/katsyshop.com\/en\/uudised\/kootud-beebitekid\/\">Kootud beebitekid<\/a>\r\n\t\t<\/h2>\r\n\r\n\t\t\t\t<div class=\"bdpp-post-meta bdpp-post-meta-up\">\r\n\t\t\t<span class=\"bdpp-post-meta-data bdpp-post-author\"><i class=\"bdpp-fa fa-solid fa-user\"><\/i>Kairi<\/span><span class=\"bdpp-post-meta-sep\"> &ndash; <\/span><span class=\"bdpp-post-meta-data bdpp-post-date\"><i class=\"bdpp-fa fa-regular fa-clock\"><\/i>May 23, 2025<\/span>\t\t<\/div>\r\n\t\t\t\t<div class=\"bdpp-post-content\">\r\n\t\t\t<div class=\"bdpp-post-desc\">Hellust igasse p\u00e4eva! Meie imearmsad k\u00e4sit\u00f6\u00f6na valminud meriinovillased beebitekid ja papud on parimad sinu pisikesele. Need on valmistatud 100% armastusega,...<\/div>\r\n\t\t\t\t\t\t<a href=\"https:\/\/katsyshop.com\/en\/uudised\/kootud-beebitekid\/\" class=\"bdpp-rdmr-btn\">Loe rohkem<\/a>\r\n\t\t\t\t\t<\/div>\r\n\t\t\t\t<div class=\"bdpp-post-meta bdpp-post-meta-down\"><span class=\"bdpp-post-meta-data bdpp-post-tags\"><i class=\"bdpp-fa fa-solid fa-tags\"><\/i><a class=\"bdpp-post-cat-link bdpp-post-cat-1149 bdpp-post-cat-beebitekk\" href=\"https:\/\/katsyshop.com\/en\/tag\/beebitekk\/\">beebitekk<\/a>, <a class=\"bdpp-post-cat-link bdpp-post-cat-1147 bdpp-post-cat-katsikud\" href=\"https:\/\/katsyshop.com\/en\/tag\/katsikud\/\">katsikud<\/a>, <a class=\"bdpp-post-cat-link bdpp-post-cat-1151 bdpp-post-cat-kingiidee\" href=\"https:\/\/katsyshop.com\/en\/tag\/kingiidee\/\">kingiidee<\/a>, <a class=\"bdpp-post-cat-link bdpp-post-cat-1148 bdpp-post-cat-madeinestonia\" href=\"https:\/\/katsyshop.com\/en\/tag\/madeinestonia\/\">madeinestonia<\/a>, <a class=\"bdpp-post-cat-link bdpp-post-cat-1150 bdpp-post-cat-papud\" href=\"https:\/\/katsyshop.com\/en\/tag\/papud\/\">booties<\/a><\/span><\/div>\r\n\t\t\t<\/div>\r\n<\/div><div class=\"bdpp-post-grid bdpp-col-3 bdpp-columns bdpp-post-8053 bdpp-post-standard bdpp-first bdpp-has-thumb\">\r\n\t<div class=\"bdpp-post-grid-content\">\r\n\t\t\t\t<div class=\"bdpp-post-img-bg\">\r\n\t\t\t<a href=\"https:\/\/katsyshop.com\/en\/uudised\/mai-kuu-soodusmuuk\/\">\r\n\t\t\t\t<img decoding=\"async\" src=\"https:\/\/katsyshop.com\/wp-content\/uploads\/2025\/05\/mai-soodus-819x1024.jpg\" class=\"bdpp-img bdpp-post-feat-img\" alt=\"Mai kuu soodusm\u00fc\u00fck\" \/>\r\n\t\t\t\t\t\t\t<\/a>\r\n\t\t<\/div>\r\n\t\t\t\t<div class=\"bdpp-post-cats\"><a class=\"bdpp-post-cat-link bdpp-post-cat-1 bdpp-post-cat-uudised\" href=\"https:\/\/katsyshop.com\/en\/category\/uudised\/\">Uudised<\/a><\/div>\r\n\t\t\r\n\t\t<h2 class=\"bdpp-post-title\">\r\n\t\t\t<a href=\"https:\/\/katsyshop.com\/en\/uudised\/mai-kuu-soodusmuuk\/\">Mai kuu soodusm\u00fc\u00fck<\/a>\r\n\t\t<\/h2>\r\n\r\n\t\t\t\t<div class=\"bdpp-post-meta bdpp-post-meta-up\">\r\n\t\t\t<span class=\"bdpp-post-meta-data bdpp-post-author\"><i class=\"bdpp-fa fa-solid fa-user\"><\/i>Kairi<\/span><span class=\"bdpp-post-meta-sep\"> &ndash; <\/span><span class=\"bdpp-post-meta-data bdpp-post-date\"><i class=\"bdpp-fa fa-regular fa-clock\"><\/i>May 5, 2025<\/span>\t\t<\/div>\r\n\t\t\t\t<div class=\"bdpp-post-content\">\r\n\t\t\t<div class=\"bdpp-post-desc\">Terve mai kuu on 30 % soodushinnaga Katsy e-poes j\u00e4rgmised l\u00f5ngad:\u00a0\u00a0DROPS Air, DROPS Baby Merino, DROPS Cotton Merino, DROPS Flora,...<\/div>\r\n\t\t\t\t\t\t<a href=\"https:\/\/katsyshop.com\/en\/uudised\/mai-kuu-soodusmuuk\/\" class=\"bdpp-rdmr-btn\">Loe rohkem<\/a>\r\n\t\t\t\t\t<\/div>\r\n\t\t\t\t<div class=\"bdpp-post-meta bdpp-post-meta-down\"><span class=\"bdpp-post-meta-data bdpp-post-tags\"><i class=\"bdpp-fa fa-solid fa-tags\"><\/i><a class=\"bdpp-post-cat-link bdpp-post-cat-1146 bdpp-post-cat-drops-tartus\" href=\"https:\/\/katsyshop.com\/en\/tag\/drops-tartus\/\">Drops Tartus<\/a>, <a class=\"bdpp-post-cat-link bdpp-post-cat-1142 bdpp-post-cat-dropsi-longad-tartus\" href=\"https:\/\/katsyshop.com\/en\/tag\/dropsi-longad-tartus\/\">dropsi l\u00f5ngad Tartus<\/a>, <a class=\"bdpp-post-cat-link bdpp-post-cat-1143 bdpp-post-cat-kasitookudumid-beebile-tartus\" href=\"https:\/\/katsyshop.com\/en\/tag\/kasitookudumid-beebile-tartus\/\">k\u00e4sit\u00f6\u00f6kudumid beebile Tartus<\/a>, <a class=\"bdpp-post-cat-link bdpp-post-cat-1144 bdpp-post-cat-tartu-longapoed\" href=\"https:\/\/katsyshop.com\/en\/tag\/tartu-longapoed\/\">Tartu l\u00f5ngapoed<\/a>, <a class=\"bdpp-post-cat-link bdpp-post-cat-1145 bdpp-post-cat-tartu-longapood\" href=\"https:\/\/katsyshop.com\/en\/tag\/tartu-longapood\/\">Tartu l\u00f5ngapood<\/a><\/span><\/div>\r\n\t\t\t<\/div>\r\n<\/div><div class=\"bdpp-post-grid bdpp-col-3 bdpp-columns bdpp-post-7987 bdpp-post-standard bdpp-has-thumb\">\r\n\t<div class=\"bdpp-post-grid-content\">\r\n\t\t\t\t<div class=\"bdpp-post-img-bg\">\r\n\t\t\t<a href=\"https:\/\/katsyshop.com\/en\/uudised\/stuudiopood-tartus\/\">\r\n\t\t\t\t<img decoding=\"async\" src=\"https:\/\/katsyshop.com\/wp-content\/uploads\/2025\/04\/stuudio.jpg\" class=\"bdpp-img bdpp-post-feat-img\" alt=\"Stuudiopood Tartus\" \/>\r\n\t\t\t\t\t\t\t<\/a>\r\n\t\t<\/div>\r\n\t\t\t\t<div class=\"bdpp-post-cats\"><a class=\"bdpp-post-cat-link bdpp-post-cat-1 bdpp-post-cat-uudised\" href=\"https:\/\/katsyshop.com\/en\/category\/uudised\/\">Uudised<\/a><\/div>\r\n\t\t\r\n\t\t<h2 class=\"bdpp-post-title\">\r\n\t\t\t<a href=\"https:\/\/katsyshop.com\/en\/uudised\/stuudiopood-tartus\/\">Stuudiopood Tartus<\/a>\r\n\t\t<\/h2>\r\n\r\n\t\t\t\t<div class=\"bdpp-post-meta bdpp-post-meta-up\">\r\n\t\t\t<span class=\"bdpp-post-meta-data bdpp-post-author\"><i class=\"bdpp-fa fa-solid fa-user\"><\/i>Kairi<\/span><span class=\"bdpp-post-meta-sep\"> &ndash; <\/span><span class=\"bdpp-post-meta-data bdpp-post-date\"><i class=\"bdpp-fa fa-regular fa-clock\"><\/i>April 10, 2025<\/span>\t\t<\/div>\r\n\t\t\t\t<div class=\"bdpp-post-content\">\r\n\t\t\t<div class=\"bdpp-post-desc\">Kontakt ja stuudiopood Asukoht: Ilmatsalu 5, Tartu. Uks A1, II korrus&nbsp;( tuba 209-210 ( Kairi Design)) (bussid nr. 2, 10...<\/div>\r\n\t\t\t\t\t\t<a href=\"https:\/\/katsyshop.com\/en\/uudised\/stuudiopood-tartus\/\" class=\"bdpp-rdmr-btn\">Loe rohkem<\/a>\r\n\t\t\t\t\t<\/div>\r\n\t\t\t\t<div class=\"bdpp-post-meta bdpp-post-meta-down\"><span class=\"bdpp-post-meta-data bdpp-post-tags\"><i class=\"bdpp-fa fa-solid fa-tags\"><\/i><a class=\"bdpp-post-cat-link bdpp-post-cat-1140 bdpp-post-cat-dropsi-longade-muuk-tartu-linnas\" href=\"https:\/\/katsyshop.com\/en\/tag\/dropsi-longade-muuk-tartu-linnas\/\">Dropsi l\u00f5ngade m\u00fc\u00fck Tartu linnas<\/a>, <a class=\"bdpp-post-cat-link bdpp-post-cat-1141 bdpp-post-cat-kasitoo-tartus\" href=\"https:\/\/katsyshop.com\/en\/tag\/kasitoo-tartus\/\">k\u00e4sit\u00f6\u00f6 Tartus<\/a>, <a class=\"bdpp-post-cat-link bdpp-post-cat-1139 bdpp-post-cat-longapoed-tartus\" href=\"https:\/\/katsyshop.com\/en\/tag\/longapoed-tartus\/\">l\u00f5ngapoed Tartus<\/a><\/span><\/div>\r\n\t\t\t<\/div>\r\n<\/div><div class=\"bdpp-post-grid bdpp-col-3 bdpp-columns bdpp-post-49 bdpp-post-standard bdpp-has-thumb\">\r\n\t<div class=\"bdpp-post-grid-content\">\r\n\t\t\t\t<div class=\"bdpp-post-img-bg\">\r\n\t\t\t<a href=\"https:\/\/katsyshop.com\/en\/uudised\/tere-tulemast-katsyshop-lehele\/\">\r\n\t\t\t\t<img decoding=\"async\" src=\"https:\/\/katsyshop.com\/wp-content\/uploads\/2025\/03\/koome-beebile-riideid-1024x683.jpg\" class=\"bdpp-img bdpp-post-feat-img\" alt=\"Tere tulemast Katsyshop lehele\" \/>\r\n\t\t\t\t\t\t\t<\/a>\r\n\t\t<\/div>\r\n\t\t\t\t<div class=\"bdpp-post-cats\"><a class=\"bdpp-post-cat-link bdpp-post-cat-1 bdpp-post-cat-uudised\" href=\"https:\/\/katsyshop.com\/en\/category\/uudised\/\">Uudised<\/a><\/div>\r\n\t\t\r\n\t\t<h2 class=\"bdpp-post-title\">\r\n\t\t\t<a href=\"https:\/\/katsyshop.com\/en\/uudised\/tere-tulemast-katsyshop-lehele\/\">Tere tulemast Katsyshop lehele<\/a>\r\n\t\t<\/h2>\r\n\r\n\t\t\t\t<div class=\"bdpp-post-meta bdpp-post-meta-up\">\r\n\t\t\t<span class=\"bdpp-post-meta-data bdpp-post-author\"><i class=\"bdpp-fa fa-solid fa-user\"><\/i>Kairi<\/span><span class=\"bdpp-post-meta-sep\"> &ndash; <\/span><span class=\"bdpp-post-meta-data bdpp-post-date\"><i class=\"bdpp-fa fa-regular fa-clock\"><\/i>July 30, 2021<\/span>\t\t<\/div>\r\n\t\t\t\t<div class=\"bdpp-post-content\">\r\n\t\t\t<div class=\"bdpp-post-desc\">Katsy O\u00dc&nbsp; m\u00fc\u00fcb peamiselt kudumeid&nbsp; beebidele. Meie poest leiate meriinovillaseid k\u00e4sit\u00f6\u00f6na valminud kombekaid, m\u00fctse, kindaid, papusid ja tekke.&nbsp; E-poes on...<\/div>\r\n\t\t\t\t\t\t<a href=\"https:\/\/katsyshop.com\/en\/uudised\/tere-tulemast-katsyshop-lehele\/\" class=\"bdpp-rdmr-btn\">Loe rohkem<\/a>\r\n\t\t\t\t\t<\/div>\r\n\t\t\t\t<div class=\"bdpp-post-meta bdpp-post-meta-down\"><span class=\"bdpp-post-meta-data bdpp-post-tags\"><i class=\"bdpp-fa fa-solid fa-tags\"><\/i><a class=\"bdpp-post-cat-link bdpp-post-cat-1132 bdpp-post-cat-beebikudumid\" href=\"https:\/\/katsyshop.com\/en\/tag\/beebikudumid\/\">beebikudumid<\/a>, <a class=\"bdpp-post-cat-link bdpp-post-cat-1133 bdpp-post-cat-kasitoo\" href=\"https:\/\/katsyshop.com\/en\/tag\/kasitoo\/\">k\u00e4sit\u00f6\u00f6<\/a>, <a class=\"bdpp-post-cat-link bdpp-post-cat-1138 bdpp-post-cat-katsikukingitused-tartus\" href=\"https:\/\/katsyshop.com\/en\/tag\/katsikukingitused-tartus\/\">katsikukingitused Tartus<\/a>, <a class=\"bdpp-post-cat-link bdpp-post-cat-1135 bdpp-post-cat-kootud-beebitekid\" href=\"https:\/\/katsyshop.com\/en\/tag\/kootud-beebitekid\/\">knitted babyblankets<\/a>, <a class=\"bdpp-post-cat-link bdpp-post-cat-1137 bdpp-post-cat-longad-tartus\" href=\"https:\/\/katsyshop.com\/en\/tag\/longad-tartus\/\">l\u00f5ngad Tartus<\/a>, <a class=\"bdpp-post-cat-link bdpp-post-cat-1136 bdpp-post-cat-meriinolongad\" href=\"https:\/\/katsyshop.com\/en\/tag\/meriinolongad\/\">meriinol\u00f5ngad<\/a>, <a class=\"bdpp-post-cat-link bdpp-post-cat-1134 bdpp-post-cat-papud-beebile\" href=\"https:\/\/katsyshop.com\/en\/tag\/papud-beebile\/\">baby booties<\/a><\/span><\/div>\r\n\t\t\t<\/div>\r\n<\/div>\t<\/div>\r\n\t<\/div><br><\/p>\n\n\n\n<p><\/p>","protected":false},"excerpt":{"rendered":"","protected":false},"author":1,"featured_media":0,"parent":0,"menu_order":0,"comment_status":"closed","ping_status":"closed","template":"","meta":{"footnotes":""},"class_list":["post-7981","page","type-page","status-publish","hentry"],"jetpack_sharing_enabled":true,"_links":{"self":[{"href":"https:\/\/katsyshop.com\/en\/wp-json\/wp\/v2\/pages\/7981","targetHints":{"allow":["GET"]}}],"collection":[{"href":"https:\/\/katsyshop.com\/en\/wp-json\/wp\/v2\/pages"}],"about":[{"href":"https:\/\/katsyshop.com\/en\/wp-json\/wp\/v2\/types\/page"}],"author":[{"embeddable":true,"href":"https:\/\/katsyshop.com\/en\/wp-json\/wp\/v2\/users\/1"}],"replies":[{"embeddable":true,"href":"https:\/\/katsyshop.com\/en\/wp-json\/wp\/v2\/comments?post=7981"}],"version-history":[{"count":2,"href":"https:\/\/katsyshop.com\/en\/wp-json\/wp\/v2\/pages\/7981\/revisions"}],"predecessor-version":[{"id":7985,"href":"https:\/\/katsyshop.com\/en\/wp-json\/wp\/v2\/pages\/7981\/revisions\/7985"}],"wp:attachment":[{"href":"https:\/\/katsyshop.com\/en\/wp-json\/wp\/v2\/media?parent=7981"}],"curies":[{"name":"wp","href":"https:\/\/api.w.org\/{rel}","templated":true}]}}