{"id":1104,"date":"2021-08-02T20:45:46","date_gmt":"2021-08-02T17:45:46","guid":{"rendered":"https:\/\/katsyshop.com\/?post_type=product&#038;p=1104"},"modified":"2025-10-05T11:31:07","modified_gmt":"2025-10-05T09:31:07","slug":"puksid-roos","status":"publish","type":"product","link":"https:\/\/katsyshop.com\/en\/product\/puksid-roos\/","title":{"rendered":"Beebinuku komplekt roosid\/ nukule 45 cm"},"content":{"rendered":"<p><b>P\u00fcksid suurus 44 ( sobivad 45 cm suurusele beebinukule )<br \/>\n<\/b><\/p>\n<p>The inner length of the lower leg is 15 cm<br \/>\nP\u00fckste \u00fcldpikkus eest m\u00f5\u00f5detult on 31 cm, seljaosast on 0,5 cm pikem.<\/p>\n<p>The circumference of the waist is 30 cm. No rubber is added.<\/p>\n<p>The ribs are reversible<\/p>\n<p>Lining: 95% cotton 5% elastane<\/p>\n<p>\u00d6ko-tex 100<\/p>\n<p>&nbsp;<\/p>\n<p><strong>M\u00fcts<\/strong><strong> 34 p\u00fc<\/strong><br \/>\nThe hat is double and has a reversible edge<\/p>\n<p>M\u00fctsi \u00fcldpikkus on 16,5 cm ja \u00fcmberm\u00f5\u00f5t 31,5 cm venitamata<\/p>\n<p>&nbsp;<\/p>\n<p><strong>Mittens <\/strong>\u00fchekordsed puuvillased topelt soonikuga<\/p>\n<p>Measures:<br \/>\nPalm width: 6,5 cm<br \/>\nLength of hand from ribbon 7,5 cm<\/p>\n<p>&nbsp;<\/p>\n<p><strong>Kaelussall<\/strong><\/p>\n<p>On the other side is a solid color fabric<\/p>\n<p>The collar can be fastened with a button at the back<\/p>\n<p>&nbsp;<\/p>\n<p>Machine wash up to 30 degrees, bleaching and tumble drying prohibited.<\/p>\n<p><strong>NB! Depending on the screen, the colour may actually be a little brighter or lighter than the in the picture<\/strong><\/p>","protected":false},"excerpt":{"rendered":"<p>Komplekti kuuluvad: p\u00fcksid, m\u00fcts, kindad ja sall ( trukiga kinnitamine))<\/p>\n<p>Lining: 95% cotton 5% elastane<\/p>\n<p>\u00d6ko-tex 100<\/p>\n<p><strong>NB! Depending on the screen, the colour may actually be a little brighter or lighter than the in the picture<\/strong><\/p>","protected":false},"featured_media":6809,"comment_status":"open","ping_status":"closed","template":"","meta":[],"product_brand":[],"product_cat":[79],"product_tag":[76,78,77],"giftcard-category":[],"class_list":{"0":"post-1104","1":"product","2":"type-product","3":"status-publish","4":"has-post-thumbnail","6":"product_cat-nukud","7":"product_tag-beebiriided","8":"product_tag-kindad-beebile","9":"product_tag-ommeldud-beebikindad","11":"first","12":"instock","13":"shipping-taxable","14":"purchasable","15":"product-type-simple"},"jetpack_sharing_enabled":true,"_links":{"self":[{"href":"https:\/\/katsyshop.com\/en\/wp-json\/wp\/v2\/product\/1104","targetHints":{"allow":["GET"]}}],"collection":[{"href":"https:\/\/katsyshop.com\/en\/wp-json\/wp\/v2\/product"}],"about":[{"href":"https:\/\/katsyshop.com\/en\/wp-json\/wp\/v2\/types\/product"}],"replies":[{"embeddable":true,"href":"https:\/\/katsyshop.com\/en\/wp-json\/wp\/v2\/comments?post=1104"}],"wp:featuredmedia":[{"embeddable":true,"href":"https:\/\/katsyshop.com\/en\/wp-json\/wp\/v2\/media\/6809"}],"wp:attachment":[{"href":"https:\/\/katsyshop.com\/en\/wp-json\/wp\/v2\/media?parent=1104"}],"wp:term":[{"taxonomy":"product_brand","embeddable":true,"href":"https:\/\/katsyshop.com\/en\/wp-json\/wp\/v2\/product_brand?post=1104"},{"taxonomy":"product_cat","embeddable":true,"href":"https:\/\/katsyshop.com\/en\/wp-json\/wp\/v2\/product_cat?post=1104"},{"taxonomy":"product_tag","embeddable":true,"href":"https:\/\/katsyshop.com\/en\/wp-json\/wp\/v2\/product_tag?post=1104"},{"taxonomy":"giftcard-category","embeddable":true,"href":"https:\/\/katsyshop.com\/en\/wp-json\/wp\/v2\/giftcard-category?post=1104"}],"curies":[{"name":"wp","href":"https:\/\/api.w.org\/{rel}","templated":true}]}}