{"id":1212,"date":"2021-09-16T17:08:02","date_gmt":"2021-09-16T14:08:02","guid":{"rendered":"https:\/\/katsyshop.com\/?post_type=product&#038;p=1212"},"modified":"2025-10-05T11:37:54","modified_gmt":"2025-10-05T09:37:54","slug":"beebitekk","status":"publish","type":"product","link":"https:\/\/katsyshop.com\/en\/product\/beebitekk\/","title":{"rendered":"Baby blanket"},"content":{"rendered":"<p><strong>Toode on ettetellimisega. Valmimise aeg kuni 2 n\u00e4dal. Soovitud l\u00f5nga v\u00e4rvikoodi saate kirjutada kassa lehel m\u00e4rkuste lahtrisse!\u00a0<\/strong><\/p>\n<p><strong>L\u00f5nga v\u00e4rvi saate valida : <a href=\"https:\/\/katsyshop.com\/en\/product-category\/longad\/drops-baby-merino\/\">Yarn<\/a><\/strong><\/p>\n<p><b>Baby blanket-\u00a0<\/b>light and warm. Crocheted lace adds luxury to the blanket.<\/p>\n<p class=\"translation-block\">The blanket is suitable for use in a pram and also in a room\nBoth sides of the deck are patterned<\/p>\n<p>With warmer winter weather, the baby is also warm in a single-deck pram.<\/p>\n<p>Material: 100% meriino\/ Drops Baby Merino<\/p>\n<p>&nbsp;<\/p>\n<p>Measures about: 75,5 x 90 cm<\/p>","protected":false},"excerpt":{"rendered":"<p><strong>Toode on ettetellimisega. Valmimise aeg kuni 2 n\u00e4dal. Soovitud l\u00f5nga v\u00e4rvikoodi ja tikandi soovi korral nime saate kirjutada kassa lehel m\u00e4rkuste lahtrisse!\u00a0<\/strong><\/p>\n<p><strong>You can choose the colour of the yarn from: <a href=\"https:\/\/katsyshop.com\/en\/product-category\/longad\/drops-baby-merino\/\" rel=\"noopener\">Yarn<\/a><\/strong><\/p>\n<p>Material: 100% meriino\/ Drops Baby Merino<\/p>\n<p>Measures about: 75,5 x 90 cm<\/p>\n<p class=\"translation-block\"><strong>See:\u00a0<a href=\"https:\/\/katsyshop.com\/en\/tikandi-naidised\/\" target=\"_self\">Embroidery examples<\/a><\/strong><\/p>\n<p>&nbsp;<\/p>","protected":false},"featured_media":523,"comment_status":"open","ping_status":"closed","template":"","meta":[],"product_brand":[],"product_cat":[84],"product_tag":[17,20,21,18,19,26],"giftcard-category":[],"class_list":{"0":"post-1212","1":"product","2":"type-product","3":"status-publish","4":"has-post-thumbnail","6":"product_cat-tellimine","7":"product_tag-beebitekid","8":"product_tag-kasitoona-valminud-soojad-tekid-beebile","9":"product_tag-katsikukingitused","10":"product_tag-kootud-beebitekid","11":"product_tag-meriinovillased-beebitekid","12":"product_tag-soojad-beebitekid","14":"first","15":"onbackorder","16":"sale","17":"shipping-taxable","18":"purchasable","19":"product-type-variable"},"jetpack_sharing_enabled":true,"_links":{"self":[{"href":"https:\/\/katsyshop.com\/en\/wp-json\/wp\/v2\/product\/1212","targetHints":{"allow":["GET"]}}],"collection":[{"href":"https:\/\/katsyshop.com\/en\/wp-json\/wp\/v2\/product"}],"about":[{"href":"https:\/\/katsyshop.com\/en\/wp-json\/wp\/v2\/types\/product"}],"replies":[{"embeddable":true,"href":"https:\/\/katsyshop.com\/en\/wp-json\/wp\/v2\/comments?post=1212"}],"wp:featuredmedia":[{"embeddable":true,"href":"https:\/\/katsyshop.com\/en\/wp-json\/wp\/v2\/media\/523"}],"wp:attachment":[{"href":"https:\/\/katsyshop.com\/en\/wp-json\/wp\/v2\/media?parent=1212"}],"wp:term":[{"taxonomy":"product_brand","embeddable":true,"href":"https:\/\/katsyshop.com\/en\/wp-json\/wp\/v2\/product_brand?post=1212"},{"taxonomy":"product_cat","embeddable":true,"href":"https:\/\/katsyshop.com\/en\/wp-json\/wp\/v2\/product_cat?post=1212"},{"taxonomy":"product_tag","embeddable":true,"href":"https:\/\/katsyshop.com\/en\/wp-json\/wp\/v2\/product_tag?post=1212"},{"taxonomy":"giftcard-category","embeddable":true,"href":"https:\/\/katsyshop.com\/en\/wp-json\/wp\/v2\/giftcard-category?post=1212"}],"curies":[{"name":"wp","href":"https:\/\/api.w.org\/{rel}","templated":true}]}}