{"id":1931,"date":"2022-06-20T21:23:40","date_gmt":"2022-06-20T19:23:40","guid":{"rendered":"https:\/\/katsyshop.com\/?post_type=product&#038;p=1931"},"modified":"2025-10-05T11:37:04","modified_gmt":"2025-10-05T09:37:04","slug":"beebitudruku-pluus-ja-retuusid-3-6-kuud","status":"publish","type":"product","link":"https:\/\/katsyshop.com\/en\/product\/beebitudruku-pluus-ja-retuusid-3-6-kuud\/","title":{"rendered":"Beebit\u00fcdruku pluus ja retuusid 3-6 kuud"},"content":{"rendered":"<p>Tooted on UUED!<\/p>\n<p>100% puuvillane trikotaaz<\/p>\n<p>Suurus sees 3-6 kuud ( 68)<\/p>\n<p>Pluusi \u00fcldpikkus \u00f5last: umbes 31,5 cm<\/p>\n<p>P\u00fckstel on v\u00e4rvlis kumm<\/p>\n<p>Leg length: 19 cm<\/p>\n<p>P\u00fckste \u00fcldpikkus umbes 32 cm<\/p>\n<p>Kummiga v\u00e4rvli \u00fcmberm\u00f5\u00f5t venitamata umbes 39 cm<\/p>\n<p>&nbsp;<\/p>\n<p><strong>NB! Toon v\u00f5ib reaalselt kergelt ekraanil olevast erineda <\/strong><\/p>","protected":false},"excerpt":{"rendered":"<p>Tooted on UUED!<\/p>\n<p>100% puuvillane trikotaaz<\/p>\n<p>Suurus sees 3-6 kuud ( 68)<\/p>\n<p>Pluusi \u00fcldpikkus \u00f5last: umbes 31,5 cm<\/p>\n<p>P\u00fckstel on v\u00e4rvlis kumm<\/p>\n<p>Leg length: 19 cm<\/p>\n<p>P\u00fckste \u00fcldpikkus umbes 32 cm<\/p>\n<p>Kummiga v\u00e4rvli \u00fcmberm\u00f5\u00f5t venitamata umbes 39 cm<\/p>\n<p>&nbsp;<\/p>\n<p><strong>NB! Toon v\u00f5ib reaalselt kergelt ekraanil olevast erineda<\/strong><\/p>","protected":false},"featured_media":1932,"comment_status":"open","ping_status":"closed","template":"","meta":[],"product_brand":[],"product_cat":[127],"product_tag":[],"giftcard-category":[],"class_list":{"0":"post-1931","1":"product","2":"type-product","3":"status-publish","4":"has-post-thumbnail","6":"product_cat-muud-laste-riided","8":"first","9":"instock","10":"sale","11":"shipping-taxable","12":"purchasable","13":"product-type-simple"},"jetpack_sharing_enabled":true,"_links":{"self":[{"href":"https:\/\/katsyshop.com\/en\/wp-json\/wp\/v2\/product\/1931","targetHints":{"allow":["GET"]}}],"collection":[{"href":"https:\/\/katsyshop.com\/en\/wp-json\/wp\/v2\/product"}],"about":[{"href":"https:\/\/katsyshop.com\/en\/wp-json\/wp\/v2\/types\/product"}],"replies":[{"embeddable":true,"href":"https:\/\/katsyshop.com\/en\/wp-json\/wp\/v2\/comments?post=1931"}],"wp:featuredmedia":[{"embeddable":true,"href":"https:\/\/katsyshop.com\/en\/wp-json\/wp\/v2\/media\/1932"}],"wp:attachment":[{"href":"https:\/\/katsyshop.com\/en\/wp-json\/wp\/v2\/media?parent=1931"}],"wp:term":[{"taxonomy":"product_brand","embeddable":true,"href":"https:\/\/katsyshop.com\/en\/wp-json\/wp\/v2\/product_brand?post=1931"},{"taxonomy":"product_cat","embeddable":true,"href":"https:\/\/katsyshop.com\/en\/wp-json\/wp\/v2\/product_cat?post=1931"},{"taxonomy":"product_tag","embeddable":true,"href":"https:\/\/katsyshop.com\/en\/wp-json\/wp\/v2\/product_tag?post=1931"},{"taxonomy":"giftcard-category","embeddable":true,"href":"https:\/\/katsyshop.com\/en\/wp-json\/wp\/v2\/giftcard-category?post=1931"}],"curies":[{"name":"wp","href":"https:\/\/api.w.org\/{rel}","templated":true}]}}