{"id":2092,"date":"2022-07-31T16:01:13","date_gmt":"2022-07-31T14:01:13","guid":{"rendered":"https:\/\/katsyshop.com\/?post_type=product&#038;p=2092"},"modified":"2025-10-05T19:02:12","modified_gmt":"2025-10-05T17:02:12","slug":"valgroosa-papud-erinevad-suurused","status":"publish","type":"product","link":"https:\/\/katsyshop.com\/en\/product\/valgroosa-papud-erinevad-suurused\/","title":{"rendered":"Pink-white knitted baby booty ombre"},"content":{"rendered":"<p>&nbsp;<\/p>\n<p><b>Booties<\/b><br \/>\nKnitted from 100% merino<br \/>\nWhite- pink<br \/>\nSole 9 cm ( 0-3 month)<\/p>\n<p>Sole length 10 cm ( 3-6 months)<\/p>\n<div class=\"elementor-element elementor-element-e21f715 elementor-column elementor-col-50 elementor-top-column\" data-id=\"e21f715\" data-element_type=\"column\">\n<div class=\"elementor-column-wrap elementor-element-populated\">\n<div class=\"elementor-widget-wrap\">\n<div class=\"elementor-element elementor-element-91cfc70 elementor-widget elementor-widget-woocommerce-product-data-tabs\" data-id=\"91cfc70\" data-element_type=\"widget\" data-widget_type=\"woocommerce-product-data-tabs.default\">\n<div class=\"elementor-widget-container\">\n<div class=\"woocommerce-tabs wc-tabs-wrapper\">\n<div id=\"tab-description\" class=\"woocommerce-Tabs-panel woocommerce-Tabs-panel--description panel entry-content wc-tab\" role=\"tabpanel\" aria-labelledby=\"tab-title-description\">\n<p>Wash in water up to 30 degrees, dry on a flat surface.<\/p>\n<\/div>\n<\/div>\n<\/div>\n<\/div>\n<\/div>\n<\/div>\n<\/div>\n<p><strong>NB! The colour  may differ slightly from what is on the screen<\/strong><\/p>","protected":false},"excerpt":{"rendered":"<p>\ud83d\udc96 <strong>Hellust igasse pisikesse sammu!<\/strong> \ud83d\udc96 Meie imearmsad k\u00e4sit\u00f6\u00f6na kootud beebipapud hoiavad sinu pisikesed jalakesed m\u00f5nusalt soojas ja hoitud. Ideaalne valik igap\u00e4evaseks jalga panemiseks v\u00f5i armsaks kingituseks vasts\u00fcndinule. Valmistatud hoole ja armastusega!<\/p>\n<p>100% merino (Knitted from double Baby Merino yarn)<\/p>\n<p>White- pink<br \/>\nSole 9 cm ( 0-3 month)<\/p>\n<p>Sole length 10 cm ( 3-6 months)<\/p>\n<p>Wash in water up to 30 degrees, dry on a flat surface.<\/p>\n<p><b>NB! In reality, the color may be a little brighter than on the screen!<\/b><\/p>\n<p>&nbsp;<\/p>","protected":false},"featured_media":2108,"comment_status":"open","ping_status":"closed","template":"","meta":[],"product_brand":[],"product_cat":[28],"product_tag":[1128,1152,1153,1157,1158,1156,30,35,34,29,1154,31,1155,32,36,33],"giftcard-category":[],"class_list":{"0":"post-2092","1":"product","2":"type-product","3":"status-publish","4":"has-post-thumbnail","6":"product_cat-booty","7":"product_tag-beebile","8":"product_tag-beebipapud","9":"product_tag-kasitoo","10":"product_tag-katikuks","11":"product_tag-katsyshop","12":"product_tag-kingiidee","13":"product_tag-kootud-papud","14":"product_tag-meriinovillane","15":"product_tag-meriinovillased-sokid-titale","16":"product_tag-papud-beebile","17":"product_tag-pehmus","18":"product_tag-soojad-papud","19":"product_tag-soojus","20":"product_tag-tita-papud","21":"product_tag-tita-villased-papud","22":"product_tag-vastsundinule-jalga","24":"first","25":"instock","26":"shipping-taxable","27":"purchasable","28":"product-type-variable"},"jetpack_sharing_enabled":true,"_links":{"self":[{"href":"https:\/\/katsyshop.com\/en\/wp-json\/wp\/v2\/product\/2092","targetHints":{"allow":["GET"]}}],"collection":[{"href":"https:\/\/katsyshop.com\/en\/wp-json\/wp\/v2\/product"}],"about":[{"href":"https:\/\/katsyshop.com\/en\/wp-json\/wp\/v2\/types\/product"}],"replies":[{"embeddable":true,"href":"https:\/\/katsyshop.com\/en\/wp-json\/wp\/v2\/comments?post=2092"}],"wp:featuredmedia":[{"embeddable":true,"href":"https:\/\/katsyshop.com\/en\/wp-json\/wp\/v2\/media\/2108"}],"wp:attachment":[{"href":"https:\/\/katsyshop.com\/en\/wp-json\/wp\/v2\/media?parent=2092"}],"wp:term":[{"taxonomy":"product_brand","embeddable":true,"href":"https:\/\/katsyshop.com\/en\/wp-json\/wp\/v2\/product_brand?post=2092"},{"taxonomy":"product_cat","embeddable":true,"href":"https:\/\/katsyshop.com\/en\/wp-json\/wp\/v2\/product_cat?post=2092"},{"taxonomy":"product_tag","embeddable":true,"href":"https:\/\/katsyshop.com\/en\/wp-json\/wp\/v2\/product_tag?post=2092"},{"taxonomy":"giftcard-category","embeddable":true,"href":"https:\/\/katsyshop.com\/en\/wp-json\/wp\/v2\/giftcard-category?post=2092"}],"curies":[{"name":"wp","href":"https:\/\/api.w.org\/{rel}","templated":true}]}}