{"id":2249,"date":"2022-09-20T10:00:25","date_gmt":"2022-09-20T08:00:25","guid":{"rendered":"https:\/\/katsyshop.com\/?post_type=product&#038;p=2249"},"modified":"2025-12-22T14:16:19","modified_gmt":"2025-12-22T12:16:19","slug":"drops-big-merino-tumehall-mix-03","status":"publish","type":"product","link":"https:\/\/katsyshop.com\/en\/product\/drops-big-merino-tumehall-mix-03\/","title":{"rendered":"Drops Big Merino tumehall mix 03"},"content":{"rendered":"<p><strong>\u00d5rn masinpesu, max 40\u00b0C \/ \u00e4ra kasuta loputusvahendit \/ kuivata tasapinnal<\/strong><\/p>\n<p>DROPS Big Merino on j\u00e4rg DROPS Merino Extra Fine l\u00f5ngale, kedratud peenest k\u00f5rgekvaliteetsest meriinovillast vabapidamisel olevatelt lammastelt L\u00f5una-Ameerikas.<\/p>\n<p>DROPS Big Merino p\u00f5hilisteks omadusteks on pehmus, kohevus, elastsus ja \u00fchtlane koepind, mist\u00f5ttu sobib eriti h\u00e4sti palmikute ja struktuursete mustrite tegemiseks.<\/p>\n<p>Samuti on l\u00f5ng t\u00f6\u00f6deldud masinpesukindlaks ja on seega ideaalne igap\u00e4evaseks kasutuseks.<\/p>\n<p>L\u00f5ng on kedratud kokku mitmest peenikest niidist, mis annab erilise elastuse. Seet\u00f5ttu on t\u00e4htis j\u00e4lgida koetihedust ja hoida l\u00f5ng pigem rohkem pingul, kui et kududa liiga l\u00f5dvalt, et ese liiga suureks ei veniks. \u00c4rge peske eset liiga kuuma veega ja mitte loetada. Kuivatada tasapinnale laotatult (laual).<\/p>\n<p>Made in EU<\/p>\n<p>Sellel l\u00f5ngal on Oeko-Tex\u00ae sertifikaat (number 25.3.0110), Standard 100, Klass I. See t\u00e4hendab, et on seda on testitud ja on t\u00e4ielikult keemiavaba ja ohutu kasutada. Klass I on k\u00f5rgeim tase, mis t\u00e4hendab, et seda l\u00f5nga v\u00f5ib kasutada beebir\u00f5ivasteks (vanus 0-3 kuud).<\/p>\n<p>&nbsp;<\/p>\n<p>Mustrid l\u00f5nagale: <a href=\"https:\/\/www.garnstudio.com\/search.php?action=browse&amp;y=102&amp;lang=ee\">Big Merino<\/a><\/p>\n<p>&nbsp;<\/p>","protected":false},"excerpt":{"rendered":"<h3><strong>Content:<\/strong>\u00a0100% vill<\/h3>\n<p><strong>Weight\/length:<\/strong>\u00a050 g = u. 75 meetrit<\/p>\n<p><strong>Recommended needle size:<\/strong>\u00a05 mm<\/p>\n<p>&nbsp;<\/p>\n<p>Partii 47681- 12 tk<\/p>\n<p>Partii 42096- 2 tk<\/p>\n<p>&nbsp;<\/p>\n<p>&nbsp;<\/p>","protected":false},"featured_media":4959,"comment_status":"closed","ping_status":"closed","template":"","meta":[],"product_brand":[],"product_cat":[131,129],"product_tag":[132,133,134,135],"giftcard-category":[],"class_list":{"0":"post-2249","1":"product","2":"type-product","3":"status-publish","4":"has-post-thumbnail","6":"product_cat-drops-big-merino","7":"product_cat-longad","8":"product_tag-big-merino-long-tartus","9":"product_tag-drops-big-merino","10":"product_tag-long-drops-big-merino","11":"product_tag-longad-kudumiseks","13":"first","14":"instock","15":"sale","16":"shipping-taxable","17":"purchasable","18":"product-type-simple"},"jetpack_sharing_enabled":true,"_links":{"self":[{"href":"https:\/\/katsyshop.com\/en\/wp-json\/wp\/v2\/product\/2249","targetHints":{"allow":["GET"]}}],"collection":[{"href":"https:\/\/katsyshop.com\/en\/wp-json\/wp\/v2\/product"}],"about":[{"href":"https:\/\/katsyshop.com\/en\/wp-json\/wp\/v2\/types\/product"}],"replies":[{"embeddable":true,"href":"https:\/\/katsyshop.com\/en\/wp-json\/wp\/v2\/comments?post=2249"}],"wp:featuredmedia":[{"embeddable":true,"href":"https:\/\/katsyshop.com\/en\/wp-json\/wp\/v2\/media\/4959"}],"wp:attachment":[{"href":"https:\/\/katsyshop.com\/en\/wp-json\/wp\/v2\/media?parent=2249"}],"wp:term":[{"taxonomy":"product_brand","embeddable":true,"href":"https:\/\/katsyshop.com\/en\/wp-json\/wp\/v2\/product_brand?post=2249"},{"taxonomy":"product_cat","embeddable":true,"href":"https:\/\/katsyshop.com\/en\/wp-json\/wp\/v2\/product_cat?post=2249"},{"taxonomy":"product_tag","embeddable":true,"href":"https:\/\/katsyshop.com\/en\/wp-json\/wp\/v2\/product_tag?post=2249"},{"taxonomy":"giftcard-category","embeddable":true,"href":"https:\/\/katsyshop.com\/en\/wp-json\/wp\/v2\/giftcard-category?post=2249"}],"curies":[{"name":"wp","href":"https:\/\/api.w.org\/{rel}","templated":true}]}}