{"id":2298,"date":"2022-09-20T12:07:39","date_gmt":"2022-09-20T10:07:39","guid":{"rendered":"https:\/\/katsyshop.com\/?post_type=product&#038;p=2298"},"modified":"2026-01-05T15:27:30","modified_gmt":"2026-01-05T13:27:30","slug":"drops-alaska-naturaalvalge-02","status":"publish","type":"product","link":"https:\/\/katsyshop.com\/en\/product\/drops-alaska-naturaalvalge-02\/","title":{"rendered":"Drops Alaska naturaalvalge 02"},"content":{"rendered":"<p><img loading=\"lazy\" decoding=\"async\" class=\"\" src=\"https:\/\/www.garnstudio.com\/img\/shademap\/Alaska\/wash.svg\" alt=\"yarn wash\" width=\"269\" height=\"41\" \/><\/p>\n<p>K\u00e4sipesu, max 30\u00b0C \/ kuivata tasapinnal \/\u00a0<a href=\"https:\/\/www.garnstudio.com\/felting-tips.php?cid=19\">Feltable<\/a><\/p>\n<p>DROPS Alaska on klassikaliselt kedratud 100 % puhtast t\u00f6\u00f6tlemata uuest villast. T\u00f6\u00f6tlemata villa on ainult pestud ja seda pole enne v\u00e4rvimist t\u00f6\u00f6deldud kemikaalidega. L\u00f5ng on seet\u00f5ttu kvaliteetsem ja hoiab paremini vormi.<\/p>\n<p>DROPS Alaska on kolmekordseks korrutatud l\u00f5ng, \u00fcks DROPSi kollektsiooni klassikutest, sama populaarne t\u00e4nap\u00e4eval, nagu ta oli v\u00e4lja tulles 80-ndatel. Sel sordil on suur valik v\u00e4rve ja palju mustreid naistele, meestele ja lastele ning hulgaliselt aksessuaare.<\/p>\n<p>DROPS Alaskal on ka m\u00f5ned kirjud l\u00f5ngad, mis t\u00e4hendab, et eri v\u00e4rvi villad kraasitakse enne ketramist kokku, mis annab kirju efekti.<\/p>\n<p>Made in EU<\/p>\n<p>Sellel l\u00f5ngal on Oeko-Tex\u00ae sertifikaat (number 25.3.0099), Standard 100, Klass I. See t\u00e4hendab, et on seda on testitud ja on t\u00e4ielikult keemiavaba ja ohutu kasutada. Klass I on k\u00f5rgeim tase, mis t\u00e4hendab, et seda l\u00f5nga v\u00f5ib kasutada beebir\u00f5ivasteks (vanus 0-3 kuud).<\/p>\n<p>&nbsp;<\/p>\n<p><a href=\"https:\/\/www.garnstudio.com\/search.php?action=browse&amp;y=22&amp;lang=ee\" target=\"_blank\" rel=\"noopener noreferrer\">Mustrid l\u00f5ngale Drops Alaska<\/a><\/p>","protected":false},"excerpt":{"rendered":"<h3><strong>Content:<\/strong>\u00a0100% vill<\/h3>\n<p><strong>Weight\/length:<\/strong>\u00a050 g = u. 70 meetrit<\/p>\n<p><strong>Recommended needle size:<\/strong>\u00a05 mm<\/p>\n<h3><\/h3>\n<p>&nbsp;<\/p>\n<p>&nbsp;<\/p>\n<p>&nbsp;<\/p>","protected":false},"featured_media":4491,"comment_status":"open","ping_status":"closed","template":"","meta":[],"product_brand":[],"product_cat":[147,129],"product_tag":[148,149,150,151,152,153,154,155,156,157,158],"giftcard-category":[],"class_list":{"0":"post-2298","1":"product","2":"type-product","3":"status-publish","4":"has-post-thumbnail","6":"product_cat-drops-alaska","7":"product_cat-longad","8":"product_tag-alaska-long","9":"product_tag-alaska-villane-long","10":"product_tag-drops-alaska","11":"product_tag-drops-alaska-long-tartus","12":"product_tag-dropsi-longad","13":"product_tag-dropsi-longade-muujad-tartus","14":"product_tag-kvaliteetne-long","15":"product_tag-longad-viltimiseks","16":"product_tag-tartu-long","17":"product_tag-villased-longad","18":"product_tag-wool","20":"first","21":"instock","22":"sale","23":"shipping-taxable","24":"purchasable","25":"product-type-simple"},"jetpack_sharing_enabled":true,"_links":{"self":[{"href":"https:\/\/katsyshop.com\/en\/wp-json\/wp\/v2\/product\/2298","targetHints":{"allow":["GET"]}}],"collection":[{"href":"https:\/\/katsyshop.com\/en\/wp-json\/wp\/v2\/product"}],"about":[{"href":"https:\/\/katsyshop.com\/en\/wp-json\/wp\/v2\/types\/product"}],"replies":[{"embeddable":true,"href":"https:\/\/katsyshop.com\/en\/wp-json\/wp\/v2\/comments?post=2298"}],"wp:featuredmedia":[{"embeddable":true,"href":"https:\/\/katsyshop.com\/en\/wp-json\/wp\/v2\/media\/4491"}],"wp:attachment":[{"href":"https:\/\/katsyshop.com\/en\/wp-json\/wp\/v2\/media?parent=2298"}],"wp:term":[{"taxonomy":"product_brand","embeddable":true,"href":"https:\/\/katsyshop.com\/en\/wp-json\/wp\/v2\/product_brand?post=2298"},{"taxonomy":"product_cat","embeddable":true,"href":"https:\/\/katsyshop.com\/en\/wp-json\/wp\/v2\/product_cat?post=2298"},{"taxonomy":"product_tag","embeddable":true,"href":"https:\/\/katsyshop.com\/en\/wp-json\/wp\/v2\/product_tag?post=2298"},{"taxonomy":"giftcard-category","embeddable":true,"href":"https:\/\/katsyshop.com\/en\/wp-json\/wp\/v2\/giftcard-category?post=2298"}],"curies":[{"name":"wp","href":"https:\/\/api.w.org\/{rel}","templated":true}]}}