{"id":2387,"date":"2022-09-20T12:35:01","date_gmt":"2022-09-20T10:35:01","guid":{"rendered":"https:\/\/katsyshop.com\/?post_type=product&#038;p=2387"},"modified":"2026-01-28T10:41:18","modified_gmt":"2026-01-28T08:41:18","slug":"drops-loves-you-7-hele-turkiis-uni-19","status":"publish","type":"product","link":"https:\/\/katsyshop.com\/en\/product\/drops-loves-you-7-hele-turkiis-uni-19\/","title":{"rendered":"DROPS Loves You 7 hele t\u00fcrkiis uni 19"},"content":{"rendered":"<div class=\"row\">\n<div class=\"col-xs-12 yarn-intro\">\n<p>Machine wash on gentle cycle 40\u00b0C \/ Dry Flat<\/p>\n<p>DROPS \u2665 You # 7 on klassikaline 8\/4, puhtast puuvillast l\u00f5ng, mis sobib suurep\u00e4raselt v\u00e4rvidega m\u00e4ngimiseks! Saadaval 38 v\u00e4rvitoonis, mida saab kombineerida mitmel erineval moel &#8211; see l\u00f5ng on nii soodne, et see on parim valik suurteks projektideks nagu tekid, padjakatted jne!<\/p>\n<p>Hea ka paljudeks muudeks projektideks nagu suver\u00f5ivad, aksessuaarid ja armsad heegeldatud m\u00e4nguasjad. See uus DROPS \u2665 You l\u00f5ng on masinaga pestav, mis t\u00e4hendab, et see on suurep\u00e4rane igap\u00e4evaseks kasutamiseks ning loomulikult lasteriieteks!<\/p>\n<p>Kuuludes l\u00f5ngagruppi A, on DROPS \u2665 You # 7 l\u00f5nga v\u00f5imalik kasutada sadades mustrites meie veebilehel ning eriti h\u00e4sti sobib DROPS Safran l\u00f5ngale m\u00f5eldud mustritele.<\/p>\n<p>Made in EU<\/p>\n<p>This yarn has an Oeko-Tex\u00ae certification (certificate number 951032), Standard 100, Class I from the Aitex Technical Textile Institute. This means that is has been tested for harmful substances and is considered safe in human-ecological terms. Class I is the highest level, and it means the yarn is suitable for baby articles (ages 0-3).<\/p>\n<\/div>\n<\/div>\n<div class=\"row px\">\n<div class=\"col-xs-12 col-md-12 pattern-yarns\">\n<div class=\"content-panel\"><a href=\"https:\/\/www.garnstudio.com\/search.php?action=browse&amp;y=114&amp;lang=ee\">Patterns for yarn<\/a><\/div>\n<\/div>\n<\/div>","protected":false},"excerpt":{"rendered":"<h3><strong>Content:<\/strong>\u00a0100% Cotton<\/h3>\n<p><strong>Weight\/length:<\/strong>\u00a050 g = u. 170 meetrit<\/p>\n<p><strong>Recommended needle size:<\/strong>\u00a03,5 mm<\/p>\n<p>&nbsp;<\/p>\n<p>&nbsp;<\/p>\n<p>&nbsp;<\/p>","protected":false},"featured_media":2418,"comment_status":"closed","ping_status":"closed","template":"","meta":[],"product_brand":[],"product_cat":[189,129],"product_tag":[190,191,192,193,194,195,196,197],"giftcard-category":[],"class_list":{"0":"post-2387","1":"product","2":"type-product","3":"status-publish","4":"has-post-thumbnail","6":"product_cat-drops-loves-you-7","7":"product_cat-longad","8":"product_tag-drops-garn","9":"product_tag-drops-loves-you-7-puuvillane-long","10":"product_tag-drops-yarn","11":"product_tag-dropsi-longad-tartus","12":"product_tag-dropsi-puuvillased-longad","13":"product_tag-longamuuk-tartus","14":"product_tag-puuvillased-longad-tartus","15":"product_tag-tartu-longapoed","17":"first","18":"outofstock","19":"shipping-taxable","20":"purchasable","21":"product-type-simple"},"jetpack_sharing_enabled":true,"_links":{"self":[{"href":"https:\/\/katsyshop.com\/en\/wp-json\/wp\/v2\/product\/2387","targetHints":{"allow":["GET"]}}],"collection":[{"href":"https:\/\/katsyshop.com\/en\/wp-json\/wp\/v2\/product"}],"about":[{"href":"https:\/\/katsyshop.com\/en\/wp-json\/wp\/v2\/types\/product"}],"replies":[{"embeddable":true,"href":"https:\/\/katsyshop.com\/en\/wp-json\/wp\/v2\/comments?post=2387"}],"wp:featuredmedia":[{"embeddable":true,"href":"https:\/\/katsyshop.com\/en\/wp-json\/wp\/v2\/media\/2418"}],"wp:attachment":[{"href":"https:\/\/katsyshop.com\/en\/wp-json\/wp\/v2\/media?parent=2387"}],"wp:term":[{"taxonomy":"product_brand","embeddable":true,"href":"https:\/\/katsyshop.com\/en\/wp-json\/wp\/v2\/product_brand?post=2387"},{"taxonomy":"product_cat","embeddable":true,"href":"https:\/\/katsyshop.com\/en\/wp-json\/wp\/v2\/product_cat?post=2387"},{"taxonomy":"product_tag","embeddable":true,"href":"https:\/\/katsyshop.com\/en\/wp-json\/wp\/v2\/product_tag?post=2387"},{"taxonomy":"giftcard-category","embeddable":true,"href":"https:\/\/katsyshop.com\/en\/wp-json\/wp\/v2\/giftcard-category?post=2387"}],"curies":[{"name":"wp","href":"https:\/\/api.w.org\/{rel}","templated":true}]}}