{"id":2498,"date":"2022-09-20T13:38:21","date_gmt":"2022-09-20T11:38:21","guid":{"rendered":"https:\/\/katsyshop.com\/?post_type=product&#038;p=2498"},"modified":"2026-04-06T09:37:14","modified_gmt":"2026-04-06T07:37:14","slug":"drops-safran-naturaalvalge-uni-18","status":"publish","type":"product","link":"https:\/\/katsyshop.com\/en\/product\/drops-safran-naturaalvalge-uni-18\/","title":{"rendered":"Drops Safran naturaalvalge uni 18"},"content":{"rendered":"<p>\u00d5rn masinpesu, max 40\u00b0C \/ kuivata tasapinnal<\/p>\n<p>DROPS Safran on k\u00f5rge kvaliteediga Egiptuse puuvillane, mis on pehme, vastupidav ja j\u00e4tab kududes pehme vedrulise tekstuuri. Koosneb paljudest niitidest, mida on mitu korda kokku korrutatud.<\/p>\n<p>DROPS Safran on olnud meie valikus juba v\u00e4ga pikka aega ning v\u00e4ga populaarne tema pehmuse ja v\u00e4rvivaliku t\u00f5ttu. Saab kasutada r\u00f5ivaste tegemiseks igale vanusele, eriti suver\u00f5ivasteks, beebiriieteks ja aksessuaarideks.<\/p>\n<p>Made in EU<\/p>\n<p>Sellel l\u00f5ngal on Oeko-Tex\u00ae sertifikaat (number 951032), Standard 100, Klass I. See t\u00e4hendab, et on seda on testitud ja on t\u00e4ielikult keemiavaba ja ohutu kasutada. Klass I on k\u00f5rgeim tase, mis t\u00e4hendab, et seda l\u00f5nga v\u00f5ib kasutada beebir\u00f5ivasteks (vanus 0-3 kuud).<\/p>\n<p>&nbsp;<\/p>\n<p><a href=\"https:\/\/www.garnstudio.com\/search.php?action=browse&amp;y=3&amp;lang=ee\" target=\"_blank\" rel=\"noopener noreferrer\">Vaata musterid Safranile<\/a><\/p>","protected":false},"excerpt":{"rendered":"<h3><strong>Content:<\/strong>\u00a0100% Cotton<\/h3>\n<p><strong>Weight\/length:<\/strong>\u00a050 g = u. 160 meetrit<\/p>\n<p><strong>Recommended needle size:<\/strong>\u00a03 mm<\/p>\n<p>&nbsp;<\/p>\n<p>&nbsp;<\/p>\n<p>Partii 23111- 20 tk<\/p>\n<h6><\/h6>\n<p>&nbsp;<\/p>","protected":false},"featured_media":2528,"comment_status":"open","ping_status":"closed","template":"","meta":[],"product_brand":[],"product_cat":[129,270],"product_tag":[271,272,273,274,275,276,277,278,279],"giftcard-category":[],"class_list":{"0":"post-2498","1":"product","2":"type-product","3":"status-publish","4":"has-post-thumbnail","6":"product_cat-longad","7":"product_cat-safran-15","8":"product_tag-drops","9":"product_tag-drops-safran-long","10":"product_tag-drops-safran-puuvillane-long","11":"product_tag-drops-safran-tartu","12":"product_tag-kairi-design","13":"product_tag-longad-heegeldamiseks-ja-kudumiseks","14":"product_tag-manguasjade-heegeldamine","15":"product_tag-puuvillased-longad-tartu-poodides","16":"product_tag-safran","18":"first","19":"instock","20":"sale","21":"shipping-taxable","22":"purchasable","23":"product-type-simple"},"jetpack_sharing_enabled":true,"_links":{"self":[{"href":"https:\/\/katsyshop.com\/en\/wp-json\/wp\/v2\/product\/2498","targetHints":{"allow":["GET"]}}],"collection":[{"href":"https:\/\/katsyshop.com\/en\/wp-json\/wp\/v2\/product"}],"about":[{"href":"https:\/\/katsyshop.com\/en\/wp-json\/wp\/v2\/types\/product"}],"replies":[{"embeddable":true,"href":"https:\/\/katsyshop.com\/en\/wp-json\/wp\/v2\/comments?post=2498"}],"wp:featuredmedia":[{"embeddable":true,"href":"https:\/\/katsyshop.com\/en\/wp-json\/wp\/v2\/media\/2528"}],"wp:attachment":[{"href":"https:\/\/katsyshop.com\/en\/wp-json\/wp\/v2\/media?parent=2498"}],"wp:term":[{"taxonomy":"product_brand","embeddable":true,"href":"https:\/\/katsyshop.com\/en\/wp-json\/wp\/v2\/product_brand?post=2498"},{"taxonomy":"product_cat","embeddable":true,"href":"https:\/\/katsyshop.com\/en\/wp-json\/wp\/v2\/product_cat?post=2498"},{"taxonomy":"product_tag","embeddable":true,"href":"https:\/\/katsyshop.com\/en\/wp-json\/wp\/v2\/product_tag?post=2498"},{"taxonomy":"giftcard-category","embeddable":true,"href":"https:\/\/katsyshop.com\/en\/wp-json\/wp\/v2\/giftcard-category?post=2498"}],"curies":[{"name":"wp","href":"https:\/\/api.w.org\/{rel}","templated":true}]}}