{"id":2645,"date":"2022-09-20T14:06:13","date_gmt":"2022-09-20T12:06:13","guid":{"rendered":"https:\/\/katsyshop.com\/?post_type=product&#038;p=2645"},"modified":"2026-04-06T09:35:43","modified_gmt":"2026-04-06T07:35:43","slug":"drops-muskat-mutipruun-uni-24","status":"publish","type":"product","link":"https:\/\/katsyshop.com\/en\/product\/drops-muskat-mutipruun-uni-24\/","title":{"rendered":"Drops Muskat mutipruun uni 24"},"content":{"rendered":"<p>\u00d5rn masinpesu, max 40\u00b0C \/ kuivata tasapinnal<\/p>\n<p>DROPS Muskat on v\u00e4rvikas puuvillane l\u00f5ng, mis on tehtud 100% egiptuse merseeritud puuvillast.<\/p>\n<p>Kedratud kokku paljudest niitidest, on see eriti tugev ja vastupidav. Kauni kerge l\u00e4ikega ja hoiab h\u00e4sti vormi.<\/p>\n<p>J\u00e4llegi \u00fcks klassikalistest l\u00f5ngadest suurep\u00e4rases mustrivalikuga ja juba \u00fcle 25 aasta turul.<\/p>\n<p>Made in EU<\/p>\n<p>Sellel l\u00f5ngal on Oeko-Tex\u00ae sertifikaat (number 951032), Standard 100, Klass I. See t\u00e4hendab, et on seda on testitud ja on t\u00e4ielikult keemiavaba ja ohutu kasutada. Klass I on k\u00f5rgeim tase, mis t\u00e4hendab, et seda l\u00f5nga v\u00f5ib kasutada beebir\u00f5ivasteks (vanus 0-3 kuud).<\/p>\n<p>&nbsp;<\/p>\n<p><a href=\"https:\/\/www.garnstudio.com\/search.php?action=browse&amp;y=18&amp;lang=ee\" target=\"_blank\" rel=\"noopener noreferrer\">Mustrid l\u00f5ngale Drops Muskat<\/a><\/p>","protected":false},"excerpt":{"rendered":"<h3><strong>Content:<\/strong>\u00a0100% Cotton<\/h3>\n<p><strong>Weight\/length:<\/strong>\u00a050 g = u. 100 meetrit<\/p>\n<p><strong>Recommended needle size:<\/strong>\u00a04 mm<\/p>\n<p>&nbsp;<\/p>\n<p>Partii 223- 4 tk<\/p>\n<p>Partii 336- 20 tk<\/p>\n<p>Partii BT 697- 20 tk<\/p>\n<h6><\/h6>","protected":false},"featured_media":7945,"comment_status":"open","ping_status":"closed","template":"","meta":[],"product_brand":[],"product_cat":[129,355],"product_tag":[356,357,358,359,360,361,362,195,363,364,365,366,367,368,369,370],"giftcard-category":[],"class_list":{"0":"post-2645","1":"product","2":"type-product","3":"status-publish","4":"has-post-thumbnail","6":"product_cat-longad","7":"product_cat-muskat-15","8":"product_tag-cotton-yarn","9":"product_tag-cotton-yarn-drops-muskat","10":"product_tag-drops-muskat","11":"product_tag-drops-muskat-long","12":"product_tag-drops-muskat-long-tartus","13":"product_tag-long-heegeldamiseks","14":"product_tag-longamuuk","15":"product_tag-longamuuk-tartus","16":"product_tag-longapoed-tartus","17":"product_tag-puuvillane-dropsi-long","18":"product_tag-puuvillane-long","19":"product_tag-puuvillased-longad-heegeldamiseks","20":"product_tag-puuvillased-longad-kudumiseks","21":"product_tag-puuvillnae-long","22":"product_tag-puuvillne-long-kudumiseks","23":"product_tag-tartu-kasitoopoed","25":"first","26":"instock","27":"sale","28":"shipping-taxable","29":"purchasable","30":"product-type-simple"},"jetpack_sharing_enabled":true,"_links":{"self":[{"href":"https:\/\/katsyshop.com\/en\/wp-json\/wp\/v2\/product\/2645","targetHints":{"allow":["GET"]}}],"collection":[{"href":"https:\/\/katsyshop.com\/en\/wp-json\/wp\/v2\/product"}],"about":[{"href":"https:\/\/katsyshop.com\/en\/wp-json\/wp\/v2\/types\/product"}],"replies":[{"embeddable":true,"href":"https:\/\/katsyshop.com\/en\/wp-json\/wp\/v2\/comments?post=2645"}],"wp:featuredmedia":[{"embeddable":true,"href":"https:\/\/katsyshop.com\/en\/wp-json\/wp\/v2\/media\/7945"}],"wp:attachment":[{"href":"https:\/\/katsyshop.com\/en\/wp-json\/wp\/v2\/media?parent=2645"}],"wp:term":[{"taxonomy":"product_brand","embeddable":true,"href":"https:\/\/katsyshop.com\/en\/wp-json\/wp\/v2\/product_brand?post=2645"},{"taxonomy":"product_cat","embeddable":true,"href":"https:\/\/katsyshop.com\/en\/wp-json\/wp\/v2\/product_cat?post=2645"},{"taxonomy":"product_tag","embeddable":true,"href":"https:\/\/katsyshop.com\/en\/wp-json\/wp\/v2\/product_tag?post=2645"},{"taxonomy":"giftcard-category","embeddable":true,"href":"https:\/\/katsyshop.com\/en\/wp-json\/wp\/v2\/giftcard-category?post=2645"}],"curies":[{"name":"wp","href":"https:\/\/api.w.org\/{rel}","templated":true}]}}