{"id":2772,"date":"2022-09-20T14:09:48","date_gmt":"2022-09-20T12:09:48","guid":{"rendered":"https:\/\/katsyshop.com\/?post_type=product&#038;p=2772"},"modified":"2026-02-02T19:58:45","modified_gmt":"2026-02-02T17:58:45","slug":"drops-paris-kulunud-sinine-recycled-denim-102","status":"publish","type":"product","link":"https:\/\/katsyshop.com\/en\/product\/drops-paris-kulunud-sinine-recycled-denim-102\/","title":{"rendered":"Drops Paris kulunud sinine recycled denim 102"},"content":{"rendered":"<p>Masinpesu 60\u00b0C \/ kuivata tasapinnal<\/p>\n<p>DROPS Paris on 100 % puhas puuvillane, mis on unikaalne taimekiud.<\/p>\n<p>Puuvillakiud &#8220;hingavad&#8221; ja imavad h\u00e4sti niiskust, puuvillased r\u00f5ivad on samaaegselt jahutavad ja soojendavad.<\/p>\n<p>Saadaval paljudes toonides, DROPS Paris on pehme ja kerge k\u00e4sitleda, see l\u00f5ng on v\u00e4ga vastupidav ja ideaalne laster\u00f5ivasteks, interj\u00f6\u00f6risprojektideks jne. Sobib eriti h\u00e4sti tundliku nahaga inimestele, kuna puuvillane l\u00f5ng ei aja s\u00fcgelema.<\/p>\n<p>Made in EU<\/p>\n<p>Sellel l\u00f5ngal on Oeko-Tex\u00ae sertifikaat (number 951032), Standard 100, Klass I. See t\u00e4hendab, et on seda on testitud ja on t\u00e4ielikult keemiavaba ja ohutu kasutada. Klass I on k\u00f5rgeim tase, mis t\u00e4hendab, et seda l\u00f5nga v\u00f5ib kasutada beebir\u00f5ivasteks (vanus 0-3 kuud).<\/p>","protected":false},"excerpt":{"rendered":"<h3><strong>Content:<\/strong>\u00a0100% Cotton<\/h3>\n<p><strong>Weight\/length:<\/strong>\u00a050 g = u. 75 meetrit<\/p>\n<p><strong>Recommended needle size:<\/strong>\u00a05 mm<\/p>\n<p>&nbsp;<\/p>\n<p>&nbsp;<\/p>\n<p>&nbsp;<\/p>\n<p>&nbsp;<\/p>","protected":false},"featured_media":2802,"comment_status":"open","ping_status":"closed","template":"","meta":[],"product_brand":[],"product_cat":[420,129],"product_tag":[421,422,423,424,425,426,427,428,429,366,430,367],"giftcard-category":[],"class_list":{"0":"post-2772","1":"product","2":"type-product","3":"status-publish","4":"has-post-thumbnail","6":"product_cat-drops-paris-15","7":"product_cat-longad","8":"product_tag-drops-paris","9":"product_tag-drops-paris-long","10":"product_tag-drops-paris-puuvillane-long","11":"product_tag-longa-muuk-tartus","12":"product_tag-longad-kudumiseks-ja-heegeldamiseks","13":"product_tag-longad-tartus","14":"product_tag-longamuujad-tartus","15":"product_tag-paris-drops-tartus","16":"product_tag-puuvilla-long","17":"product_tag-puuvillased-longad-heegeldamiseks","18":"product_tag-puuvillased-longad-kasitooks","19":"product_tag-puuvillased-longad-kudumiseks","21":"first","22":"instock","23":"sale","24":"shipping-taxable","25":"purchasable","26":"product-type-simple"},"jetpack_sharing_enabled":true,"_links":{"self":[{"href":"https:\/\/katsyshop.com\/en\/wp-json\/wp\/v2\/product\/2772","targetHints":{"allow":["GET"]}}],"collection":[{"href":"https:\/\/katsyshop.com\/en\/wp-json\/wp\/v2\/product"}],"about":[{"href":"https:\/\/katsyshop.com\/en\/wp-json\/wp\/v2\/types\/product"}],"replies":[{"embeddable":true,"href":"https:\/\/katsyshop.com\/en\/wp-json\/wp\/v2\/comments?post=2772"}],"wp:featuredmedia":[{"embeddable":true,"href":"https:\/\/katsyshop.com\/en\/wp-json\/wp\/v2\/media\/2802"}],"wp:attachment":[{"href":"https:\/\/katsyshop.com\/en\/wp-json\/wp\/v2\/media?parent=2772"}],"wp:term":[{"taxonomy":"product_brand","embeddable":true,"href":"https:\/\/katsyshop.com\/en\/wp-json\/wp\/v2\/product_brand?post=2772"},{"taxonomy":"product_cat","embeddable":true,"href":"https:\/\/katsyshop.com\/en\/wp-json\/wp\/v2\/product_cat?post=2772"},{"taxonomy":"product_tag","embeddable":true,"href":"https:\/\/katsyshop.com\/en\/wp-json\/wp\/v2\/product_tag?post=2772"},{"taxonomy":"giftcard-category","embeddable":true,"href":"https:\/\/katsyshop.com\/en\/wp-json\/wp\/v2\/giftcard-category?post=2772"}],"curies":[{"name":"wp","href":"https:\/\/api.w.org\/{rel}","templated":true}]}}