{"id":3002,"date":"2022-09-20T14:20:59","date_gmt":"2022-09-20T12:20:59","guid":{"rendered":"https:\/\/katsyshop.com\/?post_type=product&#038;p=3002"},"modified":"2025-10-05T12:09:50","modified_gmt":"2025-10-05T10:09:50","slug":"drops-alpaca-posepuna-mix-9026","status":"publish","type":"product","link":"https:\/\/katsyshop.com\/en\/product\/drops-alpaca-posepuna-mix-9026\/","title":{"rendered":"Drops Alpaca p\u00f5sepuna mix 9026"},"content":{"rendered":"<div class=\"row\">\n<div class=\"col-xs-12 yarn-intro\">\n<h3 class=\"ytitle\" style=\"text-align: center;\"><img decoding=\"async\" src=\"http:\/\/www.garnstudio.com\/img\/shademap\/Alpaca\/wash.jpg\" \/><\/h3>\n<div class=\"row\" style=\"text-align: center;\">\n<div class=\"col-xs-12 yarn-intro\">\n<p>K\u00e4sipesu, max 30\u00b0C \/ kuivata tasapinnal \/\u00a0<a href=\"https:\/\/www.garnstudio.com\/felting-tips.php?cid=19\">Feltable<\/a><\/p>\n<p>DROPS Alpaca on m\u00f5nus 100% puhas &#8220;superfine&#8221; alpakatelt saadud l\u00f5ng. Alpaka kiud on t\u00f6\u00f6tlemata, st. neid on vaid pestud ja ei ole enne v\u00e4rvimist kokku puutunud kemikaalidega. See toob v\u00e4lja alpaka parimad looduslikud omadused.<\/p>\n<p>L\u00f5ng on vastupidavuse saavutamiseks kokku kedratud 3 niidist ja saadaval paljudes v\u00e4rvides, erksatest mahedateni. Looduslikes toonides v\u00e4rvimata l\u00f5ngad, looduslikud segud ja kirjud l\u00f5ngad. Viimased on eriv\u00e4rvidest kokku kraasitud enne ketramist, mis annab kirju efekti.<\/p>\n<p>DROPS Alpacale on suur ja mitmekesine mustrikogu. DROPS Alpacast kootud r\u00f5ivad on kerged ja mugavad ning on kena l\u00e4ikega. Samuti on need naha vastas v\u00e4ga pehmed ja m\u00f5nusad.<\/p>\n<p>Made in Peru<\/p>\n<\/div>\n<\/div>\n<div class=\"row px\" style=\"text-align: center;\">\n<div class=\"col-xs-12 col-md-12 pattern-yarns\">\n<div class=\"content-panel\"><\/div>\n<\/div>\n<\/div>\n<\/div>\n<\/div>\n<p style=\"text-align: center;\"><a href=\"https:\/\/www.garnstudio.com\/search.php?action=browse&amp;y=1&amp;lang=ee\" target=\"_blank\" rel=\"noopener noreferrer\">Mustreid Drops Alpacale<\/a><\/p>\n<div class=\"row\">\n<div class=\"col-xs-12 yarn-intro\">\n<p style=\"text-align: center;\">\n<\/div>\n<\/div>","protected":false},"excerpt":{"rendered":"<h3><strong>Content:<\/strong>\u00a0100% Alpaca<\/h3>\n<p><strong>Weight\/length:<\/strong>\u00a050 g = u. 167 meetrit<\/p>\n<p><strong>Recommended needle size:<\/strong> 3 mm<\/p>\n<p>&nbsp;<\/p>\n<p>Partii 7J9292- 20 tk<\/p>\n<p>&nbsp;<\/p>\n<p>&nbsp;<\/p>","protected":false},"featured_media":5246,"comment_status":"open","ping_status":"closed","template":"","meta":[],"product_brand":[],"product_cat":[483,129],"product_tag":[484,485,486,487,152,488,489,370,490],"giftcard-category":[],"class_list":{"0":"post-3002","1":"product","2":"type-product","3":"status-publish","4":"has-post-thumbnail","6":"product_cat-drops-alpaca","7":"product_cat-longad","8":"product_tag-alpaca-long-tartus","9":"product_tag-alpaka-long","10":"product_tag-drops-alpaca","11":"product_tag-drops-alpaka","12":"product_tag-dropsi-longad","13":"product_tag-kasitoopood-tartus","14":"product_tag-longad-kasitooks-tartus","15":"product_tag-tartu-kasitoopoed","16":"product_tag-villased-longad-tartus","17":"pa_drops-alpaca-kaal-pikkus-50-g-u-167-meetrit","18":"pa_drops-alpaca-koostis-100-alpaka","19":"pa_drops-alpaca-longagrupp-a-23-26-silmust-5-ply-sport","20":"pa_drops-alpaca-soovitav-varda-suurus-3-mm","22":"first","23":"instock","24":"sale","25":"shipping-taxable","26":"purchasable","27":"product-type-simple"},"jetpack_sharing_enabled":true,"_links":{"self":[{"href":"https:\/\/katsyshop.com\/en\/wp-json\/wp\/v2\/product\/3002","targetHints":{"allow":["GET"]}}],"collection":[{"href":"https:\/\/katsyshop.com\/en\/wp-json\/wp\/v2\/product"}],"about":[{"href":"https:\/\/katsyshop.com\/en\/wp-json\/wp\/v2\/types\/product"}],"replies":[{"embeddable":true,"href":"https:\/\/katsyshop.com\/en\/wp-json\/wp\/v2\/comments?post=3002"}],"wp:featuredmedia":[{"embeddable":true,"href":"https:\/\/katsyshop.com\/en\/wp-json\/wp\/v2\/media\/5246"}],"wp:attachment":[{"href":"https:\/\/katsyshop.com\/en\/wp-json\/wp\/v2\/media?parent=3002"}],"wp:term":[{"taxonomy":"product_brand","embeddable":true,"href":"https:\/\/katsyshop.com\/en\/wp-json\/wp\/v2\/product_brand?post=3002"},{"taxonomy":"product_cat","embeddable":true,"href":"https:\/\/katsyshop.com\/en\/wp-json\/wp\/v2\/product_cat?post=3002"},{"taxonomy":"product_tag","embeddable":true,"href":"https:\/\/katsyshop.com\/en\/wp-json\/wp\/v2\/product_tag?post=3002"},{"taxonomy":"giftcard-category","embeddable":true,"href":"https:\/\/katsyshop.com\/en\/wp-json\/wp\/v2\/giftcard-category?post=3002"}],"curies":[{"name":"wp","href":"https:\/\/api.w.org\/{rel}","templated":true}]}}