{"id":3041,"date":"2022-09-20T14:24:44","date_gmt":"2022-09-20T12:24:44","guid":{"rendered":"https:\/\/katsyshop.com\/?post_type=product&#038;p=3041"},"modified":"2025-10-05T11:30:44","modified_gmt":"2025-10-05T09:30:44","slug":"drops-babyalpaca-silk-hall-uni-8465","status":"publish","type":"product","link":"https:\/\/katsyshop.com\/en\/product\/drops-babyalpaca-silk-hall-uni-8465\/","title":{"rendered":"DROPS BabyAlpaca Silk hall uni 8465"},"content":{"rendered":"<h1 class=\"yname\">DROPS BabyAlpaca Silk<\/h1>\n<h3 class=\"ytitle\">Imeline segu beebialpakast ja siidist<\/h3>\n<p>&nbsp;<\/p>\n<p><strong>Content:<\/strong>\u00a070% alpaka, 30% siid<\/p>\n<p><strong>Yarn Group:<\/strong>\u00a0<a href=\"https:\/\/www.garnstudio.com\/yarns.php?yarn-group=A&amp;cid=19\">A (23 &#8211; 26 silmust) \/ 5 ply \/ sport<\/a><\/p>\n<p><strong>Weight\/length:<\/strong>\u00a050 g = u. 167 meetrit<\/p>\n<p><strong>Recommended needle size:<\/strong>\u00a03,5 mm<\/p>\n<p><strong>Knitting tension:<\/strong>\u00a010 x 10 cm = 23 s x 30 rida<\/p>\n<p>K\u00e4sipesu, max 30\u00b0C \/ kuivata tasapinnal.<\/p>\n<p>DROPS BabyAlpaca Silk is spun from 3 strands in a combination of the best of two wonderful fibers, being a mix of 70% baby alpaca (for the softness) and 30% mulberry silk (for strength and glossy shine). The yarn fibers are untreated, which means they are only washed and not exposed to any chemical treatment prior to the dyeing. This highlights the fiber\u2019s natural properties, while it also provides a better shape and texture quality.<\/p>\n<p>Drops BabyAlpaca Silk sobib eriti eksklusiivsete beebir\u00f5ivaste tegemiseks. Jahutab, kui \u00f5ues on palav ja soe, kui on k\u00fclm.<\/p>\n<p>Made in Peru<\/p>\n<p>&nbsp;<\/p>\n<p><a href=\"https:\/\/www.garnstudio.com\/search.php?action=browse&amp;y=98&amp;lang=ee\">Mustrid l\u00f5ngale Drops BabyAlpaca Silk<\/a><\/p>","protected":false},"excerpt":{"rendered":"<h2 class=\"yname\">Drops BabyAlpaca Silk<\/h2>\n<h6><strong>Content:<\/strong>\u00a070% alpaka, 30% siid<\/h6>\n<h6><strong>Yarn Group:<\/strong>\u00a0<a href=\"https:\/\/www.garnstudio.com\/yarns.php?yarn-group=A&amp;cid=19\">A (23 &#8211; 26 silmust) \/ 5 ply \/ sport<\/a><\/p>\n<p><strong>Weight\/length:<\/strong>\u00a050 g = u. 167 meetrit<\/p>\n<p><strong>Recommended needle size:<\/strong>\u00a03,5 mm<\/p>\n<p><strong>Knitting tension:<\/strong>\u00a010 x 10 cm = 23 s x 30 rida<\/p>\n<p>K\u00e4sipesu, max 30\u00b0C \/ kuivata tasapinnal.<\/h6>\n<p>&nbsp;<\/p>\n<h6>Kategooriad:\u00a0<a href=\"https:\/\/kairidesign.com\/tootekategooria\/long\">l\u00f5ngad<\/a><\/h6>\n<h6>SKU: BabyAlpaca Silk<\/h6>\n<p>&nbsp;<\/p>","protected":false},"featured_media":3056,"comment_status":"closed","ping_status":"closed","template":"","meta":[],"product_brand":[],"product_cat":[129],"product_tag":[557,558,559,426],"giftcard-category":[],"class_list":{"0":"post-3041","1":"product","2":"type-product","3":"status-publish","4":"has-post-thumbnail","6":"product_cat-longad","7":"product_tag-alpaca-longad-tartus","8":"product_tag-beebilongad","9":"product_tag-drops-babyaalpaca-silk","10":"product_tag-longad-tartus","12":"first","13":"outofstock","14":"sale","15":"shipping-taxable","16":"purchasable","17":"product-type-simple"},"jetpack_sharing_enabled":true,"_links":{"self":[{"href":"https:\/\/katsyshop.com\/en\/wp-json\/wp\/v2\/product\/3041","targetHints":{"allow":["GET"]}}],"collection":[{"href":"https:\/\/katsyshop.com\/en\/wp-json\/wp\/v2\/product"}],"about":[{"href":"https:\/\/katsyshop.com\/en\/wp-json\/wp\/v2\/types\/product"}],"replies":[{"embeddable":true,"href":"https:\/\/katsyshop.com\/en\/wp-json\/wp\/v2\/comments?post=3041"}],"wp:featuredmedia":[{"embeddable":true,"href":"https:\/\/katsyshop.com\/en\/wp-json\/wp\/v2\/media\/3056"}],"wp:attachment":[{"href":"https:\/\/katsyshop.com\/en\/wp-json\/wp\/v2\/media?parent=3041"}],"wp:term":[{"taxonomy":"product_brand","embeddable":true,"href":"https:\/\/katsyshop.com\/en\/wp-json\/wp\/v2\/product_brand?post=3041"},{"taxonomy":"product_cat","embeddable":true,"href":"https:\/\/katsyshop.com\/en\/wp-json\/wp\/v2\/product_cat?post=3041"},{"taxonomy":"product_tag","embeddable":true,"href":"https:\/\/katsyshop.com\/en\/wp-json\/wp\/v2\/product_tag?post=3041"},{"taxonomy":"giftcard-category","embeddable":true,"href":"https:\/\/katsyshop.com\/en\/wp-json\/wp\/v2\/giftcard-category?post=3041"}],"curies":[{"name":"wp","href":"https:\/\/api.w.org\/{rel}","templated":true}]}}