{"id":3063,"date":"2022-09-20T14:26:19","date_gmt":"2022-09-20T12:26:19","guid":{"rendered":"https:\/\/katsyshop.com\/?post_type=product&#038;p=3063"},"modified":"2025-10-05T12:32:22","modified_gmt":"2025-10-05T10:32:22","slug":"drops-andes-beez-mix-0619","status":"publish","type":"product","link":"https:\/\/katsyshop.com\/en\/product\/drops-andes-beez-mix-0619\/","title":{"rendered":"Drops Andes bee\u017e mix 0619"},"content":{"rendered":"<p><img loading=\"lazy\" decoding=\"async\" class=\"\" src=\"https:\/\/www.garnstudio.com\/img\/shademap\/Andes\/wash.svg\" alt=\"yarn wash\" width=\"291\" height=\"44\" \/><\/p>\n<p>K\u00e4sipesu, max 30\u00b0C \/ kuivata tasapinnal. \/\u00a0<a href=\"https:\/\/www.garnstudio.com\/felting-tips.php?cid=19\">Feltable<\/a><\/p>\n<p>DROPS Andes on korrutatud kahekordseks, sisaldades 35% &#8220;superfine&#8221; alpakat ja 65% Peruu m\u00e4gismaade villa. Alpaka annab siidise pinna, samas vill aitab parandada vormihoidvust. L\u00f5ngakiud on t\u00f6\u00f6tlemata, st. nad on vaid pestud ja pole enne v\u00e4rvimist kokku puutunud kemikaalidega. See toob v\u00e4lja l\u00f5nga parimad looduslikud omadused.<\/p>\n<p>DROPS Andes valikus on ka kirjusid l\u00f5ngu, mis on eriv\u00e4rvidest kokku kraasitud enne ketramist, mis annab kirju efekti.<\/p>\n<p>DROPS Andes on suuremate varrastega kergelt kootav l\u00f5ng ning on ka sobiv vanutamiseks. Sobib suurep\u00e4raselt talvisteks esemeteks, aga ka interj\u00f6\u00f6ri.<\/p>\n<p>Made in Peru<\/p>\n<p>&nbsp;<\/p>\n<p><a href=\"https:\/\/www.garnstudio.com\/search.php?action=browse&amp;y=97&amp;lang=ee\">Mustrid Drops Andes l\u00f5ngale<\/a><\/p>","protected":false},"excerpt":{"rendered":"<h3><strong>Content:<\/strong>\u00a065% Wool, 35% Alpaca<\/h3>\n<p><strong>Weight\/length:<\/strong>\u00a0100 g = u. 90 meetrit<\/p>\n<p><strong>Recommended needle size:<\/strong>\u00a09 mm<\/p>\n<h3>Kategooria:<a href=\"https:\/\/katsyshop.com\/en\/product-category\/longad\/\">l\u00f5ngad<\/a><\/h3>\n<p>&nbsp;<\/p>\n<p>&nbsp;<\/p>\n<p>&nbsp;<\/p>\n<p>&nbsp;<\/p>\n<p>&nbsp;<\/p>","protected":false},"featured_media":3085,"comment_status":"closed","ping_status":"closed","template":"","meta":[],"product_brand":[],"product_cat":[577,129],"product_tag":[578,579,580,581,582],"giftcard-category":[],"class_list":{"0":"post-3063","1":"product","2":"type-product","3":"status-publish","4":"has-post-thumbnail","6":"product_cat-drops-andes","7":"product_cat-longad","8":"product_tag-alpaka-longad","9":"product_tag-alpakavillased-longad","10":"product_tag-drops-andes","11":"product_tag-dropsi-longamoojad-tartus","12":"product_tag-tartus-drops-longad","14":"first","15":"instock","16":"sale","17":"shipping-taxable","18":"purchasable","19":"product-type-simple"},"jetpack_sharing_enabled":true,"_links":{"self":[{"href":"https:\/\/katsyshop.com\/en\/wp-json\/wp\/v2\/product\/3063","targetHints":{"allow":["GET"]}}],"collection":[{"href":"https:\/\/katsyshop.com\/en\/wp-json\/wp\/v2\/product"}],"about":[{"href":"https:\/\/katsyshop.com\/en\/wp-json\/wp\/v2\/types\/product"}],"replies":[{"embeddable":true,"href":"https:\/\/katsyshop.com\/en\/wp-json\/wp\/v2\/comments?post=3063"}],"wp:featuredmedia":[{"embeddable":true,"href":"https:\/\/katsyshop.com\/en\/wp-json\/wp\/v2\/media\/3085"}],"wp:attachment":[{"href":"https:\/\/katsyshop.com\/en\/wp-json\/wp\/v2\/media?parent=3063"}],"wp:term":[{"taxonomy":"product_brand","embeddable":true,"href":"https:\/\/katsyshop.com\/en\/wp-json\/wp\/v2\/product_brand?post=3063"},{"taxonomy":"product_cat","embeddable":true,"href":"https:\/\/katsyshop.com\/en\/wp-json\/wp\/v2\/product_cat?post=3063"},{"taxonomy":"product_tag","embeddable":true,"href":"https:\/\/katsyshop.com\/en\/wp-json\/wp\/v2\/product_tag?post=3063"},{"taxonomy":"giftcard-category","embeddable":true,"href":"https:\/\/katsyshop.com\/en\/wp-json\/wp\/v2\/giftcard-category?post=3063"}],"curies":[{"name":"wp","href":"https:\/\/api.w.org\/{rel}","templated":true}]}}