{"id":3202,"date":"2022-09-20T14:34:29","date_gmt":"2022-09-20T12:34:29","guid":{"rendered":"https:\/\/katsyshop.com\/?post_type=product&#038;p=3202"},"modified":"2025-12-29T13:36:28","modified_gmt":"2025-12-29T11:36:28","slug":"drops-nepal-valge-uni-1101","status":"publish","type":"product","link":"https:\/\/katsyshop.com\/en\/product\/drops-nepal-valge-uni-1101\/","title":{"rendered":"Drops Nepal valge uni 1101"},"content":{"rendered":"<p>K\u00e4sipesu, max 30\u00b0C \/ kuivata tasapinnal \/\u00a0<a href=\"https:\/\/www.garnstudio.com\/felting-tips.php?cid=19\">Feltable<\/a><\/p>\n<p>DROPS Nepal on kena, j\u00e4me ja luksuslik l\u00f5ng, koostisega 65% Peruu m\u00e4gismaade villa, 35% &#8220;superfine&#8221; alpakat. Villakiud on t\u00f6\u00f6tlemata, st. nad on vaid pestud ja pole enne v\u00e4rvimist kokku puutunud kemikaalidega. See toob v\u00e4lja l\u00f5nga parimad looduslikud omadused, kus on \u00fchendatud on alpaka pehmus ja villa vormihoidmine.<\/p>\n<p>L\u00f5ng on korrutatud kolmekordseks, mis annab huvitava j\u00e4medakoelise koepinna. DROPS Nepal on kergelt kootav ning sobib ka vanutamiseks. Vanutatud pind j\u00e4\u00e4b \u00fchtlane ja pehme.<\/p>\n<p>DROPS Nepal v\u00e4rvikaardil on ka kirjusid toone, mille puhul eri v\u00e4rvi villad on enne ketramist kokku kraasitud.<\/p>\n<p>Made in Peru<\/p>\n<p>&nbsp;<\/p>\n<p><a href=\"https:\/\/www.garnstudio.com\/search.php?action=browse&amp;y=93&amp;lang=ee\" target=\"_blank\" rel=\"noopener noreferrer\">Mustrid l\u00f5ngale Nepal<\/a><\/p>","protected":false},"excerpt":{"rendered":"<h3><strong>Content:<\/strong>\u00a065% Wool, 35% Alpaca<\/h3>\n<p><strong>Weight\/length:<\/strong>\u00a050 g = u. 75 meetrit<\/p>\n<p><strong>Recommended needle size:<\/strong>\u00a05 mm<\/p>\n<p>&nbsp;<\/p>\n<p>Partii 326394- 7 tk<\/p>\n<p>&nbsp;<\/p>\n<h6><\/h6>","protected":false},"featured_media":3232,"comment_status":"open","ping_status":"closed","template":"","meta":[],"product_brand":[],"product_cat":[652,129],"product_tag":[578,653,654,655,656,657],"giftcard-category":[],"class_list":{"0":"post-3202","1":"product","2":"type-product","3":"status-publish","4":"has-post-thumbnail","6":"product_cat-drops-nepal","7":"product_cat-longad","8":"product_tag-alpaka-longad","9":"product_tag-drops-nepal-long","10":"product_tag-drops-nepal-villane-long-kasitooks","11":"product_tag-heegeldamiseks","12":"product_tag-kudumiseks","13":"product_tag-nepal-long","15":"first","16":"instock","17":"sale","18":"shipping-taxable","19":"purchasable","20":"product-type-simple"},"jetpack_sharing_enabled":true,"_links":{"self":[{"href":"https:\/\/katsyshop.com\/en\/wp-json\/wp\/v2\/product\/3202","targetHints":{"allow":["GET"]}}],"collection":[{"href":"https:\/\/katsyshop.com\/en\/wp-json\/wp\/v2\/product"}],"about":[{"href":"https:\/\/katsyshop.com\/en\/wp-json\/wp\/v2\/types\/product"}],"replies":[{"embeddable":true,"href":"https:\/\/katsyshop.com\/en\/wp-json\/wp\/v2\/comments?post=3202"}],"wp:featuredmedia":[{"embeddable":true,"href":"https:\/\/katsyshop.com\/en\/wp-json\/wp\/v2\/media\/3232"}],"wp:attachment":[{"href":"https:\/\/katsyshop.com\/en\/wp-json\/wp\/v2\/media?parent=3202"}],"wp:term":[{"taxonomy":"product_brand","embeddable":true,"href":"https:\/\/katsyshop.com\/en\/wp-json\/wp\/v2\/product_brand?post=3202"},{"taxonomy":"product_cat","embeddable":true,"href":"https:\/\/katsyshop.com\/en\/wp-json\/wp\/v2\/product_cat?post=3202"},{"taxonomy":"product_tag","embeddable":true,"href":"https:\/\/katsyshop.com\/en\/wp-json\/wp\/v2\/product_tag?post=3202"},{"taxonomy":"giftcard-category","embeddable":true,"href":"https:\/\/katsyshop.com\/en\/wp-json\/wp\/v2\/giftcard-category?post=3202"}],"curies":[{"name":"wp","href":"https:\/\/api.w.org\/{rel}","templated":true}]}}