{"id":3294,"date":"2022-09-20T14:36:39","date_gmt":"2022-09-20T12:36:39","guid":{"rendered":"https:\/\/katsyshop.com\/?post_type=product&#038;p=3294"},"modified":"2026-03-09T10:20:23","modified_gmt":"2026-03-09T08:20:23","slug":"drops-merino-extra-fine-heleroosa-uni-16","status":"publish","type":"product","link":"https:\/\/katsyshop.com\/en\/product\/drops-merino-extra-fine-heleroosa-uni-16\/","title":{"rendered":"Drops Merino Extra Fine heleroosa uni 16"},"content":{"rendered":"<p>\u00d5rn masinpesu, max 40\u00b0C \/ \u00e4ra kasuta loputusvahendit \/ kuivata tasapinnal<\/p>\n<p>DROPS Merino Extra Fine on kedratud peenest k\u00f5rgekvaliteetsest meriinovillast vabapidamisel olevatelt lammastelt L\u00f5una-Ameerikas.<\/p>\n<p>Sobib eriti h\u00e4sti palmikute ja struktuursete mustrite tegemiseks.<\/p>\n<p>Samuti on l\u00f5ng t\u00f6\u00f6deldud masinpesukindlaks ja on seega ideaalne igap\u00e4evaseks kasutuseks.<\/p>\n<p>DROPS Merino Extra Fine&#8217;i on saadaval ka seguv\u00e4rvidena, mis t\u00e4hendab et eri v\u00e4rvi vill on kokku kraasitud juba enne ketramist ja see annab kirju efekti.<\/p>\n<p>L\u00f5ng on kedratud kokku mitmest peenikest niidist, mis annab erilise elastuse. Seet\u00f5ttu on t\u00e4htis j\u00e4lgida koetihedust ja hoida l\u00f5ng pigem rohkem pingul, kui et kududa liiga l\u00f5dvalt, et ese liiga suureks ei veniks. \u00c4rge peske eset liiga kuuma veega ja mitte loetada. Kuivatada tasapinnale laotatult (laual).<\/p>\n<p>Made in EU<\/p>\n<p>Sellel l\u00f5ngal on Oeko-Tex\u00ae sertifikaat (number 25.3.0110), Standard 100, Klass I. See t\u00e4hendab, et on seda on testitud ja on t\u00e4ielikult keemiavaba ja ohutu kasutada. Klass I on k\u00f5rgeim tase, mis t\u00e4hendab, et seda l\u00f5nga v\u00f5ib kasutada beebir\u00f5ivasteks (vanus 0-3 kuud).<\/p>\n<p>&nbsp;<\/p>\n<p><a href=\"https:\/\/www.garnstudio.com\/search.php?action=browse&amp;y=82&amp;lang=ee\" target=\"_blank\" rel=\"noopener noreferrer\">Mustreid Merino Extra Fine l\u00f5ngale<\/a><\/p>","protected":false},"excerpt":{"rendered":"<h3><strong>Content:<\/strong>\u00a0100% vill<\/h3>\n<p><strong>Weight\/length:<\/strong>\u00a050 g = u. 105 meetrit<\/p>\n<p><strong>Recommended needle size:<\/strong>\u00a04 mm<\/p>\n<h3><\/h3>\n<p>&nbsp;<\/p>\n<p>&nbsp;<\/p>\n<p>&nbsp;<\/p>\n<p>&nbsp;<\/p>","protected":false},"featured_media":6207,"comment_status":"open","ping_status":"closed","template":"","meta":[],"product_brand":[],"product_cat":[699,129],"product_tag":[700,701,702,193,275,703,704,705,706,247,707,426,708,709,710,711,158,712],"giftcard-category":[],"class_list":{"0":"post-3294","1":"product","2":"type-product","3":"status-publish","4":"has-post-thumbnail","6":"product_cat-drops-merino-extra-fine","7":"product_cat-longad","8":"product_tag-drops-merino","9":"product_tag-drops-merino-extra-fine-longad-kudumiseks","10":"product_tag-drops-merino-fine-long","11":"product_tag-dropsi-longad-tartus","12":"product_tag-kairi-design","13":"product_tag-kasitoolong","14":"product_tag-kudumislong","15":"product_tag-long","16":"product_tag-longa-e-pood","17":"product_tag-longad","18":"product_tag-longad-e-poes","19":"product_tag-longad-tartus","20":"product_tag-meriinovillased-longad","21":"product_tag-merino","22":"product_tag-merino-extra-fine-drops","23":"product_tag-vill","24":"product_tag-wool","25":"product_tag-yarn","27":"first","28":"instock","29":"sale","30":"shipping-taxable","31":"purchasable","32":"product-type-simple"},"jetpack_sharing_enabled":true,"_links":{"self":[{"href":"https:\/\/katsyshop.com\/en\/wp-json\/wp\/v2\/product\/3294","targetHints":{"allow":["GET"]}}],"collection":[{"href":"https:\/\/katsyshop.com\/en\/wp-json\/wp\/v2\/product"}],"about":[{"href":"https:\/\/katsyshop.com\/en\/wp-json\/wp\/v2\/types\/product"}],"replies":[{"embeddable":true,"href":"https:\/\/katsyshop.com\/en\/wp-json\/wp\/v2\/comments?post=3294"}],"wp:featuredmedia":[{"embeddable":true,"href":"https:\/\/katsyshop.com\/en\/wp-json\/wp\/v2\/media\/6207"}],"wp:attachment":[{"href":"https:\/\/katsyshop.com\/en\/wp-json\/wp\/v2\/media?parent=3294"}],"wp:term":[{"taxonomy":"product_brand","embeddable":true,"href":"https:\/\/katsyshop.com\/en\/wp-json\/wp\/v2\/product_brand?post=3294"},{"taxonomy":"product_cat","embeddable":true,"href":"https:\/\/katsyshop.com\/en\/wp-json\/wp\/v2\/product_cat?post=3294"},{"taxonomy":"product_tag","embeddable":true,"href":"https:\/\/katsyshop.com\/en\/wp-json\/wp\/v2\/product_tag?post=3294"},{"taxonomy":"giftcard-category","embeddable":true,"href":"https:\/\/katsyshop.com\/en\/wp-json\/wp\/v2\/giftcard-category?post=3294"}],"curies":[{"name":"wp","href":"https:\/\/api.w.org\/{rel}","templated":true}]}}