{"id":3403,"date":"2022-09-20T14:39:34","date_gmt":"2022-09-20T12:39:34","guid":{"rendered":"https:\/\/katsyshop.com\/?post_type=product&#038;p=3403"},"modified":"2026-02-17T09:40:06","modified_gmt":"2026-02-17T07:40:06","slug":"drops-baby-merino-lilla-orhidee-mix-39","status":"publish","type":"product","link":"https:\/\/katsyshop.com\/en\/product\/drops-baby-merino-lilla-orhidee-mix-39\/","title":{"rendered":"Drops Baby Merino lilla orhidee mix 39"},"content":{"rendered":"<p><img loading=\"lazy\" decoding=\"async\" class=\"\" src=\"https:\/\/www.garnstudio.com\/img\/shademap\/BabyMerino\/wash.svg\" alt=\"yarn wash\" width=\"344\" height=\"47\" \/><\/p>\n<p>\u00d5rn masinpesu, max 40\u00b0C \/ \u00e4ra kasuta loputusvahendit \/ kuivata tasapinnal<\/p>\n<p>DROPS Baby Merino on kedratud peenest k\u00f5rgekvaliteetsest meriinovillast, mis on p\u00e4rit vabapidamisel olevatelt lammastelt L\u00f5una-Ameerikas. Soe, v\u00e4ga pehme ja mittetorkiv l\u00f5ng on eriti sobiv beebi \u00f5rnale nahale. Samuti on l\u00f5ng t\u00f6\u00f6deldud masinpesukindlaks ja on seega ideaalne igap\u00e4evaseks kasutuseks.<\/p>\n<p>L\u00f5ng on kedratud kokku mitmest peenikest niidist, mis annab erilise elastuse. Seet\u00f5ttu on t\u00e4htis j\u00e4lgida koetihedust ja hoida l\u00f5ng pigem rohkem pingul, kui et kududa liiga l\u00f5dvalt, et ese liiga suureks ei veniks. \u00c4rge peske eset liiga kuuma veega ja \u00e4rge leotage. Kuivatada tasapinnale laotatult (laual).<\/p>\n<p>Silmused j\u00e4\u00e4vad kenasti \u00fchtlased ja muster on h\u00e4sti n\u00e4ha.<\/p>\n<p>Made in EU<\/p>\n<p>Sellel l\u00f5ngal on Oeko-Tex\u00ae sertifikaat (number 25.3.0110), Standard 100, Klass I. See t\u00e4hendab, et on seda on testitud ja on t\u00e4ielikult keemiavaba ja ohutu kasutada. Klass I on k\u00f5rgeim tase, mis t\u00e4hendab, et seda l\u00f5nga v\u00f5ib kasutada beebir\u00f5ivasteks (vanus 0-3 kuud).<\/p>\n<p><a href=\"https:\/\/www.garnstudio.com\/search.php?action=browse&amp;y=91&amp;lang=ee\" target=\"_blank\" rel=\"noopener noreferrer\">Mustrid Drops Baby Merinole<\/a><\/p>","protected":false},"excerpt":{"rendered":"<h3><strong>Content:<\/strong>\u00a0100% vill<\/h3>\n<p><strong>Weight\/length:<\/strong>\u00a050 g = u. 175 meetrit<\/p>\n<p><strong>Recommended needle size:<\/strong>\u00a03 mm<\/p>\n<p>&nbsp;<\/p>\n<p>Partii 56792- 20 tk<\/p>\n<p>&nbsp;<\/p>","protected":false},"featured_media":5352,"comment_status":"open","ping_status":"closed","template":"","meta":[],"product_brand":[],"product_cat":[760,129],"product_tag":[761,558,762,763,239,764,765,424,247,766,767,768,769,770,708,771,772,773,774,775,158,712],"giftcard-category":[],"class_list":{"0":"post-3403","1":"product","2":"type-product","3":"status-publish","4":"has-post-thumbnail","6":"product_cat-drops-baby-merino","7":"product_cat-longad","8":"product_tag-baby-merino","9":"product_tag-beebilongad","10":"product_tag-drops-baby-merino-long-tartu","11":"product_tag-drops-baby-merino-long-tartus","12":"product_tag-drops-longad","13":"product_tag-laste-kudumitele-meriino-longad","14":"product_tag-long-beebile-kudumiseks","15":"product_tag-longa-muuk-tartus","16":"product_tag-longad","17":"product_tag-longad-beebikudumiteks","18":"product_tag-longapoed","19":"product_tag-meriino","20":"product_tag-meriino-beebilong","21":"product_tag-meriino-long","22":"product_tag-meriinovillased-longad","23":"product_tag-merino-beebilong","24":"product_tag-merino-long","25":"product_tag-merino-wool","26":"product_tag-merino-yarn","27":"product_tag-merino-yarn-in-tartu","28":"product_tag-wool","29":"product_tag-yarn","31":"first","32":"instock","33":"sale","34":"shipping-taxable","35":"purchasable","36":"product-type-simple"},"jetpack_sharing_enabled":true,"_links":{"self":[{"href":"https:\/\/katsyshop.com\/en\/wp-json\/wp\/v2\/product\/3403","targetHints":{"allow":["GET"]}}],"collection":[{"href":"https:\/\/katsyshop.com\/en\/wp-json\/wp\/v2\/product"}],"about":[{"href":"https:\/\/katsyshop.com\/en\/wp-json\/wp\/v2\/types\/product"}],"replies":[{"embeddable":true,"href":"https:\/\/katsyshop.com\/en\/wp-json\/wp\/v2\/comments?post=3403"}],"wp:featuredmedia":[{"embeddable":true,"href":"https:\/\/katsyshop.com\/en\/wp-json\/wp\/v2\/media\/5352"}],"wp:attachment":[{"href":"https:\/\/katsyshop.com\/en\/wp-json\/wp\/v2\/media?parent=3403"}],"wp:term":[{"taxonomy":"product_brand","embeddable":true,"href":"https:\/\/katsyshop.com\/en\/wp-json\/wp\/v2\/product_brand?post=3403"},{"taxonomy":"product_cat","embeddable":true,"href":"https:\/\/katsyshop.com\/en\/wp-json\/wp\/v2\/product_cat?post=3403"},{"taxonomy":"product_tag","embeddable":true,"href":"https:\/\/katsyshop.com\/en\/wp-json\/wp\/v2\/product_tag?post=3403"},{"taxonomy":"giftcard-category","embeddable":true,"href":"https:\/\/katsyshop.com\/en\/wp-json\/wp\/v2\/giftcard-category?post=3403"}],"curies":[{"name":"wp","href":"https:\/\/api.w.org\/{rel}","templated":true}]}}