{"id":3482,"date":"2022-09-20T14:42:23","date_gmt":"2022-09-20T12:42:23","guid":{"rendered":"https:\/\/katsyshop.com\/?post_type=product&#038;p=3482"},"modified":"2026-03-31T16:00:24","modified_gmt":"2026-03-31T14:00:24","slug":"drops-cotton-merino-teksasinine-uni-16","status":"publish","type":"product","link":"https:\/\/katsyshop.com\/en\/product\/drops-cotton-merino-teksasinine-uni-16\/","title":{"rendered":"Drops Cotton Merino teksasinine uni 16"},"content":{"rendered":"<p><strong>\u00d5rn masinpesu, max 40\u00b0C \/ \u00e4ra kasuta loputusvahendit \/ kuivata tasapinnal<\/strong><\/p>\n<p>DROPS Cotton Merino on kedratud peenest k\u00f5rgekvaliteetsest meriinovillast ja pehmest peenest puuvillast. Meriino ja puuvilla kiud ei ole kokkukraasitud, niimoodi tulevad v\u00e4rvimise protsessis iga kiu omadused eriti h\u00e4sti v\u00e4lja ning seet\u00f5ttu on v\u00e4rvid erksamad ja l\u00f5ng tekstuursem.<\/p>\n<p>Nagu k\u00f5ik meie meriinol\u00f5ngad, p\u00e4rineb ka see vill vabapidamisel loomadelt L\u00f5una-Ameerikas.<\/p>\n<p>L\u00f5ng koosneb paljudest niitidest, kasutatud on spetsiaalset ketrusmeetodit, mis teeb l\u00f5nga eriti kohevaks ja elastseks ning on eriti sobiv struktuursete mustrite, palmikute ja p\u00e4rlkoe tegemiseks.<\/p>\n<p>Soovitav on kasutada pigem v\u00e4iksemaid vardaid, et saavutada piisavalt tihe koetihedus. \u00c4ra pese liiga kuuma veega, \u00e4ra j\u00e4ta ligunema ning kuivata tasapinnal (\u00e4ra venita).<\/p>\n<p>DROPS Cotton Merinoga on v\u00e4ga m\u00f5nus kududa, tulemuseks on v\u00e4ga mugavad r\u00f5ivad, kus koepind on selgelt m\u00e4\u00e4ratletud ning tulemus on korralik ja \u00fchtlane. L\u00f5ng on pesukindel ja pehme vastu nahka, mist\u00f5ttu on eriti sobiv lastele ja beebidele.<\/p>\n<p>Made in EU<\/p>\n<p>Sellel l\u00f5ngal on Oeko-Tex\u00ae sertifikaat (number 25.3.0016), Standard 100, Klass I. See t\u00e4hendab, et on seda on testitud ja on t\u00e4ielikult keemiavaba ja ohutu kasutada. Klass I on k\u00f5rgeim tase, mis t\u00e4hendab, et seda l\u00f5nga v\u00f5ib kasutada beebir\u00f5ivasteks (vanus 0-3 kuud).<\/p>\n<p>&nbsp;<\/p>\n<p><a href=\"https:\/\/www.garnstudio.com\/search.php?action=browse&amp;y=103&amp;lang=ee\" target=\"_blank\" rel=\"noopener noreferrer\">Mustrid l\u00f5ngale Drops Cotton Merino<\/a><\/p>","protected":false},"excerpt":{"rendered":"<h3><strong>Content:<\/strong>\u00a050% Vill, 50% Puuvill<\/h3>\n<p><strong>Weight\/length:<\/strong>\u00a050 g = approx 110 m<\/p>\n<p><strong>Recommended needle size:<\/strong>\u00a04 mm<\/p>\n<p>&nbsp;<\/p>\n<p>&nbsp;<\/p>\n<p>&nbsp;<\/p>","protected":false},"featured_media":3506,"comment_status":"open","ping_status":"closed","template":"","meta":[],"product_brand":[],"product_cat":[823,129],"product_tag":[824,825,239,826,827,828,246,247,829,250,830],"giftcard-category":[],"class_list":{"0":"post-3482","1":"product","2":"type-product","3":"status-publish","4":"has-post-thumbnail","6":"product_cat-drops-cotton-merino","7":"product_cat-longad","8":"product_tag-cotton-merino","9":"product_tag-drops-cotton-merino","10":"product_tag-drops-longad","11":"product_tag-drops-longade-muuk","12":"product_tag-drops-longade-muuk-tartus","13":"product_tag-drops-longade-tellimine","14":"product_tag-longa-muuk","15":"product_tag-longad","16":"product_tag-longapood-tartus","17":"product_tag-soodsad-longad","18":"product_tag-villane-long","20":"first","21":"instock","22":"sale","23":"shipping-taxable","24":"purchasable","25":"product-type-simple"},"jetpack_sharing_enabled":true,"_links":{"self":[{"href":"https:\/\/katsyshop.com\/en\/wp-json\/wp\/v2\/product\/3482","targetHints":{"allow":["GET"]}}],"collection":[{"href":"https:\/\/katsyshop.com\/en\/wp-json\/wp\/v2\/product"}],"about":[{"href":"https:\/\/katsyshop.com\/en\/wp-json\/wp\/v2\/types\/product"}],"replies":[{"embeddable":true,"href":"https:\/\/katsyshop.com\/en\/wp-json\/wp\/v2\/comments?post=3482"}],"wp:featuredmedia":[{"embeddable":true,"href":"https:\/\/katsyshop.com\/en\/wp-json\/wp\/v2\/media\/3506"}],"wp:attachment":[{"href":"https:\/\/katsyshop.com\/en\/wp-json\/wp\/v2\/media?parent=3482"}],"wp:term":[{"taxonomy":"product_brand","embeddable":true,"href":"https:\/\/katsyshop.com\/en\/wp-json\/wp\/v2\/product_brand?post=3482"},{"taxonomy":"product_cat","embeddable":true,"href":"https:\/\/katsyshop.com\/en\/wp-json\/wp\/v2\/product_cat?post=3482"},{"taxonomy":"product_tag","embeddable":true,"href":"https:\/\/katsyshop.com\/en\/wp-json\/wp\/v2\/product_tag?post=3482"},{"taxonomy":"giftcard-category","embeddable":true,"href":"https:\/\/katsyshop.com\/en\/wp-json\/wp\/v2\/giftcard-category?post=3482"}],"curies":[{"name":"wp","href":"https:\/\/api.w.org\/{rel}","templated":true}]}}