{"id":3719,"date":"2022-11-01T10:12:08","date_gmt":"2022-11-01T08:12:08","guid":{"rendered":"https:\/\/katsyshop.com\/?post_type=product&#038;p=3719"},"modified":"2025-11-24T10:22:37","modified_gmt":"2025-11-24T08:22:37","slug":"drops-puna-must-natural-mix-08","status":"publish","type":"product","link":"https:\/\/katsyshop.com\/en\/product\/drops-puna-must-natural-mix-08\/","title":{"rendered":"Drops Puna s\u00f6ehall natural mix 08"},"content":{"rendered":"<div class=\"row\">\n<div class=\"col-10 col-sm-10 col-md-10\"><\/div>\n<\/div>\n<div class=\"row ypic\">\n<div class=\"col-12\">\n<p>DROPS Puna is a soft, light and beautifully warm yarn made from 100% superfine alpaca that\u2019s perfect for almost any kind of garment and feels wonderful on the skin. Made from 4 threads of superfine alpaca, its fibers are untreated, which means they are only washed and not exposed to any chemical treatment. This highlights the fiber\u2019s natural properties, while it also provides a better shape and texture quality.<\/p>\n<\/div>\n<p>Available in the most beautiful natural colours - this luxurious yet versatile yarn belongs to Yarn Group B, which makes it perfect to use in designs for both DROPS Karisma and DROPS Merino Extra Fine. And whether you knit or crochet with it, the result will be comfortable, light and wonderful to both see and touch. Plus, you can make sure you get very even stitches by giving your garment a simple wash.<br \/>\nNii kootud, kui ka heegeldatud pind, on m\u00f5nus, kerge ja suurep\u00e4rane vaadata ja katsuda! Kude \u00fchtlustub pesus.<\/p>\n<p><strong>Made in:\u00a0<\/strong>Peru<br \/>\n<strong>Raw material origin:<\/strong>\u00a0Alpaca from Peru<\/p>\n<\/div>\n<h3 class=\"my-2\">How do I care for this yarn?<\/h3>\n<div class=\"row yarn-wash-container\">\n<div class=\"col-sm-12 yarn-wash mb-3\"><img loading=\"lazy\" decoding=\"async\" class=\"\" src=\"https:\/\/www.garnstudio.com\/img\/shademap\/Puna\/wash.svg\" alt=\"yarn wash\" width=\"335\" height=\"51\" \/><\/div>\n<\/div>\n<p class=\"my-1\"><strong>Hand Wash, max 30\u00b0C \/ Dry Flat<\/strong><\/p>","protected":false},"excerpt":{"rendered":"<p><strong>Content:<\/strong>\u00a0100% Alpaca<br \/>\n<strong>Weight\/length:<\/strong>\u00a050 g = approx 110 m<br \/>\n<strong>Recommended needle size:<\/strong>\u00a04 mm<br \/>\n<strong>Knitting tension:<\/strong>\u00a010 x 10 cm = 21 sts x 28 rows<\/p>\n<p>&nbsp;<\/p>\n<p>&nbsp;<\/p>\n<p>&nbsp;<\/p>\n<p>&nbsp;<\/p>","protected":false},"featured_media":7379,"comment_status":"open","ping_status":"closed","template":"","meta":[],"product_brand":[],"product_cat":[861],"product_tag":[],"giftcard-category":[],"class_list":{"0":"post-3719","1":"product","2":"type-product","3":"status-publish","4":"has-post-thumbnail","6":"product_cat-drops-puna","8":"first","9":"instock","10":"sale","11":"shipping-taxable","12":"purchasable","13":"product-type-simple"},"jetpack_sharing_enabled":true,"_links":{"self":[{"href":"https:\/\/katsyshop.com\/en\/wp-json\/wp\/v2\/product\/3719","targetHints":{"allow":["GET"]}}],"collection":[{"href":"https:\/\/katsyshop.com\/en\/wp-json\/wp\/v2\/product"}],"about":[{"href":"https:\/\/katsyshop.com\/en\/wp-json\/wp\/v2\/types\/product"}],"replies":[{"embeddable":true,"href":"https:\/\/katsyshop.com\/en\/wp-json\/wp\/v2\/comments?post=3719"}],"wp:featuredmedia":[{"embeddable":true,"href":"https:\/\/katsyshop.com\/en\/wp-json\/wp\/v2\/media\/7379"}],"wp:attachment":[{"href":"https:\/\/katsyshop.com\/en\/wp-json\/wp\/v2\/media?parent=3719"}],"wp:term":[{"taxonomy":"product_brand","embeddable":true,"href":"https:\/\/katsyshop.com\/en\/wp-json\/wp\/v2\/product_brand?post=3719"},{"taxonomy":"product_cat","embeddable":true,"href":"https:\/\/katsyshop.com\/en\/wp-json\/wp\/v2\/product_cat?post=3719"},{"taxonomy":"product_tag","embeddable":true,"href":"https:\/\/katsyshop.com\/en\/wp-json\/wp\/v2\/product_tag?post=3719"},{"taxonomy":"giftcard-category","embeddable":true,"href":"https:\/\/katsyshop.com\/en\/wp-json\/wp\/v2\/giftcard-category?post=3719"}],"curies":[{"name":"wp","href":"https:\/\/api.w.org\/{rel}","templated":true}]}}