{"id":405,"date":"2021-07-31T18:03:46","date_gmt":"2021-07-31T15:03:46","guid":{"rendered":"https:\/\/katsyshop.com\/?post_type=product&#038;p=405"},"modified":"2025-10-05T11:31:18","modified_gmt":"2025-10-05T09:31:18","slug":"beebitekk-cerise","status":"publish","type":"product","link":"https:\/\/katsyshop.com\/en\/product\/beebitekk-cerise\/","title":{"rendered":"Baby blanket\/cerise"},"content":{"rendered":"<p>&nbsp;<\/p>\n<p><b>Baby blanket-\u00a0<\/b>light and warm. Crocheted lace adds luxury to the blanket.<\/p>\n<p class=\"translation-block\">The blanket is suitable for use in a pram and also in a room\nBoth sides of the deck are patterned<\/p>\n<p>With warmer winter weather, the baby is also warm in a single-deck pram.<\/p>\n<p>Material: 100% merino\/ Drops Baby Merino- cerise nr 08<\/p>\n<p>Measures about: 76 x 90 cm<\/p>\n<p><strong>The colour of the blanket may differ slightly from what is on the screen<\/strong><\/p>","protected":false},"excerpt":{"rendered":"<p><img loading=\"lazy\" decoding=\"async\" src=\"https:\/\/static.xx.fbcdn.net\/images\/emoji.php\/v9\/te9\/1\/16\/1f496.png\" alt=\"\ud83d\udc96\" width=\"16\" height=\"16\" \/>Hellust igasse p\u00e4eva!\u00a0<img loading=\"lazy\" decoding=\"async\" src=\"https:\/\/static.xx.fbcdn.net\/images\/emoji.php\/v9\/te9\/1\/16\/1f496.png\" alt=\"\ud83d\udc96\" width=\"16\" height=\"16\" \/><\/p>\n<p>Meie imearmsad k\u00e4sit\u00f6\u00f6na valminud meriinovillased beebitekid ja papud on parimad sinu pisikesele.\u00a0<img loading=\"lazy\" decoding=\"async\" src=\"https:\/\/static.xx.fbcdn.net\/images\/emoji.php\/v9\/tee\/1\/16\/2601.png\" alt=\"\u2601\ufe0f\" width=\"16\" height=\"16\" \/>\u00a0Need on valmistatud 100% armastusega,\u00a0hoiavad beebit pehmelt soojas ja on ideaalne kingitus nii vasts\u00fcndinule kui ka vanematele. Kingi oma beebile hellust!<\/p>\n<figure class=\"wp-block-embed\"><\/figure>\n<figure class=\"wp-block-embed\">\n<div class=\"wp-block-embed__wrapper\"><\/div>\n<\/figure>\n<p>Tartus on v\u00f5imalik tooteid valida aadressil Ilmatsalu tn 5<\/p>\n<p><a href=\"https:\/\/www.facebook.com\/hashtag\/k%C3%A4sit%C3%B6%C3%B6?__eep__=6&amp;__cft__[0]=AZUX5_mdAoab0tBl0XQbqviOfwip7e7QmxBY4QoL6Scsqqi5cuxq6wEzCwlE7VvD4yKWGmtl6h66v0VYSwu_fXxiKgAIbJnGpHoZF9lAPoitoujlOladM4ATKo8C9Tfy9__nzG9gJkzDJB1AXpdq7rOSf4gZsyvCGOX1kdLCv9VQwdUVV_D4iwGQ0JqU-6BR0YbWnw0vJNLN39fxgb4gsuqP&amp;__tn__=*NK-R\">#k\u00e4sit\u00f6\u00f6<\/a><a href=\"https:\/\/www.facebook.com\/hashtag\/meriinovill?__eep__=6&amp;__cft__[0]=AZUX5_mdAoab0tBl0XQbqviOfwip7e7QmxBY4QoL6Scsqqi5cuxq6wEzCwlE7VvD4yKWGmtl6h66v0VYSwu_fXxiKgAIbJnGpHoZF9lAPoitoujlOladM4ATKo8C9Tfy9__nzG9gJkzDJB1AXpdq7rOSf4gZsyvCGOX1kdLCv9VQwdUVV_D4iwGQ0JqU-6BR0YbWnw0vJNLN39fxgb4gsuqP&amp;__tn__=*NK-R\">#meriinovill<\/a><a href=\"https:\/\/www.facebook.com\/hashtag\/beebitekk?__eep__=6&amp;__cft__[0]=AZUX5_mdAoab0tBl0XQbqviOfwip7e7QmxBY4QoL6Scsqqi5cuxq6wEzCwlE7VvD4yKWGmtl6h66v0VYSwu_fXxiKgAIbJnGpHoZF9lAPoitoujlOladM4ATKo8C9Tfy9__nzG9gJkzDJB1AXpdq7rOSf4gZsyvCGOX1kdLCv9VQwdUVV_D4iwGQ0JqU-6BR0YbWnw0vJNLN39fxgb4gsuqP&amp;__tn__=*NK-R\">#beebitekk<\/a><a href=\"https:\/\/www.facebook.com\/hashtag\/papud?__eep__=6&amp;__cft__[0]=AZUX5_mdAoab0tBl0XQbqviOfwip7e7QmxBY4QoL6Scsqqi5cuxq6wEzCwlE7VvD4yKWGmtl6h66v0VYSwu_fXxiKgAIbJnGpHoZF9lAPoitoujlOladM4ATKo8C9Tfy9__nzG9gJkzDJB1AXpdq7rOSf4gZsyvCGOX1kdLCv9VQwdUVV_D4iwGQ0JqU-6BR0YbWnw0vJNLN39fxgb4gsuqP&amp;__tn__=*NK-R\">#papud<\/a><a href=\"https:\/\/www.facebook.com\/hashtag\/beebile?__eep__=6&amp;__cft__[0]=AZUX5_mdAoab0tBl0XQbqviOfwip7e7QmxBY4QoL6Scsqqi5cuxq6wEzCwlE7VvD4yKWGmtl6h66v0VYSwu_fXxiKgAIbJnGpHoZF9lAPoitoujlOladM4ATKo8C9Tfy9__nzG9gJkzDJB1AXpdq7rOSf4gZsyvCGOX1kdLCv9VQwdUVV_D4iwGQ0JqU-6BR0YbWnw0vJNLN39fxgb4gsuqP&amp;__tn__=*NK-R\">#beebile<\/a><a href=\"https:\/\/www.facebook.com\/hashtag\/kingiidee?__eep__=6&amp;__cft__[0]=AZUX5_mdAoab0tBl0XQbqviOfwip7e7QmxBY4QoL6Scsqqi5cuxq6wEzCwlE7VvD4yKWGmtl6h66v0VYSwu_fXxiKgAIbJnGpHoZF9lAPoitoujlOladM4ATKo8C9Tfy9__nzG9gJkzDJB1AXpdq7rOSf4gZsyvCGOX1kdLCv9VQwdUVV_D4iwGQ0JqU-6BR0YbWnw0vJNLN39fxgb4gsuqP&amp;__tn__=*NK-R\">#kingiidee<\/a><a href=\"https:\/\/www.facebook.com\/hashtag\/katsikud?__eep__=6&amp;__cft__[0]=AZUX5_mdAoab0tBl0XQbqviOfwip7e7QmxBY4QoL6Scsqqi5cuxq6wEzCwlE7VvD4yKWGmtl6h66v0VYSwu_fXxiKgAIbJnGpHoZF9lAPoitoujlOladM4ATKo8C9Tfy9__nzG9gJkzDJB1AXpdq7rOSf4gZsyvCGOX1kdLCv9VQwdUVV_D4iwGQ0JqU-6BR0YbWnw0vJNLN39fxgb4gsuqP&amp;__tn__=*NK-R\">#katsikud<\/a><a href=\"https:\/\/www.facebook.com\/hashtag\/madeinestonia?__eep__=6&amp;__cft__[0]=AZUX5_mdAoab0tBl0XQbqviOfwip7e7QmxBY4QoL6Scsqqi5cuxq6wEzCwlE7VvD4yKWGmtl6h66v0VYSwu_fXxiKgAIbJnGpHoZF9lAPoitoujlOladM4ATKo8C9Tfy9__nzG9gJkzDJB1AXpdq7rOSf4gZsyvCGOX1kdLCv9VQwdUVV_D4iwGQ0JqU-6BR0YbWnw0vJNLN39fxgb4gsuqP&amp;__tn__=*NK-R\">#madeinestonia<\/a><\/p>\n<p>Materjal: 100% meriino\/ Drops Baby Merino -erkroosa v 08<\/p>\n<p>M\u00f5\u00f5dud umbes: 76 x 90 cm<\/p>\n<p><strong>NB! Teki toon v\u00f5ib reaalselt kergelt ekraanil olevast erineda\u00a0<\/strong><\/p>\n<p>&nbsp;<\/p>\n<p><strong>Vaata\u00a0<a href=\"https:\/\/katsyshop.com\/tikandi-naidised\/\">Tikandi n\u00e4idiseid<\/a><\/strong><\/p>\n<p>&nbsp;<\/p>\n<p>Tekk on valminud k\u00e4sit\u00f6\u00f6na!<\/p>\n","protected":false},"featured_media":413,"comment_status":"open","ping_status":"closed","template":"","meta":[],"product_brand":[],"product_cat":[27],"product_tag":[1128,17,1160,1153,20,985,21,1156,18,1161,1159,19,26],"giftcard-category":[],"class_list":{"0":"post-405","1":"product","2":"type-product","3":"status-publish","4":"has-post-thumbnail","6":"product_cat-beebitekk","7":"product_tag-beebile","8":"product_tag-beebitekid","9":"product_tag-beebitekk","10":"product_tag-kasitoo","11":"product_tag-kasitoona-valminud-soojad-tekid-beebile","12":"product_tag-katsikud","13":"product_tag-katsikukingitused","14":"product_tag-kingiidee","15":"product_tag-kootud-beebitekid","16":"product_tag-madeinestonia","17":"product_tag-meriinovill","18":"product_tag-meriinovillased-beebitekid","19":"product_tag-soojad-beebitekid","21":"first","22":"instock","23":"shipping-taxable","24":"purchasable","25":"product-type-variable"},"jetpack_sharing_enabled":true,"_links":{"self":[{"href":"https:\/\/katsyshop.com\/en\/wp-json\/wp\/v2\/product\/405","targetHints":{"allow":["GET"]}}],"collection":[{"href":"https:\/\/katsyshop.com\/en\/wp-json\/wp\/v2\/product"}],"about":[{"href":"https:\/\/katsyshop.com\/en\/wp-json\/wp\/v2\/types\/product"}],"replies":[{"embeddable":true,"href":"https:\/\/katsyshop.com\/en\/wp-json\/wp\/v2\/comments?post=405"}],"wp:featuredmedia":[{"embeddable":true,"href":"https:\/\/katsyshop.com\/en\/wp-json\/wp\/v2\/media\/413"}],"wp:attachment":[{"href":"https:\/\/katsyshop.com\/en\/wp-json\/wp\/v2\/media?parent=405"}],"wp:term":[{"taxonomy":"product_brand","embeddable":true,"href":"https:\/\/katsyshop.com\/en\/wp-json\/wp\/v2\/product_brand?post=405"},{"taxonomy":"product_cat","embeddable":true,"href":"https:\/\/katsyshop.com\/en\/wp-json\/wp\/v2\/product_cat?post=405"},{"taxonomy":"product_tag","embeddable":true,"href":"https:\/\/katsyshop.com\/en\/wp-json\/wp\/v2\/product_tag?post=405"},{"taxonomy":"giftcard-category","embeddable":true,"href":"https:\/\/katsyshop.com\/en\/wp-json\/wp\/v2\/giftcard-category?post=405"}],"curies":[{"name":"wp","href":"https:\/\/api.w.org\/{rel}","templated":true}]}}