{"id":4579,"date":"2023-01-15T19:52:08","date_gmt":"2023-01-15T17:52:08","guid":{"rendered":"https:\/\/katsyshop.com\/?post_type=product&#038;p=4579"},"modified":"2025-10-05T11:26:36","modified_gmt":"2025-10-05T09:26:36","slug":"beebinuku-kootud-magamiskott","status":"publish","type":"product","link":"https:\/\/katsyshop.com\/en\/product\/beebinuku-kootud-magamiskott\/","title":{"rendered":"Beebinuku kootud magamiskott ja m\u00fcts"},"content":{"rendered":"<p><strong>Beebinuku kootud magamiskott ja m\u00fcts<\/strong><\/p>\n<p>Sobivad nukule\u00a0 43 cm<\/p>\n<p>Nuku pea\u00fcmberm\u00f5\u00f5t 32 cm<\/p>\n<p>&nbsp;<\/p>\n<p><b>Material:<\/b><\/p>\n<p class=\"western\"><span style=\"font-family: Times New Roman, serif;\">Magamiskott: 80 % akr\u00fc\u00fcl, <span style=\"color: #00000a;\"><span style=\"font-size: medium;\"><span lang=\"et-EE\">20 <\/span><\/span><\/span>% vill<\/span><\/p>\n<p>M\u00fcts: <span style=\"font-family: Times New Roman, serif;\">100 % akr\u00fc\u00fcl<\/span><\/p>\n<p>&nbsp;<\/p>\n<p>Pesta kuni 30 kraadises vees k\u00e4sitsi ja mitte triikida<\/p>\n<p><strong>NB! Depending on the screen, the colour may actually be a little brighter or lighter than the in the picture<\/strong><\/p>","protected":false},"excerpt":{"rendered":"<p>Beebinuku kootud magamiskott ja m\u00fcts<\/p>\n<p>Sobib nukule\u00a0 43 cm<\/p>\n<p>Nuku pea\u00fcmberm\u00f5\u00f5t on 32 cm<\/p>\n<p>&nbsp;<\/p>\n<p><strong>NB! Depending on the screen, the colour may actually be a little brighter or lighter than the in the picture<\/strong><\/p>","protected":false},"featured_media":6589,"comment_status":"open","ping_status":"closed","template":"","meta":[],"product_brand":[],"product_cat":[79],"product_tag":[85,80,82,81],"giftcard-category":[],"class_list":{"0":"post-4579","1":"product","2":"type-product","3":"status-publish","4":"has-post-thumbnail","6":"product_cat-nukud","7":"product_tag-nuku-kootud-riided","8":"product_tag-nukule","9":"product_tag-nukuriided","10":"product_tag-nukutekid","12":"first","13":"instock","14":"sale","15":"shipping-taxable","16":"purchasable","17":"product-type-simple"},"jetpack_sharing_enabled":true,"_links":{"self":[{"href":"https:\/\/katsyshop.com\/en\/wp-json\/wp\/v2\/product\/4579","targetHints":{"allow":["GET"]}}],"collection":[{"href":"https:\/\/katsyshop.com\/en\/wp-json\/wp\/v2\/product"}],"about":[{"href":"https:\/\/katsyshop.com\/en\/wp-json\/wp\/v2\/types\/product"}],"replies":[{"embeddable":true,"href":"https:\/\/katsyshop.com\/en\/wp-json\/wp\/v2\/comments?post=4579"}],"wp:featuredmedia":[{"embeddable":true,"href":"https:\/\/katsyshop.com\/en\/wp-json\/wp\/v2\/media\/6589"}],"wp:attachment":[{"href":"https:\/\/katsyshop.com\/en\/wp-json\/wp\/v2\/media?parent=4579"}],"wp:term":[{"taxonomy":"product_brand","embeddable":true,"href":"https:\/\/katsyshop.com\/en\/wp-json\/wp\/v2\/product_brand?post=4579"},{"taxonomy":"product_cat","embeddable":true,"href":"https:\/\/katsyshop.com\/en\/wp-json\/wp\/v2\/product_cat?post=4579"},{"taxonomy":"product_tag","embeddable":true,"href":"https:\/\/katsyshop.com\/en\/wp-json\/wp\/v2\/product_tag?post=4579"},{"taxonomy":"giftcard-category","embeddable":true,"href":"https:\/\/katsyshop.com\/en\/wp-json\/wp\/v2\/giftcard-category?post=4579"}],"curies":[{"name":"wp","href":"https:\/\/api.w.org\/{rel}","templated":true}]}}