{"id":4621,"date":"2023-01-31T12:27:30","date_gmt":"2023-01-31T10:27:30","guid":{"rendered":"https:\/\/katsyshop.com\/?post_type=product&#038;p=4621"},"modified":"2026-01-26T18:50:04","modified_gmt":"2026-01-26T16:50:04","slug":"drops-alpaca-boucle-2020-helebeez-mix","status":"publish","type":"product","link":"https:\/\/katsyshop.com\/en\/product\/drops-alpaca-boucle-2020-helebeez-mix\/","title":{"rendered":"DROPS Alpaca Boucl\u00e9 2020 helebee\u017e mix"},"content":{"rendered":"<h3 class=\"my-2\">HKuidas seda l\u00f5nga hooldada?<\/h3>\n<div class=\"row yarn-wash-container\">\n<div class=\"col-sm-12 yarn-wash mb-3\"><img loading=\"lazy\" decoding=\"async\" class=\"\" src=\"https:\/\/www.garnstudio.com\/img\/shademap\/AlpacaBoucle\/wash.svg\" alt=\"yarn wash\" width=\"479\" height=\"71\" \/><\/div>\n<\/div>\n<p class=\"my-1\"><strong>Hand Wash, max 30\u00b0C \/ Dry Flat<\/strong><\/p>\n<p>&nbsp;<\/p>\n<p>DROPS Alpaca Boucl\u00e9 on m\u00f5nusalt pehme peenekiuline alpaka villast l\u00f5ng, mille p\u00f5hjaks on lambavill ja pol\u00fcamiid, mis annavad tugevuse. Alpaka kiud on t\u00f6\u00f6tlemata, st. nad on vaid pestud ja pole enne v\u00e4vimist kokku puutunud kemikaalidega. See toob v\u00e4lja alpaka l\u00f5nga parimad looduslikud omadused.<\/p>\n<p>&#8220;Boucl\u00e9&#8221; t\u00e4hendab Prantsuse keeles aas ning just seda see l\u00f5ng ongi, palju pisikesi aasasid, mis annab pehmuse. DROPS Alpaca Boucl\u00e9st tehtud esemed on kerged ja \u00f5hulised.<\/p>\n<p class=\"my-2\"><u><a href=\"https:\/\/www.garnstudio.com\/sustainability.php?cid=29\"><i class=\"fa-light fa-lg fa-circle-info\"><\/i>\u00a0Loe rohkem meie toodete j\u00e4tkusuutlikuse kohta siit<\/a><\/u><\/p>\n<p><i class=\"fa-light fa-lg fa-circle-info\"><\/i>\u00a0Pea meeles, et v\u00e4rvid v\u00f5ivad igal ekraanil paista erinevad nagu ka erinevad v\u00e4rvipartiid v\u00f5ivad olla erineva varjundiga.<\/p>","protected":false},"excerpt":{"rendered":"<p><strong>Content:<\/strong>\u00a080% alpaka, 15% vill, 5% pol\u00fcamiid<br \/>\n<strong>Weight\/length:<\/strong>\u00a050 g = u. 140 meetrit<br \/>\n<strong>Recommended needle size:<\/strong>\u00a05 mm<\/p>","protected":false},"featured_media":4622,"comment_status":"open","ping_status":"closed","template":"","meta":[],"product_brand":[],"product_cat":[997],"product_tag":[],"giftcard-category":[],"class_list":{"0":"post-4621","1":"product","2":"type-product","3":"status-publish","4":"has-post-thumbnail","6":"product_cat-drops-alpaca-boucle","8":"first","9":"instock","10":"sale","11":"shipping-taxable","12":"purchasable","13":"product-type-simple"},"jetpack_sharing_enabled":true,"_links":{"self":[{"href":"https:\/\/katsyshop.com\/en\/wp-json\/wp\/v2\/product\/4621","targetHints":{"allow":["GET"]}}],"collection":[{"href":"https:\/\/katsyshop.com\/en\/wp-json\/wp\/v2\/product"}],"about":[{"href":"https:\/\/katsyshop.com\/en\/wp-json\/wp\/v2\/types\/product"}],"replies":[{"embeddable":true,"href":"https:\/\/katsyshop.com\/en\/wp-json\/wp\/v2\/comments?post=4621"}],"wp:featuredmedia":[{"embeddable":true,"href":"https:\/\/katsyshop.com\/en\/wp-json\/wp\/v2\/media\/4622"}],"wp:attachment":[{"href":"https:\/\/katsyshop.com\/en\/wp-json\/wp\/v2\/media?parent=4621"}],"wp:term":[{"taxonomy":"product_brand","embeddable":true,"href":"https:\/\/katsyshop.com\/en\/wp-json\/wp\/v2\/product_brand?post=4621"},{"taxonomy":"product_cat","embeddable":true,"href":"https:\/\/katsyshop.com\/en\/wp-json\/wp\/v2\/product_cat?post=4621"},{"taxonomy":"product_tag","embeddable":true,"href":"https:\/\/katsyshop.com\/en\/wp-json\/wp\/v2\/product_tag?post=4621"},{"taxonomy":"giftcard-category","embeddable":true,"href":"https:\/\/katsyshop.com\/en\/wp-json\/wp\/v2\/giftcard-category?post=4621"}],"curies":[{"name":"wp","href":"https:\/\/api.w.org\/{rel}","templated":true}]}}