{"id":4656,"date":"2023-01-31T13:56:59","date_gmt":"2023-01-31T11:56:59","guid":{"rendered":"https:\/\/katsyshop.com\/?post_type=product&#038;p=4656"},"modified":"2026-03-08T12:49:15","modified_gmt":"2026-03-08T10:49:15","slug":"drops-air-15-lilla-udu-mix","status":"publish","type":"product","link":"https:\/\/katsyshop.com\/en\/product\/drops-air-15-lilla-udu-mix\/","title":{"rendered":"DROPS Air 15 lilla udu mix"},"content":{"rendered":"<h3 class=\"my-2\">How do I care for this yarn?<\/h3>\n<div class=\"row yarn-wash-container\">\n<div class=\"col-sm-12 yarn-wash mb-3\"><img loading=\"lazy\" decoding=\"async\" class=\"\" src=\"https:\/\/www.garnstudio.com\/img\/shademap\/Air\/wash.svg\" alt=\"yarn wash\" width=\"405\" height=\"61\" \/><\/div>\n<\/div>\n<p class=\"my-1\"><strong>Hand Wash, max 30\u00b0C \/ Dry Flat<\/strong><\/p>\n<p>Uus ja p\u00f5nev heidel\u00f5ng pehmest beebialpaka ja m\u00f5nusast ning soojast meriinovillasegust &#8211; siin on kasutatud uut l\u00f5nga valmistamise tehnoloogiat, kus ketruse asemel puhutakse beebialpaka ja meriinovilla kiud torusse kokku. Sellest l\u00f5ngast r\u00f5ivad on 30-35% kergemad, kui klassikalised sama j\u00e4medusega l\u00f5ngad.<\/p>\n<p>DROPS Air on v\u00e4ga \u00f5huline l\u00f5ng, mis on m\u00f5nus naha vastas. Seet\u00f5ttu sobib aksessuaarideks, sallideks, sviitriteks ja jakkideks, nii tekstuursete, kui ka palmikumustritega. DROPS Air l\u00f5ngast tehtud r\u00f5ivad ei aja s\u00fcgelema ja k\u00f5ik saavad neid kanda!<\/p>\n<p class=\"my-2\"><u><a href=\"https:\/\/www.garnstudio.com\/sustainability.php?cid=29\"><i class=\"fa-light fa-lg fa-circle-info\"><\/i>\u00a0Loe rohkem meie toodete j\u00e4tkusuutlikuse kohta siit<\/a><\/u><\/p>\n<p><i class=\"fa-light fa-lg fa-circle-info\"><\/i>\u00a0Pea meeles, et v\u00e4rvid v\u00f5ivad igal ekraanil paista erinevad nagu ka erinevad v\u00e4rvipartiid v\u00f5ivad olla erineva varjundiga.<\/p>\n<p>&nbsp;<\/p>\n<p><strong>Made in:\u00a0<\/strong>Peru\/EU<br \/>\n<strong>Raw material origin:<\/strong>\u00a0Alpaka ja lambavill L\u00f5una-Ameerikast, pol\u00fcamiid Saksamaalt<\/p>","protected":false},"excerpt":{"rendered":"<div class=\"row\">\n<div class=\"col-10 col-sm-10 col-md-10\">\n<h3 class=\"ytitle\">Keskmise j\u00e4medusega beebialpaka ja meriinovillane heidel\u00f5ng<\/h3>\n<\/div>\n<div class=\"col-2 col-sm-2 col-md-2\">\n<div class=\"yprice\">\n<p class=\"small\"><strong>Content:<\/strong> 65% alpaka, 28% pol\u00fcamiid, 7% vill<\/p>\n<p class=\"small\"><strong>Weight\/length:<\/strong>\u00a050 g = u. 150 meetrit<\/p>\n<\/div>\n<\/div>\n<\/div>\n<div class=\"row ypic\">\n<div class=\"col-12\">\n<p><strong>Recommended needle size:<\/strong>\u00a05 mm<\/p>\n<p>&nbsp;<\/p>\n<\/div>\n<\/div>","protected":false},"featured_media":8116,"comment_status":"open","ping_status":"closed","template":"","meta":[],"product_brand":[],"product_cat":[996],"product_tag":[],"giftcard-category":[],"class_list":{"0":"post-4656","1":"product","2":"type-product","3":"status-publish","4":"has-post-thumbnail","6":"product_cat-drops-air","8":"first","9":"outofstock","10":"sale","11":"shipping-taxable","12":"purchasable","13":"product-type-simple"},"jetpack_sharing_enabled":true,"_links":{"self":[{"href":"https:\/\/katsyshop.com\/en\/wp-json\/wp\/v2\/product\/4656","targetHints":{"allow":["GET"]}}],"collection":[{"href":"https:\/\/katsyshop.com\/en\/wp-json\/wp\/v2\/product"}],"about":[{"href":"https:\/\/katsyshop.com\/en\/wp-json\/wp\/v2\/types\/product"}],"replies":[{"embeddable":true,"href":"https:\/\/katsyshop.com\/en\/wp-json\/wp\/v2\/comments?post=4656"}],"wp:featuredmedia":[{"embeddable":true,"href":"https:\/\/katsyshop.com\/en\/wp-json\/wp\/v2\/media\/8116"}],"wp:attachment":[{"href":"https:\/\/katsyshop.com\/en\/wp-json\/wp\/v2\/media?parent=4656"}],"wp:term":[{"taxonomy":"product_brand","embeddable":true,"href":"https:\/\/katsyshop.com\/en\/wp-json\/wp\/v2\/product_brand?post=4656"},{"taxonomy":"product_cat","embeddable":true,"href":"https:\/\/katsyshop.com\/en\/wp-json\/wp\/v2\/product_cat?post=4656"},{"taxonomy":"product_tag","embeddable":true,"href":"https:\/\/katsyshop.com\/en\/wp-json\/wp\/v2\/product_tag?post=4656"},{"taxonomy":"giftcard-category","embeddable":true,"href":"https:\/\/katsyshop.com\/en\/wp-json\/wp\/v2\/giftcard-category?post=4656"}],"curies":[{"name":"wp","href":"https:\/\/api.w.org\/{rel}","templated":true}]}}