{"id":4976,"date":"2023-06-14T12:34:53","date_gmt":"2023-06-14T10:34:53","guid":{"rendered":"https:\/\/katsyshop.com\/?post_type=product&#038;p=4976"},"modified":"2025-10-05T18:07:58","modified_gmt":"2025-10-05T16:07:58","slug":"drops-polaris-tumehall-03","status":"publish","type":"product","link":"https:\/\/katsyshop.com\/en\/product\/drops-polaris-tumehall-03\/","title":{"rendered":"Drops Polaris tumehall uni 03"},"content":{"rendered":"<p><img loading=\"lazy\" decoding=\"async\" class=\"\" src=\"https:\/\/www.garnstudio.com\/img\/shademap\/Polaris\/wash.svg\" alt=\"yarn wash\" width=\"418\" height=\"70\" \/><\/p>\n<p><strong>Made in:\u00a0<\/strong>EU<br \/>\n<strong>Raw material origin:<\/strong>\u00a0Wool from South America<\/p>\n<p class=\"oeko-text\">Sellel l\u00f5ngal on Oeko-Tex\u00ae sertifikaat (number 25.3.0099), Standard 100, I klass, INNOVATEXT TEXTILE ENGINEERING AND TESTING, HUNGARY. See t\u00e4hendab, et seda on testitud kahjulike ainete suhtes ja seda peetakse inim\u00f6koloogilises m\u00f5ttes ohutuks. I klass on k\u00f5rgeim tase, mis t\u00e4hendab, et seda l\u00f5nga v\u00f5ib kasutada beebir\u00f5ivaste tegemiseks (vanus 0-3 kuud).<\/p>\n<p>DROPS Polaris on korrutamata l\u00f5ng, samasugusest pehmest villast nagu DROPS Snow. See l\u00f5ng on eriti hea v\u00e4lisr\u00f5ivaste tegemiseks nagu kindad, m\u00fctsid, kotid ja pontsod. Kudum valmib kiirelt suurte varrastega ja on sama koetihedusega, kui 2 DROPS Snow l\u00f5nga koos.<\/p>\n<p>DROPS Polarisel on ka kirjusid v\u00e4rve, mille puhul eri v\u00e4rvi villad on enne ketramist kokku kraasitud. Villakiud on t\u00f6\u00f6tlemata, st. neid on vaid pestud ja pole enne v\u00e4rvimist kokku puutunud kemikaalidega. See toob v\u00e4lja l\u00f5nga parimad looduslikud omadused.<\/p>\n<p>&nbsp;<\/p>\n<p>Mustrid l\u00f5ngale: <a href=\"https:\/\/www.garnstudio.com\/search.php?action=browse&amp;y=drops-polaris&amp;lang=ee\">Polaris mustrid<\/a><\/p>","protected":false},"excerpt":{"rendered":"<p><strong>Content:<\/strong>\u00a0100% vill<br \/>\n<strong>Weight\/length:<\/strong>\u00a0100 g = u. 36 meetrit<br \/>\n<strong>Recommended needle size:<\/strong>\u00a012 mm<br \/>\n<strong>Knitting tension:<\/strong>\u00a010 x 10 cm = 8 s x 10 rida<br \/>\n<strong>Care:<\/strong>Hand Wash, max 30\u00b0C \/ Dry Flat \/\u00a0<u><a href=\"https:\/\/www.garnstudio.com\/felting-tips.php?cid=19\">Feltable<\/a><\/u><\/p>\n<p>&nbsp;<\/p>\n<p>&nbsp;<\/p>\n<p>&nbsp;<\/p>","protected":false},"featured_media":4977,"comment_status":"open","ping_status":"closed","template":"","meta":[],"product_brand":[],"product_cat":[1009],"product_tag":[1018,1020,767,363,1019],"giftcard-category":[],"class_list":{"0":"post-4976","1":"product","2":"type-product","3":"status-publish","4":"has-post-thumbnail","6":"product_cat-drops-polaris","7":"product_tag-drops-polaris","8":"product_tag-drops-tartus","9":"product_tag-longapoed","10":"product_tag-longapoed-tartus","11":"product_tag-tartu-longa-muujad","13":"first","14":"instock","15":"sale","16":"shipping-taxable","17":"purchasable","18":"product-type-simple"},"jetpack_sharing_enabled":true,"_links":{"self":[{"href":"https:\/\/katsyshop.com\/en\/wp-json\/wp\/v2\/product\/4976","targetHints":{"allow":["GET"]}}],"collection":[{"href":"https:\/\/katsyshop.com\/en\/wp-json\/wp\/v2\/product"}],"about":[{"href":"https:\/\/katsyshop.com\/en\/wp-json\/wp\/v2\/types\/product"}],"replies":[{"embeddable":true,"href":"https:\/\/katsyshop.com\/en\/wp-json\/wp\/v2\/comments?post=4976"}],"wp:featuredmedia":[{"embeddable":true,"href":"https:\/\/katsyshop.com\/en\/wp-json\/wp\/v2\/media\/4977"}],"wp:attachment":[{"href":"https:\/\/katsyshop.com\/en\/wp-json\/wp\/v2\/media?parent=4976"}],"wp:term":[{"taxonomy":"product_brand","embeddable":true,"href":"https:\/\/katsyshop.com\/en\/wp-json\/wp\/v2\/product_brand?post=4976"},{"taxonomy":"product_cat","embeddable":true,"href":"https:\/\/katsyshop.com\/en\/wp-json\/wp\/v2\/product_cat?post=4976"},{"taxonomy":"product_tag","embeddable":true,"href":"https:\/\/katsyshop.com\/en\/wp-json\/wp\/v2\/product_tag?post=4976"},{"taxonomy":"giftcard-category","embeddable":true,"href":"https:\/\/katsyshop.com\/en\/wp-json\/wp\/v2\/giftcard-category?post=4976"}],"curies":[{"name":"wp","href":"https:\/\/api.w.org\/{rel}","templated":true}]}}