{"id":5157,"date":"2023-06-20T12:33:02","date_gmt":"2023-06-20T10:33:02","guid":{"rendered":"https:\/\/katsyshop.com\/?post_type=product&#038;p=5157"},"modified":"2026-03-04T16:00:57","modified_gmt":"2026-03-04T14:00:57","slug":"drops-belle-petrol-uni-17","status":"publish","type":"product","link":"https:\/\/katsyshop.com\/en\/product\/drops-belle-petrol-uni-17\/","title":{"rendered":"Drops Belle Petrol uni 17"},"content":{"rendered":"<div class=\"row yarn-wash-container\">\n<div class=\"col-sm-12 yarn-wash mb-3\"><img loading=\"lazy\" decoding=\"async\" class=\"\" src=\"https:\/\/www.garnstudio.com\/img\/shademap\/Belle\/wash.svg\" alt=\"yarn wash\" width=\"390\" height=\"60\" \/><\/div>\n<\/div>\n<p class=\"my-1\"><strong>\u00d5rn masinpesu 30\u00b0C \/ kuivata tasapinnal<\/strong><\/p>\n<p><strong>Made in:\u00a0<\/strong>EU<br \/>\n<strong>Raw material origin:<\/strong>\u00a0Puuvill Pakistanist, linane ja viskoos T\u00fcrgist<\/p>\n<p class=\"oeko-text\">Sellel l\u00f5ngal on Oeko-Tex\u00ae sertifikaat (number 09.HBG.68250), Standard 100, I klass, Hohenstein Institute. See t\u00e4hendab, et seda on testitud kahjulike ainete suhtes ja seda peetakse inim\u00f6koloogilises m\u00f5ttes ohutuks. I klass on k\u00f5rgeim tase, mis t\u00e4hendab, et seda l\u00f5nga v\u00f5ib kasutada beebir\u00f5ivaste tegemiseks (vanus 0-3 kuud).<\/p>\n<p>&nbsp;<\/p>\n<p><a href=\"https:\/\/www.garnstudio.com\/search.php?action=browse&amp;y=drops-belle&amp;lang=ee\">Patterns for yarn<\/a><\/p>","protected":false},"excerpt":{"rendered":"<p><strong>Content:<\/strong>\u00a053% puuvill, 33% viskoos, 14% linane<br \/>\n<strong>Yarn Group:<\/strong>\u00a0<a href=\"https:\/\/www.garnstudio.com\/yarns.php?yarn-group=B&amp;cid=19\"><u>B (20 - 22 stitches)<\/u>)\u00a0<\/a>\/ 8 ply \/ DK \/ worsted<br \/>\n<strong>Weight\/length:<\/strong>\u00a050 g = u. 120 meetrit<br \/>\n<strong>Recommended needle size:<\/strong>\u00a04 mm<br \/>\n<strong>Knitting tension:<\/strong>\u00a010 x 10 cm = 21 sts x 28 rows<br \/>\n<strong>Care:<\/strong>: \u00d5rn masinpesu 30\u00b0C \/ kuivata tasapinnal<\/p>","protected":false},"featured_media":5158,"comment_status":"open","ping_status":"closed","template":"","meta":[],"product_brand":[],"product_cat":[1031],"product_tag":[],"giftcard-category":[],"class_list":{"0":"post-5157","1":"product","2":"type-product","3":"status-publish","4":"has-post-thumbnail","6":"product_cat-drops-belle","8":"first","9":"instock","10":"sale","11":"shipping-taxable","12":"purchasable","13":"product-type-simple"},"jetpack_sharing_enabled":true,"_links":{"self":[{"href":"https:\/\/katsyshop.com\/en\/wp-json\/wp\/v2\/product\/5157","targetHints":{"allow":["GET"]}}],"collection":[{"href":"https:\/\/katsyshop.com\/en\/wp-json\/wp\/v2\/product"}],"about":[{"href":"https:\/\/katsyshop.com\/en\/wp-json\/wp\/v2\/types\/product"}],"replies":[{"embeddable":true,"href":"https:\/\/katsyshop.com\/en\/wp-json\/wp\/v2\/comments?post=5157"}],"wp:featuredmedia":[{"embeddable":true,"href":"https:\/\/katsyshop.com\/en\/wp-json\/wp\/v2\/media\/5158"}],"wp:attachment":[{"href":"https:\/\/katsyshop.com\/en\/wp-json\/wp\/v2\/media?parent=5157"}],"wp:term":[{"taxonomy":"product_brand","embeddable":true,"href":"https:\/\/katsyshop.com\/en\/wp-json\/wp\/v2\/product_brand?post=5157"},{"taxonomy":"product_cat","embeddable":true,"href":"https:\/\/katsyshop.com\/en\/wp-json\/wp\/v2\/product_cat?post=5157"},{"taxonomy":"product_tag","embeddable":true,"href":"https:\/\/katsyshop.com\/en\/wp-json\/wp\/v2\/product_tag?post=5157"},{"taxonomy":"giftcard-category","embeddable":true,"href":"https:\/\/katsyshop.com\/en\/wp-json\/wp\/v2\/giftcard-category?post=5157"}],"curies":[{"name":"wp","href":"https:\/\/api.w.org\/{rel}","templated":true}]}}