{"id":5181,"date":"2023-06-20T17:13:07","date_gmt":"2023-06-20T15:13:07","guid":{"rendered":"https:\/\/katsyshop.com\/?post_type=product&#038;p=5181"},"modified":"2025-10-05T15:47:55","modified_gmt":"2025-10-05T13:47:55","slug":"drops-bomull-lin-liiv-uni-colour-03","status":"publish","type":"product","link":"https:\/\/katsyshop.com\/en\/product\/drops-bomull-lin-liiv-uni-colour-03\/","title":{"rendered":"Drops Bomull-LIN liiv uni 03"},"content":{"rendered":"<p><strong>Content:<\/strong>\u00a053% puuvill, 47% linane<br \/>\n<strong>Yarn Group:<\/strong>\u00a0<a href=\"https:\/\/www.garnstudio.com\/yarns.php?yarn-group=C&amp;cid=29\"><u>C (16 &#8211; 19 silmust<\/u>)\u00a0<\/a>\/ 10 ply \/ aran \/ worsted<br \/>\n<strong>Weight\/length:<\/strong>\u00a050 g = u. 85 meetrit<br \/>\n<strong>Recommended needle size:<\/strong>\u00a05 mm<br \/>\n<strong>Knitting tension:<\/strong>\u00a010 x 10 cm = 17 s x 22 rida<br \/>\n<strong>Care:<\/strong>: \u00d5rn masinpesu 40\u00b0C \/ kuivata tasapinnal<\/p>\n<p><strong>Made in:\u00a0<\/strong>EU<br \/>\n<strong>Raw material origin:<\/strong>\u00a0Puuvill Pakistanist, linane Poolast<\/p>\n<p>&nbsp;<\/p>\n<p>&nbsp;<\/p>\n<p><img loading=\"lazy\" decoding=\"async\" class=\"\" src=\"https:\/\/www.garnstudio.com\/img\/shademap\/Bomull-Lin\/wash.svg\" alt=\"yarn wash\" width=\"468\" height=\"64\" \/><\/p>\n<p>&nbsp;<\/p>\n<p>Naturaalne ja j\u00e4medakoeline l\u00f5ng DROPS Bomull-Lin on kedratud linasest ja puuvillast, mis moodustavad v\u00e4ga vastupidava materjali, ideaalne vormihoidvate, aga kergete r\u00f5ivaste tegemiseks.<\/p>\n<p>V\u00e4rviskaala on inspireeritud linase taime ilusatest naturaalsetest toonidest peale l\u00f5ikust; DROPS Bomull-Lin l\u00f5ngast tehtud r\u00f5ivad on eksklusiivse linase v\u00e4limusega ja kerge l\u00e4ikega, mis teeb selle l\u00f5nga ideaalseks suver\u00f5ivaste tegemiseks.<\/p>\n<p>&nbsp;<\/p>\n<p><a href=\"https:\/\/www.garnstudio.com\/search.php?action=browse&amp;y=drops-bomull-lin&amp;lang=ee\">Patterns for yarn\u00a0<\/a><\/p>","protected":false},"excerpt":{"rendered":"<p><strong>Content:<\/strong>\u00a053% puuvill, 47% linane<br \/>\n<strong>Yarn Group:<\/strong>\u00a0<a href=\"https:\/\/www.garnstudio.com\/yarns.php?yarn-group=C&amp;cid=29\"><u>C (16 &#8211; 19 silmust<\/u>)\u00a0<\/a>\/ 10 ply \/ aran \/ worsted<br \/>\n<strong>Weight\/length:<\/strong>\u00a050 g = u. 85 meetrit<br \/>\n<strong>Recommended needle size:<\/strong>\u00a05 mm<br \/>\n<strong>Knitting tension:<\/strong>\u00a010 x 10 cm = 17 s x 22 rida<br \/>\n<strong>Care:<\/strong>: \u00d5rn masinpesu 40\u00b0C \/ kuivata tasapinnal<\/p>","protected":false},"featured_media":5182,"comment_status":"open","ping_status":"closed","template":"","meta":[],"product_brand":[],"product_cat":[1030],"product_tag":[],"giftcard-category":[],"class_list":{"0":"post-5181","1":"product","2":"type-product","3":"status-publish","4":"has-post-thumbnail","6":"product_cat-drops-bomull-lin","8":"first","9":"outofstock","10":"sale","11":"shipping-taxable","12":"purchasable","13":"product-type-simple"},"jetpack_sharing_enabled":true,"_links":{"self":[{"href":"https:\/\/katsyshop.com\/en\/wp-json\/wp\/v2\/product\/5181","targetHints":{"allow":["GET"]}}],"collection":[{"href":"https:\/\/katsyshop.com\/en\/wp-json\/wp\/v2\/product"}],"about":[{"href":"https:\/\/katsyshop.com\/en\/wp-json\/wp\/v2\/types\/product"}],"replies":[{"embeddable":true,"href":"https:\/\/katsyshop.com\/en\/wp-json\/wp\/v2\/comments?post=5181"}],"wp:featuredmedia":[{"embeddable":true,"href":"https:\/\/katsyshop.com\/en\/wp-json\/wp\/v2\/media\/5182"}],"wp:attachment":[{"href":"https:\/\/katsyshop.com\/en\/wp-json\/wp\/v2\/media?parent=5181"}],"wp:term":[{"taxonomy":"product_brand","embeddable":true,"href":"https:\/\/katsyshop.com\/en\/wp-json\/wp\/v2\/product_brand?post=5181"},{"taxonomy":"product_cat","embeddable":true,"href":"https:\/\/katsyshop.com\/en\/wp-json\/wp\/v2\/product_cat?post=5181"},{"taxonomy":"product_tag","embeddable":true,"href":"https:\/\/katsyshop.com\/en\/wp-json\/wp\/v2\/product_tag?post=5181"},{"taxonomy":"giftcard-category","embeddable":true,"href":"https:\/\/katsyshop.com\/en\/wp-json\/wp\/v2\/giftcard-category?post=5181"}],"curies":[{"name":"wp","href":"https:\/\/api.w.org\/{rel}","templated":true}]}}