{"id":5392,"date":"2023-07-21T15:14:49","date_gmt":"2023-07-21T13:14:49","guid":{"rendered":"https:\/\/katsyshop.com\/?post_type=product&#038;p=5392"},"modified":"2026-02-26T11:59:14","modified_gmt":"2026-02-26T09:59:14","slug":"drops-karisma-87-samblaroheline-uni-colour","status":"publish","type":"product","link":"https:\/\/katsyshop.com\/en\/product\/drops-karisma-87-samblaroheline-uni-colour\/","title":{"rendered":"Drops Karisma samblaroheline uni 87"},"content":{"rendered":"<p>\u00d5rn masinpesu, max 40\u00b0C \/ \u00e4ra kasuta loputusvahendit \/ kuivata tasapinnal<\/p>\n<p>DROPS Karisma on neljaniidiline pesukindel l\u00f5ng &#8211; spetsiaalselt t\u00f6\u00f6deldud taluma masinpesu, hoiab h\u00e4sti vormi ja on piisavalt pehme.<\/p>\n<p>Pehme ja m\u00f5nus naha vastas, DROPS Karisma on \u00fcks k\u00f5ige populaarsemaid l\u00f5ngu meie klassikalises valikus. See l\u00f5ng on olnud Skandinaavia turul juba 80&#8217;ndatest ning sellele on loodud palju mustrid.<\/p>\n<p>Made in EU<\/p>\n<p>Sellel l\u00f5ngal on Oeko-Tex\u00ae sertifikaat (number 25.3.0110), Standard 100, Klass I. See t\u00e4hendab, et on seda on testitud ja on t\u00e4ielikult keemiavaba ja ohutu kasutada. Klass I on k\u00f5rgeim tase, mis t\u00e4hendab, et seda l\u00f5nga v\u00f5ib kasutada beebir\u00f5ivasteks (vanus 0-3 kuud).<\/p>\n<p>&nbsp;<\/p>\n<p><a href=\"https:\/\/www.garnstudio.com\/search.php?action=browse&amp;y=17&amp;lang=ee\" target=\"_blank\" rel=\"noopener noreferrer\">Mustrid Drops Karismale<\/a><\/p>","protected":false},"excerpt":{"rendered":"<h3><strong>Content:<\/strong>\u00a0100% vill<\/h3>\n<p><strong>Weight\/length:<\/strong>\u00a050 g = u. 100 meetrit<\/p>\n<p><strong>Recommended needle size:<\/strong>\u00a04 mm<\/p>\n<h3>Kategooriad: <a href=\"https:\/\/katsyshop.com\/en\/product-category\/longad\/\">l\u00f5ngad<\/a><\/h3>\n<p>&nbsp;<\/p>\n<p>&nbsp;<\/p>\n<p>&nbsp;<\/p>\n<p>&nbsp;<\/p>","protected":false},"featured_media":5393,"comment_status":"open","ping_status":"closed","template":"","meta":[],"product_brand":[],"product_cat":[599,129],"product_tag":[600,601,602,247,195,603,370,604,197,605,157],"giftcard-category":[],"class_list":{"0":"post-5392","1":"product","2":"type-product","3":"status-publish","4":"has-post-thumbnail","6":"product_cat-drops-karisma-15","7":"product_cat-longad","8":"product_tag-drops-karisma","9":"product_tag-drops-karisma-long","10":"product_tag-drops-karisma-long-tartus","11":"product_tag-longad","12":"product_tag-longamuuk-tartus","13":"product_tag-tartu-kasitoo","14":"product_tag-tartu-kasitoopoed","15":"product_tag-tartu-kasitoopood","16":"product_tag-tartu-longapoed","17":"product_tag-tartu-longapood","18":"product_tag-villased-longad","20":"first","21":"instock","22":"sale","23":"shipping-taxable","24":"purchasable","25":"product-type-simple"},"jetpack_sharing_enabled":true,"_links":{"self":[{"href":"https:\/\/katsyshop.com\/en\/wp-json\/wp\/v2\/product\/5392","targetHints":{"allow":["GET"]}}],"collection":[{"href":"https:\/\/katsyshop.com\/en\/wp-json\/wp\/v2\/product"}],"about":[{"href":"https:\/\/katsyshop.com\/en\/wp-json\/wp\/v2\/types\/product"}],"replies":[{"embeddable":true,"href":"https:\/\/katsyshop.com\/en\/wp-json\/wp\/v2\/comments?post=5392"}],"wp:featuredmedia":[{"embeddable":true,"href":"https:\/\/katsyshop.com\/en\/wp-json\/wp\/v2\/media\/5393"}],"wp:attachment":[{"href":"https:\/\/katsyshop.com\/en\/wp-json\/wp\/v2\/media?parent=5392"}],"wp:term":[{"taxonomy":"product_brand","embeddable":true,"href":"https:\/\/katsyshop.com\/en\/wp-json\/wp\/v2\/product_brand?post=5392"},{"taxonomy":"product_cat","embeddable":true,"href":"https:\/\/katsyshop.com\/en\/wp-json\/wp\/v2\/product_cat?post=5392"},{"taxonomy":"product_tag","embeddable":true,"href":"https:\/\/katsyshop.com\/en\/wp-json\/wp\/v2\/product_tag?post=5392"},{"taxonomy":"giftcard-category","embeddable":true,"href":"https:\/\/katsyshop.com\/en\/wp-json\/wp\/v2\/giftcard-category?post=5392"}],"curies":[{"name":"wp","href":"https:\/\/api.w.org\/{rel}","templated":true}]}}