{"id":5687,"date":"2023-10-13T17:00:54","date_gmt":"2023-10-13T15:00:54","guid":{"rendered":"https:\/\/katsyshop.com\/?post_type=product&#038;p=5687"},"modified":"2026-03-26T13:13:39","modified_gmt":"2026-03-26T11:13:39","slug":"drops-melody-06-puudriroosa-uni","status":"publish","type":"product","link":"https:\/\/katsyshop.com\/en\/product\/drops-melody-06-puudriroosa-uni\/","title":{"rendered":"Drops Melody 06 puudriroosa uni"},"content":{"rendered":"<h3 class=\"my-2\">HKuidas seda l\u00f5nga hooldada?<\/h3>\n<div class=\"row yarn-wash-container\">\n<div class=\"col-sm-12 yarn-wash mb-3\"><img loading=\"lazy\" decoding=\"async\" class=\"\" src=\"https:\/\/www.garnstudio.com\/img\/shademap\/Melody\/wash.svg\" alt=\"yarn wash\" width=\"424\" height=\"64\" \/><\/div>\n<\/div>\n<p class=\"my-1\"><strong>Hand Wash, max 30\u00b0C \/ Dry Flat<\/strong><\/p>\n<p>DROPS Melody on pehme ja luksuslik l\u00f5ng, mis koosneb meriino ja alpaka peenvillast. Soe ja moh\u00e4\u00e4ri v\u00e4limusega, ning saadaval elegantsetes toonides, alates pehmest bee\u017eist ja hallist kuni suurep\u00e4rase punase ja lillani.<\/p>\n<p>Olles nii pehme ja kerge, DROPS Melody on hea avarate r\u00f5ivaste ja aksessuaaride tegemiseks. Suurte varrastega valmib t\u00f6\u00f6 kiirelt, ilma et r\u00f5ivas tuleks raske. Samuti saab kasutada efekti lisamiseks koos teiste l\u00f5ngadega, et lisada esemele kohevust ja pehmust.<\/p>\n<p>DROPS Melody sobib l\u00f5ngagruppi D mustritele ja on t\u00e4iuslik alternatiiv l\u00f5ngale DROPS Vienna.<\/p>\n<p><strong>Made in:\u00a0<\/strong>Peru<br \/>\n<strong>Raw material origin:<\/strong>\u00a0Alpaka ja lambavill L\u00f5una-Ameerikast, pol\u00fcamiid Saksamaalt<\/p>\n<p>&nbsp;<\/p>\n<p><a href=\"https:\/\/www.garnstudio.com\/search.php?action=browse&amp;y=drops-melody&amp;lang=ee\">Mustrid<\/a><\/p>\n<p><a href=\"https:\/\/www.garnstudio.com\/yarn-combinations.php?lang=ee\">L\u00f5ngakombinatsioonid<\/a><\/p>","protected":false},"excerpt":{"rendered":"<p><strong>Content:<\/strong>\u00a071% alpaka, 25% vill, 4% pol\u00fcamiid<br \/>\n<strong>Yarn Group:<\/strong>\u00a0<a href=\"https:\/\/www.garnstudio.com\/yarns.php?yarn-group=D&amp;cid=29\"><u>D (12 &#8211; 15 silmust<\/u>)\u00a0<\/a>\/ 12 ply \/ chunky<br \/>\n<strong>Weight\/length:<\/strong>\u00a050 g = u. 140 meetrit<br \/>\n<strong>Recommended needle size:<\/strong>\u00a08 mm<br \/>\n<strong>Knitting tension:<\/strong>\u00a010 x 10 cm = 12 s x 14 rida<br \/>\n<strong>Care:<\/strong>Hand Wash, max 30\u00b0C \/ Dry Flat \/\u00a0<u><a href=\"https:\/\/www.garnstudio.com\/felting-tips.php?cid=19\">Feltable<\/a><\/u><br \/>\n<strong>Superwash:<\/strong>\u00a0no<\/p>\n<p>&nbsp;<\/p>","protected":false},"featured_media":5688,"comment_status":"open","ping_status":"closed","template":"","meta":[],"product_brand":[],"product_cat":[1042],"product_tag":[1050,152,426,1051],"giftcard-category":[],"class_list":{"0":"post-5687","1":"product","2":"type-product","3":"status-publish","4":"has-post-thumbnail","6":"product_cat-drops-melody","7":"product_tag-drops-melody","8":"product_tag-dropsi-longad","9":"product_tag-longad-tartus","10":"product_tag-mohhaar","12":"first","13":"instock","14":"sale","15":"shipping-taxable","16":"purchasable","17":"product-type-simple"},"jetpack_sharing_enabled":true,"_links":{"self":[{"href":"https:\/\/katsyshop.com\/en\/wp-json\/wp\/v2\/product\/5687","targetHints":{"allow":["GET"]}}],"collection":[{"href":"https:\/\/katsyshop.com\/en\/wp-json\/wp\/v2\/product"}],"about":[{"href":"https:\/\/katsyshop.com\/en\/wp-json\/wp\/v2\/types\/product"}],"replies":[{"embeddable":true,"href":"https:\/\/katsyshop.com\/en\/wp-json\/wp\/v2\/comments?post=5687"}],"wp:featuredmedia":[{"embeddable":true,"href":"https:\/\/katsyshop.com\/en\/wp-json\/wp\/v2\/media\/5688"}],"wp:attachment":[{"href":"https:\/\/katsyshop.com\/en\/wp-json\/wp\/v2\/media?parent=5687"}],"wp:term":[{"taxonomy":"product_brand","embeddable":true,"href":"https:\/\/katsyshop.com\/en\/wp-json\/wp\/v2\/product_brand?post=5687"},{"taxonomy":"product_cat","embeddable":true,"href":"https:\/\/katsyshop.com\/en\/wp-json\/wp\/v2\/product_cat?post=5687"},{"taxonomy":"product_tag","embeddable":true,"href":"https:\/\/katsyshop.com\/en\/wp-json\/wp\/v2\/product_tag?post=5687"},{"taxonomy":"giftcard-category","embeddable":true,"href":"https:\/\/katsyshop.com\/en\/wp-json\/wp\/v2\/giftcard-category?post=5687"}],"curies":[{"name":"wp","href":"https:\/\/api.w.org\/{rel}","templated":true}]}}