{"id":5783,"date":"2023-10-13T23:00:04","date_gmt":"2023-10-13T21:00:04","guid":{"rendered":"https:\/\/katsyshop.com\/?post_type=product&#038;p=5783"},"modified":"2026-04-08T15:39:05","modified_gmt":"2026-04-08T13:39:05","slug":"drops-kid-silk-mandel-uni-42","status":"publish","type":"product","link":"https:\/\/katsyshop.com\/en\/product\/drops-kid-silk-mandel-uni-42\/","title":{"rendered":"Drops Kid-Silk mandel uni 42"},"content":{"rendered":"<h3 class=\"my-2\">HKuidas seda l\u00f5nga hooldada?<\/h3>\n<div class=\"row yarn-wash-container\">\n<div class=\"col-sm-12 yarn-wash mb-3\"><img loading=\"lazy\" decoding=\"async\" class=\"\" src=\"https:\/\/www.garnstudio.com\/img\/shademap\/Kid-Silk\/wash.svg\" alt=\"yarn wash\" width=\"556\" height=\"85\" \/><\/div>\n<\/div>\n<p class=\"my-1\"><strong>Hand Wash, max 30\u00b0C \/ Dry Flat<\/strong><\/p>\n<p>Kuna DROPS Kid-Silk on v\u00e4ga populaarne l\u00f5ng l\u00f5ngakombinatsioonideks, kasutatakse neid koos teiste l\u00f5ngadega, mida tuleb v\u00f5ib-olla hoopis erinevalt hooldada. Sellisel juhul on t\u00e4htis j\u00e4rgida hooldamise instruktsioone k\u00f5ige \u00f5rnemale l\u00f5ngale.<\/p>\n<p>Mis iganes kombinatsiooni pesed, tuleb oma projekti rikkumise v\u00e4ltimiseks teha j\u00e4rgmist: pesta t\u00f6\u00f6d eraldi; mitte leotada, mitte kasutada pesupehmendajat; kuivatada tasapinnal (venimise v\u00e4ltimiseks).<\/p>\n<p>&nbsp;<\/p>\n<p>Luksuslik l\u00f5ng eksklusiivse koostisega 75% superkid moh\u00e4\u00e4ri ja 25% mooruspuu siid. Kid-Silk on sulgkerge ja annab kudumisele luksusliku v\u00e4limuse, kasutatuna omaette v\u00f5i koos teise l\u00f5ngaga.<\/p>\n<p>Ideaalne v\u00e4iksemateks esemeteks nagu \u00f5lasallid, pelleriinid ja naiselikud topid. DROPS Kid-Silk v\u00e4rvikaardil on suurep\u00e4rane v\u00e4rvivalik ja see on populaarseid l\u00f5nga teiste l\u00f5ngadega kombineerimiseks!<\/p>\n<p>&nbsp;<\/p>\n<p><strong>Made in:\u00a0<\/strong>EU<br \/>\n<strong>Raw material origin:<\/strong>\u00a0Moh\u00e4\u00e4r L\u00f5una-Aafrikast, siid Hiinast<\/p>\n<p>&nbsp;<\/p>\n<p><a href=\"https:\/\/www.garnstudio.com\/search.php?action=browse&amp;y=drops-kid-silk&amp;lang=ee\">Mustrid<\/a><\/p>\n<p><a href=\"https:\/\/www.garnstudio.com\/yarn-combinations.php?lang=ee\">L\u00f5ngakombinatsioonid<\/a><\/p>","protected":false},"excerpt":{"rendered":"<h3 class=\"ytitle\">Suurep\u00e4rane segu Super Kid moh\u00e4\u00e4rist ja siidist<\/h3>\n<p><strong>Content:<\/strong>\u00a075% moh\u00e4\u00e4r, 25% siid<br \/>\n<strong>Yarn Group:<\/strong>\u00a0<a href=\"https:\/\/www.garnstudio.com\/yarns.php?yarn-group=A&amp;cid=19\"><u>A (23 - 26 stitches)<\/u>)\u00a0<\/a>\/ 2 ply \/ lace<br \/>\n<strong>Weight\/length:<\/strong>\u00a025 g = u. 210 meetrit<br \/>\n<strong>Recommended needle size:<\/strong>\u00a03,5 mm<br \/>\n<strong>Knitting tension:<\/strong>\u00a010 x 10 cm = 23 s x 30 rida<br \/>\n<strong>Care:<\/strong>: K\u00e4sipesu, max 30\u00b0C \/ kuivata tasapinnal<\/p>","protected":false},"featured_media":5784,"comment_status":"open","ping_status":"closed","template":"","meta":[],"product_brand":[],"product_cat":[1052],"product_tag":[1059,1060,1061],"giftcard-category":[],"class_list":{"0":"post-5783","1":"product","2":"type-product","3":"status-publish","4":"has-post-thumbnail","6":"product_cat-kid-silk","7":"product_tag-drops-kid-silk","8":"product_tag-mohaar-longad","9":"product_tag-siidi-sisaldusega-longad","11":"first","12":"instock","13":"sale","14":"shipping-taxable","15":"purchasable","16":"product-type-simple"},"jetpack_sharing_enabled":true,"_links":{"self":[{"href":"https:\/\/katsyshop.com\/en\/wp-json\/wp\/v2\/product\/5783","targetHints":{"allow":["GET"]}}],"collection":[{"href":"https:\/\/katsyshop.com\/en\/wp-json\/wp\/v2\/product"}],"about":[{"href":"https:\/\/katsyshop.com\/en\/wp-json\/wp\/v2\/types\/product"}],"replies":[{"embeddable":true,"href":"https:\/\/katsyshop.com\/en\/wp-json\/wp\/v2\/comments?post=5783"}],"wp:featuredmedia":[{"embeddable":true,"href":"https:\/\/katsyshop.com\/en\/wp-json\/wp\/v2\/media\/5784"}],"wp:attachment":[{"href":"https:\/\/katsyshop.com\/en\/wp-json\/wp\/v2\/media?parent=5783"}],"wp:term":[{"taxonomy":"product_brand","embeddable":true,"href":"https:\/\/katsyshop.com\/en\/wp-json\/wp\/v2\/product_brand?post=5783"},{"taxonomy":"product_cat","embeddable":true,"href":"https:\/\/katsyshop.com\/en\/wp-json\/wp\/v2\/product_cat?post=5783"},{"taxonomy":"product_tag","embeddable":true,"href":"https:\/\/katsyshop.com\/en\/wp-json\/wp\/v2\/product_tag?post=5783"},{"taxonomy":"giftcard-category","embeddable":true,"href":"https:\/\/katsyshop.com\/en\/wp-json\/wp\/v2\/giftcard-category?post=5783"}],"curies":[{"name":"wp","href":"https:\/\/api.w.org\/{rel}","templated":true}]}}