{"id":5957,"date":"2023-11-06T21:56:28","date_gmt":"2023-11-06T19:56:28","guid":{"rendered":"https:\/\/katsyshop.com\/?post_type=product&#038;p=5957"},"modified":"2026-01-06T15:56:37","modified_gmt":"2026-01-06T13:56:37","slug":"drops-lima-magenta-uni-9028","status":"publish","type":"product","link":"https:\/\/katsyshop.com\/en\/product\/drops-lima-magenta-uni-9028\/","title":{"rendered":"DROPS Lima magenta uni 9028"},"content":{"rendered":"<h3 class=\"my-2\">HKuidas seda l\u00f5nga hooldada?<\/h3>\n<div class=\"row yarn-wash-container\">\n<div class=\"col-sm-12 yarn-wash mb-3\"><img loading=\"lazy\" decoding=\"async\" class=\"\" src=\"https:\/\/www.garnstudio.com\/img\/shademap\/Lima\/wash.svg\" alt=\"yarn wash\" width=\"511\" height=\"76\" \/><\/div>\n<\/div>\n<p class=\"my-1\"><strong>Hand Wash, max 30\u00b0C \/ Dry Flat<\/strong><\/p>\n<p>DROPS Lima on 4 kordseks korrutatud l\u00f5ng, mis sisaldab 65 % lambavilla ja 35% peenekiulist alpakat. Villakiud on t\u00f6\u00f6tlemata, st. neid on vaid pestud ja pole enne v\u00e4rvimist kokku puutunud kemikaalidega. See toob v\u00e4lja l\u00f5nga parimad looduslikud omadused, mis aitab hoida r\u00f5iva vormi ja kvaliteetsemaid tekstuure.<\/p>\n<p>Limat saab edukalt kasutada v\u00e4lisr\u00f5ivaste tegemiseks nagu klassikalised Norra kampsunid ja spordir\u00f5ivad, mis tuleb tavaliselt kududa tihedamad paremaks vormihoidmiseks. See l\u00f5ng tugev ja vastupidav, nagu iga villane l\u00f5ng peaks olema, mille teeb pehmemaks ja m\u00f5nusamaks alpakavilla omadused. Sportlik ja samas luksuslik l\u00f5ng!<\/p>\n<p>&nbsp;<\/p>\n<p><strong>Made in:\u00a0<\/strong>Peru<br \/>\n<strong>Raw material origin:<\/strong>\u00a0Alpaka- ja lambavill L\u00f5una-Ameerikast<\/p>\n<p class=\"oeko-text\">Sellel l\u00f5ngal on Oeko-Tex\u00ae sertifikaat (number 23.HPE.36896), Standard 100, II klass, Hohenstein Institute. See t\u00e4hendab, et seda on testitud kahjulike ainete suhtes ja seda peetakse inim\u00f6koloogilises m\u00f5ttes ohutuks. II klass t\u00e4hendab, et l\u00f5ng on sobiv kandmaks naha vastas, nagu s\u00e4rgid, kleidid, madratsid jne.<\/p>\n<p>&nbsp;<\/p>\n<p><a href=\"https:\/\/www.garnstudio.com\/search.php?action=browse&amp;y=drops-lima&amp;lang=ee\">Mustrid<\/a><\/p>\n<h5><a href=\"https:\/\/www.garnstudio.com\/yarn-combinations.php?lang=ee\">L\u00f5ngakombinatsioonid<\/a><\/h5>","protected":false},"excerpt":{"rendered":"<p><strong>Content:<\/strong>\u00a065% Wool, 35% Alpaca<br \/>\n<strong>Yarn Group:<\/strong>\u00a0<a href=\"https:\/\/www.garnstudio.com\/yarns.php?yarn-group=B&amp;cid=19\"><u>B (20 - 22 stitches)<\/u>)\u00a0<\/a>\/ 8 ply \/ DK \/ worsted<br \/>\n<strong>Weight\/length:<\/strong>\u00a050 g = u. 100 meetrit<br \/>\n<strong>Recommended needle size:<\/strong>\u00a04 mm<br \/>\n<strong>Knitting tension:<\/strong>\u00a010 x 10 cm = 21 sts x 28 rows<br \/>\n<strong>Care:<\/strong>Hand Wash, max 30\u00b0C \/ Dry Flat \/\u00a0<u><a href=\"https:\/\/www.garnstudio.com\/felting-tips.php?cid=19\">Feltable<\/a><\/u><br \/>\n<strong>Superwash:<\/strong>\u00a0no<\/p>\n<p>&nbsp;<\/p>\n<p>Partii 386629<\/p>","protected":false},"featured_media":5958,"comment_status":"open","ping_status":"closed","template":"","meta":[],"product_brand":[],"product_cat":[1062],"product_tag":[1070,1071,1072],"giftcard-category":[],"class_list":{"0":"post-5957","1":"product","2":"type-product","3":"status-publish","4":"has-post-thumbnail","6":"product_cat-drops-lima","7":"product_tag-drops-lima-long-kasitooks","8":"product_tag-drops-lima-tartus","9":"product_tag-longapood","11":"first","12":"instock","13":"sale","14":"shipping-taxable","15":"purchasable","16":"product-type-simple"},"jetpack_sharing_enabled":true,"_links":{"self":[{"href":"https:\/\/katsyshop.com\/en\/wp-json\/wp\/v2\/product\/5957","targetHints":{"allow":["GET"]}}],"collection":[{"href":"https:\/\/katsyshop.com\/en\/wp-json\/wp\/v2\/product"}],"about":[{"href":"https:\/\/katsyshop.com\/en\/wp-json\/wp\/v2\/types\/product"}],"replies":[{"embeddable":true,"href":"https:\/\/katsyshop.com\/en\/wp-json\/wp\/v2\/comments?post=5957"}],"wp:featuredmedia":[{"embeddable":true,"href":"https:\/\/katsyshop.com\/en\/wp-json\/wp\/v2\/media\/5958"}],"wp:attachment":[{"href":"https:\/\/katsyshop.com\/en\/wp-json\/wp\/v2\/media?parent=5957"}],"wp:term":[{"taxonomy":"product_brand","embeddable":true,"href":"https:\/\/katsyshop.com\/en\/wp-json\/wp\/v2\/product_brand?post=5957"},{"taxonomy":"product_cat","embeddable":true,"href":"https:\/\/katsyshop.com\/en\/wp-json\/wp\/v2\/product_cat?post=5957"},{"taxonomy":"product_tag","embeddable":true,"href":"https:\/\/katsyshop.com\/en\/wp-json\/wp\/v2\/product_tag?post=5957"},{"taxonomy":"giftcard-category","embeddable":true,"href":"https:\/\/katsyshop.com\/en\/wp-json\/wp\/v2\/giftcard-category?post=5957"}],"curies":[{"name":"wp","href":"https:\/\/api.w.org\/{rel}","templated":true}]}}