{"id":6024,"date":"2023-11-26T11:09:51","date_gmt":"2023-11-26T09:09:51","guid":{"rendered":"https:\/\/katsyshop.com\/?post_type=product&#038;p=6024"},"modified":"2025-10-05T18:42:24","modified_gmt":"2025-10-05T16:42:24","slug":"kootud-rohelinekampsun62","status":"publish","type":"product","link":"https:\/\/katsyshop.com\/en\/product\/kootud-rohelinekampsun62\/","title":{"rendered":"Kootud meriinokampsun suurus 62"},"content":{"rendered":"<p><strong>Knitted merino cardigan\u00a0<\/strong><\/p>\n<p>Size 62<br \/>\nMaterjal: 100 % meriino ( Merino Soft)<br \/>\nColour: green<\/p>\n<p><b>Measures:<br \/>\n<\/b>Varrukas k\u00e4e alt: 18,5 cm<b><br \/>\n<\/b>\u00d5last alu\u00e4\u00e4reni: 27 cm<b><br \/>\n<\/b>Body circumference: 49 cm<\/p>\n<p>Wash in water up to 40 degrees, dry flat to form.<\/p>\n<p><strong>NB! Depending on the screen, the colour may actually be a little brighter or lighter than the in the picture<\/strong><\/p>\n<p>&nbsp;<\/p>","protected":false},"excerpt":{"rendered":"<p>&nbsp;<\/p>\n<p>Size 62<br \/>\nMaterjal: 100 % meriino ( Merino Soft)<br \/>\nColour: green<\/p>\n<p>&nbsp;<\/p>\n<p><strong>NB! Depending on the screen, the colour may actually be a little brighter or lighter than the in the picture<\/strong><\/p>","protected":false},"featured_media":6027,"comment_status":"open","ping_status":"closed","template":"","meta":[],"product_brand":[],"product_cat":[37],"product_tag":[38,39,40,41,46,50,47,42,43,44,86,45,48,49],"giftcard-category":[],"class_list":{"0":"post-6024","1":"product","2":"type-product","3":"status-publish","4":"has-post-thumbnail","6":"product_cat-komplekt","7":"product_tag-kasitsi-kootud-beebikombekad","8":"product_tag-kombekad-beebidele","9":"product_tag-kootud-kombekad","10":"product_tag-kootud-meriinovillased-kombekad","11":"product_tag-laste-kampsunid","12":"product_tag-laste-kootud-kampsun","13":"product_tag-laste-puksid","14":"product_tag-meriinokombe-beebile","15":"product_tag-meriinotooted","16":"product_tag-meriinovillast-beebiriided","17":"product_tag-poiste-kootud-kampsun","18":"product_tag-villane-kombe","19":"product_tag-villapuksid","20":"product_tag-villariided","22":"first","23":"instock","24":"shipping-taxable","25":"purchasable","26":"product-type-simple"},"jetpack_sharing_enabled":true,"_links":{"self":[{"href":"https:\/\/katsyshop.com\/en\/wp-json\/wp\/v2\/product\/6024","targetHints":{"allow":["GET"]}}],"collection":[{"href":"https:\/\/katsyshop.com\/en\/wp-json\/wp\/v2\/product"}],"about":[{"href":"https:\/\/katsyshop.com\/en\/wp-json\/wp\/v2\/types\/product"}],"replies":[{"embeddable":true,"href":"https:\/\/katsyshop.com\/en\/wp-json\/wp\/v2\/comments?post=6024"}],"wp:featuredmedia":[{"embeddable":true,"href":"https:\/\/katsyshop.com\/en\/wp-json\/wp\/v2\/media\/6027"}],"wp:attachment":[{"href":"https:\/\/katsyshop.com\/en\/wp-json\/wp\/v2\/media?parent=6024"}],"wp:term":[{"taxonomy":"product_brand","embeddable":true,"href":"https:\/\/katsyshop.com\/en\/wp-json\/wp\/v2\/product_brand?post=6024"},{"taxonomy":"product_cat","embeddable":true,"href":"https:\/\/katsyshop.com\/en\/wp-json\/wp\/v2\/product_cat?post=6024"},{"taxonomy":"product_tag","embeddable":true,"href":"https:\/\/katsyshop.com\/en\/wp-json\/wp\/v2\/product_tag?post=6024"},{"taxonomy":"giftcard-category","embeddable":true,"href":"https:\/\/katsyshop.com\/en\/wp-json\/wp\/v2\/giftcard-category?post=6024"}],"curies":[{"name":"wp","href":"https:\/\/api.w.org\/{rel}","templated":true}]}}