{"id":6030,"date":"2023-11-26T11:36:51","date_gmt":"2023-11-26T09:36:51","guid":{"rendered":"https:\/\/katsyshop.com\/?post_type=product&#038;p=6030"},"modified":"2025-10-05T18:42:20","modified_gmt":"2025-10-05T16:42:20","slug":"komberoheline-suurus-62roheli","status":"publish","type":"product","link":"https:\/\/katsyshop.com\/en\/product\/komberoheline-suurus-62roheli\/","title":{"rendered":"Knitted jumpsuit size 62"},"content":{"rendered":"<p><b>Roheline\u00a0 kombekas<br \/>\nSuurus: 0-4 kuud \/ 62\u00a0<\/b><\/p>\n<p>Material: 100% merino<\/p>\n<p>Measures:<\/p>\n<p>Varrukas k\u00e4e alt: 19,5 cm<br \/>\n\u00d5last s\u00e4\u00e4re otsani: 50,5 cm<br \/>\nLeg length: 20 cm<br \/>\nBody circumference: 46 cm<\/p>\n<p>&nbsp;<\/p>\n<p>Wash in water up to 40 degrees, dry flat to form.<\/p>\n<p><strong>NB! Depending on the screen, the colour may actually be a little brighter or lighter than the in the picture<\/strong><\/p>\n<p>&nbsp;<\/p>","protected":false},"excerpt":{"rendered":"<p>&nbsp;<\/p>\n<p>Hand knitted merino jumpsuit<\/p>\n<p>Suurus: 0-4 kuud \/ 62<\/p>\n<p>Material: 100% merino<\/p>\n<p><strong>NB! Depending on the screen, the colour may actually be a little brighter or lighter than the in the picture<\/strong><\/p>","protected":false},"featured_media":6038,"comment_status":"open","ping_status":"closed","template":"","meta":[],"product_brand":[],"product_cat":[37],"product_tag":[38,39,40,41,42,43,44,45],"giftcard-category":[],"class_list":{"0":"post-6030","1":"product","2":"type-product","3":"status-publish","4":"has-post-thumbnail","6":"product_cat-komplekt","7":"product_tag-kasitsi-kootud-beebikombekad","8":"product_tag-kombekad-beebidele","9":"product_tag-kootud-kombekad","10":"product_tag-kootud-meriinovillased-kombekad","11":"product_tag-meriinokombe-beebile","12":"product_tag-meriinotooted","13":"product_tag-meriinovillast-beebiriided","14":"product_tag-villane-kombe","16":"first","17":"instock","18":"shipping-taxable","19":"purchasable","20":"product-type-simple"},"jetpack_sharing_enabled":true,"_links":{"self":[{"href":"https:\/\/katsyshop.com\/en\/wp-json\/wp\/v2\/product\/6030","targetHints":{"allow":["GET"]}}],"collection":[{"href":"https:\/\/katsyshop.com\/en\/wp-json\/wp\/v2\/product"}],"about":[{"href":"https:\/\/katsyshop.com\/en\/wp-json\/wp\/v2\/types\/product"}],"replies":[{"embeddable":true,"href":"https:\/\/katsyshop.com\/en\/wp-json\/wp\/v2\/comments?post=6030"}],"wp:featuredmedia":[{"embeddable":true,"href":"https:\/\/katsyshop.com\/en\/wp-json\/wp\/v2\/media\/6038"}],"wp:attachment":[{"href":"https:\/\/katsyshop.com\/en\/wp-json\/wp\/v2\/media?parent=6030"}],"wp:term":[{"taxonomy":"product_brand","embeddable":true,"href":"https:\/\/katsyshop.com\/en\/wp-json\/wp\/v2\/product_brand?post=6030"},{"taxonomy":"product_cat","embeddable":true,"href":"https:\/\/katsyshop.com\/en\/wp-json\/wp\/v2\/product_cat?post=6030"},{"taxonomy":"product_tag","embeddable":true,"href":"https:\/\/katsyshop.com\/en\/wp-json\/wp\/v2\/product_tag?post=6030"},{"taxonomy":"giftcard-category","embeddable":true,"href":"https:\/\/katsyshop.com\/en\/wp-json\/wp\/v2\/giftcard-category?post=6030"}],"curies":[{"name":"wp","href":"https:\/\/api.w.org\/{rel}","templated":true}]}}