{"id":6119,"date":"2023-11-26T22:54:13","date_gmt":"2023-11-26T20:54:13","guid":{"rendered":"https:\/\/katsyshop.com\/?post_type=product&#038;p=6119"},"modified":"2025-11-26T18:25:35","modified_gmt":"2025-11-26T16:25:35","slug":"kinkekaart1","status":"publish","type":"product","link":"https:\/\/katsyshop.com\/en\/product\/kinkekaart1\/","title":{"rendered":"e-gift card"},"content":{"rendered":"<div class=\"woocommerce-tabs wc-tabs-wrapper\">\n<div id=\"tab-description\" class=\"woocommerce-Tabs-panel woocommerce-Tabs-panel--description panel entry-content wc-tab\" role=\"tabpanel\" aria-labelledby=\"tab-title-description\">\n<p>Katsy e-poe e-kinkekaart!<\/p>\n<p>Kui soovid teha katsikukingitust ja \u00fcllatada v\u00e4rskeid vanemaid Kairi Design kudumitega, kuid \u00f5ige toote valik tundub keeruline ja aegan\u00f5udev, siis meil on Sulle lahenduseks pakkuda kinkekaart!<\/p>\n<p>Kinkekaart sobib ka k\u00e4sit\u00f6\u00f6huvilisele l\u00f5nga soetamiseks!<\/p>\n<p>Selle v\u00e4\u00e4rtuse saab ise valida ning kaardi kehtivusaeg on 6 kuud.\u00a0Kaarti saad kasutada kehtivusaja jooksul kuni selle limiit on \u00e4ra kasutatud, ka mitmes osas.<\/p>\n<p>The e-gift card will be sent to the e-mail after the payment is received.<\/p>\n<p>Kinkekaarti saab realiseerida meie e-poes ja\u00a0 Tartu poes.<\/p>\n<p><strong>NB! You cannot pay for transport with a gift card!<\/strong><\/p>\n<\/div>\n<\/div>","protected":false},"excerpt":{"rendered":"<div class=\"woocommerce-tabs wc-tabs-wrapper\">\n<div id=\"tab-description\" class=\"woocommerce-Tabs-panel woocommerce-Tabs-panel--description panel entry-content wc-tab\" role=\"tabpanel\" aria-labelledby=\"tab-title-description\">\n<p>Katsy e-poe\u00a0 e-kinkekaardi!<\/p>\n<p>Kui soovid teha katsikukingitust ja \u00fcllatada v\u00e4rskeid vanemaid Kairi Design kudumitega, kuid \u00f5ige toote valik tundub keeruline ja aegan\u00f5udev, siis meil on Sulle lahenduseks pakkuda kinkekaart!<\/p>\n<p>Kinkekaart sobib ka k\u00e4sit\u00f6\u00f6huvilisele l\u00f5nga soetamiseks!<\/p>\n<p>Selle v\u00e4\u00e4rtuse saab ise valida ning kaardi kehtivusaeg on 6 kuud.\u00a0Kaarti saad kasutada kehtivusaja jooksul kuni selle limiit on \u00e4ra kasutatud, ka mitmes osas.<\/p>\n<p>The e-gift card will be sent to the e-mail after the payment is received.<\/p>\n<p>Kinkekaarti saab realiseerida meie e-poes ja\u00a0 Tartu poes.<\/p>\n<p><strong>NB! You cannot pay for transport with a gift card!<\/strong><\/p>\n<\/div>\n<\/div>","protected":false},"featured_media":6044,"comment_status":"open","ping_status":"closed","template":"","meta":[],"product_brand":[],"product_cat":[92,1177],"product_tag":[],"giftcard-category":[],"class_list":{"0":"post-6119","1":"product","2":"type-product","3":"status-publish","4":"has-post-thumbnail","6":"product_cat-kinkekaardid","7":"product_cat-kinkekaardid-2","9":"first","10":"instock","11":"sold-individually","12":"shipping-taxable","13":"purchasable","14":"product-type-variable"},"jetpack_sharing_enabled":true,"_links":{"self":[{"href":"https:\/\/katsyshop.com\/en\/wp-json\/wp\/v2\/product\/6119","targetHints":{"allow":["GET"]}}],"collection":[{"href":"https:\/\/katsyshop.com\/en\/wp-json\/wp\/v2\/product"}],"about":[{"href":"https:\/\/katsyshop.com\/en\/wp-json\/wp\/v2\/types\/product"}],"replies":[{"embeddable":true,"href":"https:\/\/katsyshop.com\/en\/wp-json\/wp\/v2\/comments?post=6119"}],"wp:featuredmedia":[{"embeddable":true,"href":"https:\/\/katsyshop.com\/en\/wp-json\/wp\/v2\/media\/6044"}],"wp:attachment":[{"href":"https:\/\/katsyshop.com\/en\/wp-json\/wp\/v2\/media?parent=6119"}],"wp:term":[{"taxonomy":"product_brand","embeddable":true,"href":"https:\/\/katsyshop.com\/en\/wp-json\/wp\/v2\/product_brand?post=6119"},{"taxonomy":"product_cat","embeddable":true,"href":"https:\/\/katsyshop.com\/en\/wp-json\/wp\/v2\/product_cat?post=6119"},{"taxonomy":"product_tag","embeddable":true,"href":"https:\/\/katsyshop.com\/en\/wp-json\/wp\/v2\/product_tag?post=6119"},{"taxonomy":"giftcard-category","embeddable":true,"href":"https:\/\/katsyshop.com\/en\/wp-json\/wp\/v2\/giftcard-category?post=6119"}],"curies":[{"name":"wp","href":"https:\/\/api.w.org\/{rel}","templated":true}]}}