{"id":6351,"date":"2024-01-15T18:35:07","date_gmt":"2024-01-15T16:35:07","guid":{"rendered":"https:\/\/katsyshop.com\/?post_type=product&#038;p=6351"},"modified":"2025-10-05T15:00:54","modified_gmt":"2025-10-05T13:00:54","slug":"drops-sky-kahvaturoosa-uni-18","status":"publish","type":"product","link":"https:\/\/katsyshop.com\/en\/product\/drops-sky-kahvaturoosa-uni-18\/","title":{"rendered":"DROPS Sky kahvaturoosa uni 18"},"content":{"rendered":"<div class=\"row yarn-wash-container\">\n<div>\n<p>DROPS Sky, 74% beebialpaka, 8% meriino ja 18% pol\u00fcamiid, on v\u00e4ga pehme ja luksuslik l\u00f5ng, sarnane DROPS Air l\u00f5ngale, aga kootud n\u00f6\u00f6ri sarnase struktuuriga, mis muudab l\u00f5nga kergeks ja vastupidavaks.<\/p>\n<p>Ideaalne suurteks projektideks nagu tekid, pontsod, kardiganid ja d\u017eemprid; sobib samuti \u00f5lasallideks, m\u00fctsideks ja sallideks. DROPS Sky annab hea tekstuurse tulemuse klassikalises parempidises koes, aga ka teistes struktuursetes ja palmikutega mustrites.<\/p>\n<\/div>\n<div><\/div>\n<div><\/div>\n<div class=\"col-sm-12 yarn-wash mb-3\"><img loading=\"lazy\" decoding=\"async\" class=\"\" src=\"https:\/\/www.garnstudio.com\/img\/shademap\/Sky\/wash.svg\" alt=\"yarn wash\" width=\"440\" height=\"67\" \/><\/div>\n<\/div>\n<p class=\"my-1\"><strong>K\u00e4sipesu, kuni 30\u00b0C \/ kuivata tasapinnal<\/strong><\/p>\n<p>Esiteks proovi eset lihtsalt tuulutada pesemise asemel. Kui on kindlasti vaja pesta, siis j\u00e4rgi n\u00f5uandeid:<\/p>\n<ul>\n<li>K\u00e4sipesu 30\u00baC &#8211; eraldi \u2013 ilma valgendajata villase l\u00f5nga pesuvahendiga.<\/li>\n<li>\u00c4ra leota eset. Liiguta vaikselt edasi-tagasi, \u00e4ra h\u00f5\u00f5ru ega v\u00e4\u00e4na.<\/li>\n<li>Loputa, kuni vesi j\u00e4\u00e4b puhtaks, k\u00e4esoojas vees.<\/li>\n<li>Kasutada v\u00f5ib kerget tsentrifuugi (umbes 800rpm), programmiga, mis ei v\u00f5ta vett sisse. V\u00f5i pigista vesi v\u00e4lja r\u00e4tiku sees. \u00c4ra v\u00e4\u00e4na ega rulli r\u00e4tikut.<\/li>\n<li>Pane ese kuivama tasapinnale \u2013 \u00e4ra riputa &#8211; n\u00e4iteks kuivatusrestile h\u00e4sti ventileeritud ruumis. \u00c4ra kuivata eset p\u00e4ikese k\u00e4es.<\/li>\n<li>\u00c4ra kasuta kuivatit.<\/li>\n<\/ul>\n<p>NB! Kui pesed eset, kus on kasutatud erinevaid l\u00f5ngu koos, siis j\u00e4rgi hooldusinstruktsiooni delikaatsemale l\u00f5ngale.<\/p>\n<p>&nbsp;<\/p>\n<p>&nbsp;<\/p>\n<p><strong>Made in:\u00a0<\/strong>Peru\/EU<br \/>\n<strong>Raw material origin:<\/strong>\u00a0Alpaka ja lambavill L\u00f5una-Ameerikast, pol\u00fcamiid Itaaliast<\/p>\n<p>&nbsp;<\/p>\n<p>Pea meeles, et v\u00e4rvid v\u00f5ivad igal ekraanil paista erinevad nagu ka erinevad v\u00e4rvipartiid v\u00f5ivad olla erineva varjundiga.<\/p>\n<p>&nbsp;<\/p>\n<p><a href=\"https:\/\/www.garnstudio.com\/search.php?action=browse&amp;y=drops-sky&amp;lang=ee\">Mustrid<\/a><\/p>\n<h3><a href=\"https:\/\/www.garnstudio.com\/yarn-combinations.php?yarn=drops-sky&amp;show=swatches&amp;sort=colour&amp;eelang=ee\">L\u00f5ngakombinatsioonid<\/a><\/h3>","protected":false},"excerpt":{"rendered":"<div class=\"row\">\n<div class=\"col-10 col-sm-10 col-md-10\">\n<h3 class=\"ytitle\">Imepehme ja kerge beebialpaka ja meriinovilla segu<\/h3>\n<\/div>\n<\/div>\n<div class=\"row ypic\">\n<div class=\"col-12\">\n<p><strong>Content:<\/strong>\u00a074% alpaka, 18% pol\u00fcamiid, 8% vill<br \/>\n<strong>Yarn Group:<\/strong>\u00a0<a href=\"https:\/\/www.garnstudio.com\/yarns.php?yarn-group=B&amp;cid=19\"><u>B (20 - 22 stitches)<\/u>)\u00a0<\/a>\/ 8 ply \/ DK<br \/>\n<strong>Weight\/length:<\/strong>\u00a050 g = u. 190 meetrit<br \/>\n<strong>Recommended needle size:<\/strong>\u00a04 mm<br \/>\n<strong>Knitting tension:<\/strong>\u00a010 x 10 cm = 21 sts x 28 rows<br \/>\n<strong>Care:<\/strong>: K\u00e4sipesu, kuni 30\u00b0C \/ kuivata tasapinnal \/\u00a0<u><a href=\"https:\/\/www.garnstudio.com\/felting-tips.php?cid=19\">Feltable<\/a><\/u><\/p>\n<p><strong>Superwash:<\/strong>\u00a0ei<\/p>\n<\/div>\n<\/div>\n<p>&nbsp;<\/p>\n<p>&nbsp;<\/p>\n<p>&nbsp;<\/p>\n<p>&nbsp;<\/p>","protected":false},"featured_media":6352,"comment_status":"open","ping_status":"closed","template":"","meta":[],"product_brand":[],"product_cat":[1083,129],"product_tag":[1087,421,422,423,1086,1085,424,425,426,427,428,429,366,430,367],"giftcard-category":[],"class_list":{"0":"post-6351","1":"product","2":"type-product","3":"status-publish","4":"has-post-thumbnail","6":"product_cat-drops-sky","7":"product_cat-longad","8":"product_tag-alpaka-ja-meriino-segu","9":"product_tag-drops-paris","10":"product_tag-drops-paris-long","11":"product_tag-drops-paris-puuvillane-long","12":"product_tag-drops-skay-tartus","13":"product_tag-drops-sky","14":"product_tag-longa-muuk-tartus","15":"product_tag-longad-kudumiseks-ja-heegeldamiseks","16":"product_tag-longad-tartus","17":"product_tag-longamuujad-tartus","18":"product_tag-paris-drops-tartus","19":"product_tag-puuvilla-long","20":"product_tag-puuvillased-longad-heegeldamiseks","21":"product_tag-puuvillased-longad-kasitooks","22":"product_tag-puuvillased-longad-kudumiseks","24":"first","25":"instock","26":"sale","27":"shipping-taxable","28":"purchasable","29":"product-type-simple"},"jetpack_sharing_enabled":true,"_links":{"self":[{"href":"https:\/\/katsyshop.com\/en\/wp-json\/wp\/v2\/product\/6351","targetHints":{"allow":["GET"]}}],"collection":[{"href":"https:\/\/katsyshop.com\/en\/wp-json\/wp\/v2\/product"}],"about":[{"href":"https:\/\/katsyshop.com\/en\/wp-json\/wp\/v2\/types\/product"}],"replies":[{"embeddable":true,"href":"https:\/\/katsyshop.com\/en\/wp-json\/wp\/v2\/comments?post=6351"}],"wp:featuredmedia":[{"embeddable":true,"href":"https:\/\/katsyshop.com\/en\/wp-json\/wp\/v2\/media\/6352"}],"wp:attachment":[{"href":"https:\/\/katsyshop.com\/en\/wp-json\/wp\/v2\/media?parent=6351"}],"wp:term":[{"taxonomy":"product_brand","embeddable":true,"href":"https:\/\/katsyshop.com\/en\/wp-json\/wp\/v2\/product_brand?post=6351"},{"taxonomy":"product_cat","embeddable":true,"href":"https:\/\/katsyshop.com\/en\/wp-json\/wp\/v2\/product_cat?post=6351"},{"taxonomy":"product_tag","embeddable":true,"href":"https:\/\/katsyshop.com\/en\/wp-json\/wp\/v2\/product_tag?post=6351"},{"taxonomy":"giftcard-category","embeddable":true,"href":"https:\/\/katsyshop.com\/en\/wp-json\/wp\/v2\/giftcard-category?post=6351"}],"curies":[{"name":"wp","href":"https:\/\/api.w.org\/{rel}","templated":true}]}}