{"id":6392,"date":"2024-01-15T19:41:57","date_gmt":"2024-01-15T17:41:57","guid":{"rendered":"https:\/\/katsyshop.com\/?post_type=product&#038;p=6392"},"modified":"2026-03-27T14:02:11","modified_gmt":"2026-03-27T12:02:11","slug":"drops-brushed-alpaca-silk-hommikune-udu-uni-14","status":"publish","type":"product","link":"https:\/\/katsyshop.com\/en\/product\/drops-brushed-alpaca-silk-hommikune-udu-uni-14\/","title":{"rendered":"DROPS Brushed Alpaca Silk hommikune udu uni 14"},"content":{"rendered":"<div class=\"row yarn-wash-container\">\n<div>\n<p>Luksuslik l\u00f5ng, mis on eksklusiivne segu pehmest kammitud peenekiulisest alpakavillast ja peenest l\u00e4ikivast siidist &#8211; DROPS Brushed Alpaca Silk on t\u00f5eliselt pehme ning sel on suursugune v\u00e4rvikaart, kus leidub toone pehmetest beezidest ja hallidest toonidest kuni vapustavate punaste ja lilladeni.<\/p>\n<p>L\u00f5ng on sulgkerge ja \u00fcllatavalt soe, DROPS Brushed Alpaca Silk sobib nii v\u00e4ikeste, kui suuremate r\u00f5ivaste tegemiseks ning seda saab kududa suhteliselt kiiresti suuremate varrastega. Seda v\u00f5ib kasutada efektl\u00f5ngana koos teiste l\u00f5ngadega pehmema tulemuse saamiseks.<\/p>\n<\/div>\n<div><\/div>\n<div><\/div>\n<\/div>\n<div class=\"row yarn-wash-container\">\n<div class=\"col-sm-12 yarn-wash mb-3\"><img loading=\"lazy\" decoding=\"async\" class=\"\" src=\"https:\/\/www.garnstudio.com\/img\/shademap\/BrushedAlpacaSilk\/wash.svg\" alt=\"yarn wash\" width=\"364\" height=\"55\" \/><\/div>\n<\/div>\n<p class=\"my-1\"><strong>K\u00e4sipesu, max 30\u00b0C \/ kuivata tasapinnal.<\/strong><\/p>\n<p>Esiteks proovi eset lihtsalt tuulutada pesemise asemel. Kui on kindlasti vaja pesta, siis j\u00e4rgi n\u00f5uandeid:<\/p>\n<ul>\n<li>K\u00e4sipesu 30\u00baC &#8211; eraldi \u2013 ilma valgendajata villase l\u00f5nga pesuvahendiga.<\/li>\n<li>\u00c4ra leota eset. Liiguta vaikselt edasi-tagasi, \u00e4ra h\u00f5\u00f5ru ega v\u00e4\u00e4na.<\/li>\n<li>Loputa, kuni vesi j\u00e4\u00e4b puhtaks, k\u00e4esoojas vees.<\/li>\n<li>Kasutada v\u00f5ib kerget tsentrifuugi (umbes 800rpm), programmiga, mis ei v\u00f5ta vett sisse. V\u00f5i pigista vesi v\u00e4lja r\u00e4tiku sees. \u00c4ra v\u00e4\u00e4na ega rulli r\u00e4tikut.<\/li>\n<li>Pane ese kuivama tasapinnale \u2013 \u00e4ra riputa &#8211; n\u00e4iteks kuivatusrestile h\u00e4sti ventileeritud ruumis. \u00c4ra kuivata eset p\u00e4ikese k\u00e4es.<\/li>\n<li>\u00c4ra kasuta kuivatit.<\/li>\n<\/ul>\n<p>NB! Kui pesed eset, kus on kasutatud erinevaid l\u00f5ngu koos, siis j\u00e4rgi hooldusinstruktsiooni delikaatsemale l\u00f5ngale.<\/p>\n<p><strong>Made in:\u00a0<\/strong>Peru<br \/>\n<strong>Raw material origin:<\/strong>\u00a0Alpakavill Peruust, siid Hiinast<\/p>\n<p class=\"oeko-text\">Sellel l\u00f5ngal on Oeko-Tex\u00ae sertifikaat (number 23.HPE.36896), Standard 100, II klass, Hohenstein Institute. See t\u00e4hendab, et seda on testitud kahjulike ainete suhtes ja seda peetakse inim\u00f6koloogilises m\u00f5ttes ohutuks. II klass t\u00e4hendab, et l\u00f5ng on sobiv kandmaks naha vastas, nagu s\u00e4rgid, kleidid, madratsid jne.<\/p>\n<p>&nbsp;<\/p>\n<p>Pea meeles, et v\u00e4rvid v\u00f5ivad igal ekraanil paista erinevad nagu ka erinevad v\u00e4rvipartiid v\u00f5ivad olla erineva varjundiga.<\/p>\n<p>&nbsp;<\/p>\n<p><a href=\"https:\/\/www.garnstudio.com\/search.php?action=browse&amp;y=drops-brushed-alpaca-silk&amp;lang=ee\">Mustrid<\/a><\/p>\n<h3><a href=\"https:\/\/www.garnstudio.com\/yarn-combinations.php?yarn=drops-brushed-alpaca-silk&amp;show=swatches&amp;sort=colour&amp;eelang=ee\">L\u00f5ngakombinatsioonid<\/a><\/h3>","protected":false},"excerpt":{"rendered":"<div class=\"row\">\n<div class=\"col-10 col-sm-10 col-md-10\">\n<div class=\"row\">\n<div class=\"col-10 col-sm-10 col-md-10\">\n<h3 class=\"ytitle\">Luksuslik kammitud alpaka ja mooruspuu siidi segu<\/h3>\n<\/div>\n<div class=\"col-2 col-sm-2 col-md-2\">\n<div class=\"yprice\">\n<p class=\"small\"><strong>Content:<\/strong>\u00a077% alpaka, 23% siid<\/p>\n<\/div>\n<\/div>\n<\/div>\n<div class=\"row ypic\">\n<div class=\"col-12\">\n<p><strong>Yarn Group:<\/strong>\u00a0<a href=\"https:\/\/www.garnstudio.com\/yarns.php?yarn-group=C&amp;cid=29\"><u>C (16 &#8211; 19 silmust<\/u>)\u00a0<\/a>\/ 10 ply \/ aran \/ worsted<br \/>\n<strong>Weight\/length:<\/strong>\u00a025 g = u. 140 meetrit<br \/>\n<strong>Recommended needle size:<\/strong>\u00a05 mm<br \/>\n<strong>Knitting tension:<\/strong>\u00a010 x 10 cm = 17 s x 22 rida<br \/>\n<strong>Care:<\/strong>: K\u00e4sipesu, max 30\u00b0C \/ kuivata tasapinnal.<\/p>\n<\/div>\n<\/div>\n<\/div>\n<\/div>\n<p>&nbsp;<\/p>\n<p>&nbsp;<\/p>\n<p>&nbsp;<\/p>","protected":false},"featured_media":6393,"comment_status":"open","ping_status":"closed","template":"","meta":[],"product_brand":[],"product_cat":[1084,129],"product_tag":[1089,1087,1090,1088,421,422,423,1086,1085,424,425,426,427,428,429,366,430,367,1091],"giftcard-category":[],"class_list":{"0":"post-6392","1":"product","2":"type-product","3":"status-publish","4":"has-post-thumbnail","6":"product_cat-drops-brushed-alpaca-silk","7":"product_cat-longad","8":"product_tag-alpaca-silk","9":"product_tag-alpaka-ja-meriino-segu","10":"product_tag-alpaka-silk","11":"product_tag-drops-brushed-alpaka-silk","12":"product_tag-drops-paris","13":"product_tag-drops-paris-long","14":"product_tag-drops-paris-puuvillane-long","15":"product_tag-drops-skay-tartus","16":"product_tag-drops-sky","17":"product_tag-longa-muuk-tartus","18":"product_tag-longad-kudumiseks-ja-heegeldamiseks","19":"product_tag-longad-tartus","20":"product_tag-longamuujad-tartus","21":"product_tag-paris-drops-tartus","22":"product_tag-puuvilla-long","23":"product_tag-puuvillased-longad-heegeldamiseks","24":"product_tag-puuvillased-longad-kasitooks","25":"product_tag-puuvillased-longad-kudumiseks","26":"product_tag-siid-ja-alpaka","28":"first","29":"instock","30":"shipping-taxable","31":"purchasable","32":"product-type-simple"},"jetpack_sharing_enabled":true,"_links":{"self":[{"href":"https:\/\/katsyshop.com\/en\/wp-json\/wp\/v2\/product\/6392","targetHints":{"allow":["GET"]}}],"collection":[{"href":"https:\/\/katsyshop.com\/en\/wp-json\/wp\/v2\/product"}],"about":[{"href":"https:\/\/katsyshop.com\/en\/wp-json\/wp\/v2\/types\/product"}],"replies":[{"embeddable":true,"href":"https:\/\/katsyshop.com\/en\/wp-json\/wp\/v2\/comments?post=6392"}],"wp:featuredmedia":[{"embeddable":true,"href":"https:\/\/katsyshop.com\/en\/wp-json\/wp\/v2\/media\/6393"}],"wp:attachment":[{"href":"https:\/\/katsyshop.com\/en\/wp-json\/wp\/v2\/media?parent=6392"}],"wp:term":[{"taxonomy":"product_brand","embeddable":true,"href":"https:\/\/katsyshop.com\/en\/wp-json\/wp\/v2\/product_brand?post=6392"},{"taxonomy":"product_cat","embeddable":true,"href":"https:\/\/katsyshop.com\/en\/wp-json\/wp\/v2\/product_cat?post=6392"},{"taxonomy":"product_tag","embeddable":true,"href":"https:\/\/katsyshop.com\/en\/wp-json\/wp\/v2\/product_tag?post=6392"},{"taxonomy":"giftcard-category","embeddable":true,"href":"https:\/\/katsyshop.com\/en\/wp-json\/wp\/v2\/giftcard-category?post=6392"}],"curies":[{"name":"wp","href":"https:\/\/api.w.org\/{rel}","templated":true}]}}