{"id":6556,"date":"2024-02-26T19:01:00","date_gmt":"2024-02-26T17:01:00","guid":{"rendered":"https:\/\/katsyshop.com\/?post_type=product&#038;p=6556"},"modified":"2026-04-08T10:17:46","modified_gmt":"2026-04-08T08:17:46","slug":"drops-daisy-salveiroheline-uni-26","status":"publish","type":"product","link":"https:\/\/katsyshop.com\/en\/product\/drops-daisy-salveiroheline-uni-26\/","title":{"rendered":"DROPS Daisy salveiroheline uni 26"},"content":{"rendered":"<h3 class=\"my-2\">HKuidas seda l\u00f5nga hooldada?<\/h3>\n<div class=\"row yarn-wash-container\">\n<div class=\"col-sm-12 yarn-wash mb-3\"><img loading=\"lazy\" decoding=\"async\" class=\"\" src=\"https:\/\/www.garnstudio.com\/img\/shademap\/Daisy\/wash.svg\" alt=\"yarn wash\" width=\"352\" height=\"53\" \/><\/div>\n<\/div>\n<p>&nbsp;<\/p>\n<p>DROPS Daisy on pehme, t\u00f6\u00f6tlemata l\u00f5ng, mis on kedratud 100% eriti peenest meriinovillast. Selles l\u00f5ngas kasutatud villakiud on t\u00f6\u00f6tlemata, mis t\u00e4hendab, et seda on ainult pestud ning enne v\u00e4rvimist ei ole t\u00f6\u00f6deldud keemikaalidega. See toob v\u00e4lja villa parimad omadused, samuti aitab hoida vormi.<\/p>\n<p>DROPS Daisy l\u00f5ng on kedratud kokku 4 niidist, mis annavad l\u00f5ngale lisaelastsust; see l\u00f5ng sobib eriti h\u00e4sti palmikutega ja tekstuursete ning p\u00e4rlkoes mustrite kudumiseks. L\u00f5nga spetsiaalne konstruktsioon muudab ka r\u00f5iva \u00f5ige k\u00e4sitlemise eriti oluliseks: veenduge, et koote \u00f5ige pingega \u2013 kuduge pigem tihedalt, kui l\u00f5dvalt. J\u00e4rgige hooldusjuhiseid, \u00e4rge kunagi j\u00e4tke oma projekti ligunema ning kuivatage tasapinnal, mitte rippuvas asendis.<\/p>\n<p>Nagu k\u00f5ik meie meriinol\u00f5ngad, p\u00e4rineb ka see meriinovill L\u00f5una-Ameerika vabapidamisel loomadelt.<\/p>\n<p><strong>Made in:\u00a0<\/strong>Peru<br \/>\n<strong>Raw material origin:<\/strong>\u00a0Wool from South America<\/p>\n<p class=\"oeko-text\">Sellel l\u00f5ngal on Oeko-Tex\u00ae sertifikaat (number 23.HPE.36896), Standard 100, II klass, Hohenstein Institute. See t\u00e4hendab, et seda on testitud kahjulike ainete suhtes ja seda peetakse inim\u00f6koloogilises m\u00f5ttes ohutuks. II klass t\u00e4hendab, et l\u00f5ng on sobiv kandmaks naha vastas, nagu s\u00e4rgid, kleidid, madratsid jne.<\/p>\n<p>&nbsp;<\/p>\n<p><a href=\"https:\/\/www.garnstudio.com\/search.php?action=browse&amp;y=drops-daisy&amp;lang=ee\">Mustrid l\u00f5ngale Daisy<\/a><\/p>","protected":false},"excerpt":{"rendered":"<p><strong>Content:<\/strong>\u00a0100% vill<br \/>\n<strong>Yarn Group:<\/strong>\u00a0<a href=\"https:\/\/www.garnstudio.com\/yarns.php?yarn-group=B&amp;cid=19\"><u>B (20 - 22 stitches)<\/u>)\u00a0<\/a>\/ 8 ply \/ DK<br \/>\n<strong>Weight\/length:<\/strong>\u00a050 g = approx 110 m<br \/>\n<strong>Recommended needle size:<\/strong>\u00a04 mm<br \/>\n<strong>Knitting tension:<\/strong>\u00a010 x 10 cm = 21 sts x 28 rows<br \/>\n<strong>Care:<\/strong>: K\u00e4sipesu, max 30\u00b0C \/ kuivata tasapinnal. \/\u00a0<u><a href=\"https:\/\/www.garnstudio.com\/felting-tips.php?cid=19\">Feltable<\/a><\/u><br \/>\n<strong>Superwash:<\/strong>\u00a0no<\/p>\n<p>&nbsp;<\/p>","protected":false},"featured_media":6557,"comment_status":"open","ping_status":"closed","template":"","meta":[],"product_brand":[],"product_cat":[1032],"product_tag":[1033,1034,774,775],"giftcard-category":[],"class_list":{"0":"post-6556","1":"product","2":"type-product","3":"status-publish","4":"has-post-thumbnail","6":"product_cat-drops-daisy","7":"product_tag-drops-daisy-meriino-long","8":"product_tag-meriino-longad","9":"product_tag-merino-yarn","10":"product_tag-merino-yarn-in-tartu","12":"first","13":"instock","14":"sale","15":"shipping-taxable","16":"purchasable","17":"product-type-simple"},"jetpack_sharing_enabled":true,"_links":{"self":[{"href":"https:\/\/katsyshop.com\/en\/wp-json\/wp\/v2\/product\/6556","targetHints":{"allow":["GET"]}}],"collection":[{"href":"https:\/\/katsyshop.com\/en\/wp-json\/wp\/v2\/product"}],"about":[{"href":"https:\/\/katsyshop.com\/en\/wp-json\/wp\/v2\/types\/product"}],"replies":[{"embeddable":true,"href":"https:\/\/katsyshop.com\/en\/wp-json\/wp\/v2\/comments?post=6556"}],"wp:featuredmedia":[{"embeddable":true,"href":"https:\/\/katsyshop.com\/en\/wp-json\/wp\/v2\/media\/6557"}],"wp:attachment":[{"href":"https:\/\/katsyshop.com\/en\/wp-json\/wp\/v2\/media?parent=6556"}],"wp:term":[{"taxonomy":"product_brand","embeddable":true,"href":"https:\/\/katsyshop.com\/en\/wp-json\/wp\/v2\/product_brand?post=6556"},{"taxonomy":"product_cat","embeddable":true,"href":"https:\/\/katsyshop.com\/en\/wp-json\/wp\/v2\/product_cat?post=6556"},{"taxonomy":"product_tag","embeddable":true,"href":"https:\/\/katsyshop.com\/en\/wp-json\/wp\/v2\/product_tag?post=6556"},{"taxonomy":"giftcard-category","embeddable":true,"href":"https:\/\/katsyshop.com\/en\/wp-json\/wp\/v2\/giftcard-category?post=6556"}],"curies":[{"name":"wp","href":"https:\/\/api.w.org\/{rel}","templated":true}]}}