{"id":6652,"date":"2024-03-30T21:10:35","date_gmt":"2024-03-30T19:10:35","guid":{"rendered":"https:\/\/katsyshop.com\/?post_type=product&#038;p=6652"},"modified":"2025-10-05T18:59:00","modified_gmt":"2025-10-05T16:59:00","slug":"papud-salvei","status":"publish","type":"product","link":"https:\/\/katsyshop.com\/en\/product\/papud-salvei\/","title":{"rendered":"Papud salvei 6-9 kuud"},"content":{"rendered":"<p>&nbsp;<\/p>\n<p><b>Booties<\/b><br \/>\nKootud 100% meriino l\u00f5ngast ( 2 x Drops Baby Merino v 50)<\/p>\n<p>V\u00e4rv: salvei<\/p>\n<p>&nbsp;<\/p>\n<p>Sole length 11 cm ( 6-9 months)<\/p>\n<p>&nbsp;<\/p>\n<div class=\"elementor-element elementor-element-e21f715 elementor-column elementor-col-50 elementor-top-column\" data-id=\"e21f715\" data-element_type=\"column\">\n<div class=\"elementor-column-wrap elementor-element-populated\">\n<div class=\"elementor-widget-wrap\">\n<div class=\"elementor-element elementor-element-91cfc70 elementor-widget elementor-widget-woocommerce-product-data-tabs\" data-id=\"91cfc70\" data-element_type=\"widget\" data-widget_type=\"woocommerce-product-data-tabs.default\">\n<div class=\"elementor-widget-container\">\n<div class=\"woocommerce-tabs wc-tabs-wrapper\">\n<div id=\"tab-description\" class=\"woocommerce-Tabs-panel woocommerce-Tabs-panel--description panel entry-content wc-tab\" role=\"tabpanel\" aria-labelledby=\"tab-title-description\">\n<p>Wash in water up to 40 degrees, dry flat to form.<\/p>\n<\/div>\n<\/div>\n<\/div>\n<\/div>\n<\/div>\n<\/div>\n<\/div>\n<p><strong>NB! The colour  may differ slightly from what is on the screen<\/strong><\/p>","protected":false},"excerpt":{"rendered":"<p>&nbsp;<\/p>\n<p><b>Booties<\/b><br \/>\nKootud 100% meriino l\u00f5ngast ( 2 x Drops Baby Merino v 50)<\/p>\n<p>V\u00e4rv: salvei<\/p>\n<p>Sole length 11 cm ( 6-9 months)<\/p>\n<p>&nbsp;<\/p>\n<p><b>NB! Reaalselt v\u00f5ib v\u00e4rv ekraanil olevast natuke heledam v\u00f5i tumedam olla!<\/b><\/p>\n<p>&nbsp;<\/p>","protected":false},"featured_media":6657,"comment_status":"open","ping_status":"closed","template":"","meta":[],"product_brand":[],"product_cat":[28],"product_tag":[30,35,34,29,31,32,36,33],"giftcard-category":[],"class_list":{"0":"post-6652","1":"product","2":"type-product","3":"status-publish","4":"has-post-thumbnail","6":"product_cat-booty","7":"product_tag-kootud-papud","8":"product_tag-meriinovillane","9":"product_tag-meriinovillased-sokid-titale","10":"product_tag-papud-beebile","11":"product_tag-soojad-papud","12":"product_tag-tita-papud","13":"product_tag-tita-villased-papud","14":"product_tag-vastsundinule-jalga","16":"first","17":"instock","18":"shipping-taxable","19":"purchasable","20":"product-type-variable"},"jetpack_sharing_enabled":true,"_links":{"self":[{"href":"https:\/\/katsyshop.com\/en\/wp-json\/wp\/v2\/product\/6652","targetHints":{"allow":["GET"]}}],"collection":[{"href":"https:\/\/katsyshop.com\/en\/wp-json\/wp\/v2\/product"}],"about":[{"href":"https:\/\/katsyshop.com\/en\/wp-json\/wp\/v2\/types\/product"}],"replies":[{"embeddable":true,"href":"https:\/\/katsyshop.com\/en\/wp-json\/wp\/v2\/comments?post=6652"}],"wp:featuredmedia":[{"embeddable":true,"href":"https:\/\/katsyshop.com\/en\/wp-json\/wp\/v2\/media\/6657"}],"wp:attachment":[{"href":"https:\/\/katsyshop.com\/en\/wp-json\/wp\/v2\/media?parent=6652"}],"wp:term":[{"taxonomy":"product_brand","embeddable":true,"href":"https:\/\/katsyshop.com\/en\/wp-json\/wp\/v2\/product_brand?post=6652"},{"taxonomy":"product_cat","embeddable":true,"href":"https:\/\/katsyshop.com\/en\/wp-json\/wp\/v2\/product_cat?post=6652"},{"taxonomy":"product_tag","embeddable":true,"href":"https:\/\/katsyshop.com\/en\/wp-json\/wp\/v2\/product_tag?post=6652"},{"taxonomy":"giftcard-category","embeddable":true,"href":"https:\/\/katsyshop.com\/en\/wp-json\/wp\/v2\/giftcard-category?post=6652"}],"curies":[{"name":"wp","href":"https:\/\/api.w.org\/{rel}","templated":true}]}}