{"id":689,"date":"2021-08-01T14:51:26","date_gmt":"2021-08-01T11:51:26","guid":{"rendered":"https:\/\/katsyshop.com\/?post_type=product&#038;p=689"},"modified":"2025-10-05T18:43:44","modified_gmt":"2025-10-05T16:43:44","slug":"kootud-kombe-suurus-62natw","status":"publish","type":"product","link":"https:\/\/katsyshop.com\/en\/product\/kootud-kombe-suurus-62natw\/","title":{"rendered":"Knitted jumpsuit size 62"},"content":{"rendered":"<p><b>Colour: off white- creamy<br \/>\n<\/b><\/p>\n<p><b>Suurus: 0-4 kuud \/ 62<\/b><\/p>\n<p>Material: 100% merino<\/p>\n<p>Measures:<\/p>\n<p>Sleeve under arm: 19 cm<br \/>\n\u00d5last s\u00e4\u00e4re otsani: 50,5 cm<br \/>\nLeg length: 19,5 cm<br \/>\nKeha \u00fcmberm\u00f5\u00f5t: 47 cm<\/p>\n<p>Wash in water up to 40 degrees, dry flat to form.<\/p>\n<p><strong>NB! Depending on the screen, the colour may actually be a little brighter or lighter than the in the picture<\/strong><\/p>\n<p>&nbsp;<\/p>","protected":false},"excerpt":{"rendered":"<p>Hand knitted merino jumpsuit<\/p>\n<p>Suurus: 0-4 kuud \/ 62<\/p>\n<p>Material: 100% merino<b><br \/>\n<\/b><\/p>\n<p>Colour: off white- creamy<\/p>\n<p>&nbsp;<\/p>\n<p>&nbsp;<\/p>\n<p><strong>NB! Depending on the screen, the colour may actually be a little brighter or lighter than the in the picture<\/strong><\/p>","protected":false},"featured_media":2177,"comment_status":"open","ping_status":"closed","template":"","meta":[],"product_brand":[],"product_cat":[37],"product_tag":[38,39,40,41,42,43,44,45],"giftcard-category":[],"class_list":{"0":"post-689","1":"product","2":"type-product","3":"status-publish","4":"has-post-thumbnail","6":"product_cat-komplekt","7":"product_tag-kasitsi-kootud-beebikombekad","8":"product_tag-kombekad-beebidele","9":"product_tag-kootud-kombekad","10":"product_tag-kootud-meriinovillased-kombekad","11":"product_tag-meriinokombe-beebile","12":"product_tag-meriinotooted","13":"product_tag-meriinovillast-beebiriided","14":"product_tag-villane-kombe","16":"first","17":"outofstock","18":"shipping-taxable","19":"purchasable","20":"product-type-simple"},"jetpack_sharing_enabled":true,"_links":{"self":[{"href":"https:\/\/katsyshop.com\/en\/wp-json\/wp\/v2\/product\/689","targetHints":{"allow":["GET"]}}],"collection":[{"href":"https:\/\/katsyshop.com\/en\/wp-json\/wp\/v2\/product"}],"about":[{"href":"https:\/\/katsyshop.com\/en\/wp-json\/wp\/v2\/types\/product"}],"replies":[{"embeddable":true,"href":"https:\/\/katsyshop.com\/en\/wp-json\/wp\/v2\/comments?post=689"}],"wp:featuredmedia":[{"embeddable":true,"href":"https:\/\/katsyshop.com\/en\/wp-json\/wp\/v2\/media\/2177"}],"wp:attachment":[{"href":"https:\/\/katsyshop.com\/en\/wp-json\/wp\/v2\/media?parent=689"}],"wp:term":[{"taxonomy":"product_brand","embeddable":true,"href":"https:\/\/katsyshop.com\/en\/wp-json\/wp\/v2\/product_brand?post=689"},{"taxonomy":"product_cat","embeddable":true,"href":"https:\/\/katsyshop.com\/en\/wp-json\/wp\/v2\/product_cat?post=689"},{"taxonomy":"product_tag","embeddable":true,"href":"https:\/\/katsyshop.com\/en\/wp-json\/wp\/v2\/product_tag?post=689"},{"taxonomy":"giftcard-category","embeddable":true,"href":"https:\/\/katsyshop.com\/en\/wp-json\/wp\/v2\/giftcard-category?post=689"}],"curies":[{"name":"wp","href":"https:\/\/api.w.org\/{rel}","templated":true}]}}