{"id":690,"date":"2021-08-01T15:10:09","date_gmt":"2021-08-01T12:10:09","guid":{"rendered":"https:\/\/katsyshop.com\/?post_type=product&#038;p=690"},"modified":"2025-10-05T11:31:14","modified_gmt":"2025-10-05T09:31:14","slug":"kootud-kombe-suurus-62turq","status":"publish","type":"product","link":"https:\/\/katsyshop.com\/en\/product\/kootud-kombe-suurus-62turq\/","title":{"rendered":"Knitted jumpsuit size 62"},"content":{"rendered":"<p><strong>Colour: turquoise ( Drops Merino Extra Fine 29)<\/strong><\/p>\n<p><strong>Size: 2-4 month \/ 62<\/strong><\/p>\n<p>Material: 100% merino<\/p>\n<p>Measures:<\/p>\n<p>Sleeve under arm: 19 cm<\/p>\n<p>\u00d5last s\u00e4\u00e4re otsani: 51,5 cm<\/p>\n<p>Leg length: 19 cm<\/p>\n<p>Body circumference: 46 cm<\/p>\n<p>Wash in water up to 40 degrees, dry flat to form.<\/p>\n<p><strong>NB! Depending on the screen, the colour may actually be a little brighter or lighter than the in the picture<\/strong><\/p>\n<p>&nbsp;<\/p>","protected":false},"excerpt":{"rendered":"<p>&nbsp;<\/p>\n<p>Hand knitted merino jumpsuit<\/p>\n<p>Colour: turquoise ( Drops Merino Extra Fine 29)<\/p>\n<p>Size: 2-4 month \/ 62<\/p>\n<p>Material: 100% merino<\/p>\n<p><strong>NB! Depending on the screen, the colour may actually be a little brighter or lighter than the in the picture<\/strong><\/p>","protected":false},"featured_media":3596,"comment_status":"open","ping_status":"closed","template":"","meta":[],"product_brand":[],"product_cat":[37],"product_tag":[38,39,40,41,42,43,44,45],"giftcard-category":[],"class_list":{"0":"post-690","1":"product","2":"type-product","3":"status-publish","4":"has-post-thumbnail","6":"product_cat-komplekt","7":"product_tag-kasitsi-kootud-beebikombekad","8":"product_tag-kombekad-beebidele","9":"product_tag-kootud-kombekad","10":"product_tag-kootud-meriinovillased-kombekad","11":"product_tag-meriinokombe-beebile","12":"product_tag-meriinotooted","13":"product_tag-meriinovillast-beebiriided","14":"product_tag-villane-kombe","16":"first","17":"instock","18":"shipping-taxable","19":"purchasable","20":"product-type-simple"},"jetpack_sharing_enabled":true,"_links":{"self":[{"href":"https:\/\/katsyshop.com\/en\/wp-json\/wp\/v2\/product\/690","targetHints":{"allow":["GET"]}}],"collection":[{"href":"https:\/\/katsyshop.com\/en\/wp-json\/wp\/v2\/product"}],"about":[{"href":"https:\/\/katsyshop.com\/en\/wp-json\/wp\/v2\/types\/product"}],"replies":[{"embeddable":true,"href":"https:\/\/katsyshop.com\/en\/wp-json\/wp\/v2\/comments?post=690"}],"wp:featuredmedia":[{"embeddable":true,"href":"https:\/\/katsyshop.com\/en\/wp-json\/wp\/v2\/media\/3596"}],"wp:attachment":[{"href":"https:\/\/katsyshop.com\/en\/wp-json\/wp\/v2\/media?parent=690"}],"wp:term":[{"taxonomy":"product_brand","embeddable":true,"href":"https:\/\/katsyshop.com\/en\/wp-json\/wp\/v2\/product_brand?post=690"},{"taxonomy":"product_cat","embeddable":true,"href":"https:\/\/katsyshop.com\/en\/wp-json\/wp\/v2\/product_cat?post=690"},{"taxonomy":"product_tag","embeddable":true,"href":"https:\/\/katsyshop.com\/en\/wp-json\/wp\/v2\/product_tag?post=690"},{"taxonomy":"giftcard-category","embeddable":true,"href":"https:\/\/katsyshop.com\/en\/wp-json\/wp\/v2\/giftcard-category?post=690"}],"curies":[{"name":"wp","href":"https:\/\/api.w.org\/{rel}","templated":true}]}}