{"id":7171,"date":"2024-10-18T09:50:53","date_gmt":"2024-10-18T07:50:53","guid":{"rendered":"https:\/\/katsyshop.com\/?post_type=product&#038;p=7171"},"modified":"2026-02-20T13:30:35","modified_gmt":"2026-02-20T11:30:35","slug":"drops-fiesta-10-must-uni-colour","status":"publish","type":"product","link":"https:\/\/katsyshop.com\/en\/product\/drops-fiesta-10-must-uni-colour\/","title":{"rendered":"Drops Fiesta 10 must uni"},"content":{"rendered":"<p>DROPS Fiesta on s\u00e4rtsakas ja vastupidav 4-kordseks korrutataud sokil\u00f5ng, mis on t\u00f6\u00f6deldud pesukindlaks, mist\u00f5ttu l\u00f5ng on masinaga pestav ja kergesti hooldatav. L\u00f5bus ja v\u00e4rvikas l\u00f5ng, mis on katsudes soe ja pehme ning sobib palju enamaks, kui ainult sokkide tegemiseks; proovi seda ka kampsunite ja m\u00fctside kudumiseks v\u00f5i heegeldamiseks!<\/p>\n<p>L\u00f5ngagruppi B kuuluv DROPS Fiesta sobib ideaalselt mustritele, kus on kasutataud DROPS Karisma, DROPS Lima, DROPS Merino Extra Fine ja teisi l\u00f5ngu.<\/p>\n<p>DROPS Fiesta tr\u00fckiv\u00e4rvid on k\u00e4sitsi v\u00e4rvitud v\u00e4limusega, v\u00e4ikeste variatsioonidega mustris ja n\u00fcanssides. See t\u00e4hendab, et iga tokk on erinev. Need variatsioonid ei ole defektid, vaid pigem v\u00e4rvimistehnika tunnused.<\/p>\n<p>V\u00e4rvikaardil olevatel koeproovidel on n\u00e4ha v\u00e4rvi\u00fcleminekut v\u00e4iksema silmuste arvu puhul nagu sokkidel, suurematel kudumitel j\u00e4\u00e4b \u00fcleminek kitsam.<\/p>\n<p><strong>Made in:\u00a0<\/strong>EU<br \/>\n<strong>Raw material origin:<\/strong>\u00a0Lambavill L\u00f5una-Ameerikast, pol\u00fcamiid Saksamaalt<\/p>\n<p class=\"oeko-text\">Sellel l\u00f5ngal on Oeko-Tex\u00ae sertifikaat (number 2013OK0060), Standard 100, I klass, Aitex Technical Textile Institute. See t\u00e4hendab, et seda on testitud kahjulike ainete suhtes ja seda peetakse inim\u00f6koloogilises m\u00f5ttes ohutuks. I klass on k\u00f5rgeim tase, mis t\u00e4hendab, et seda l\u00f5nga v\u00f5ib kasutada beebir\u00f5ivaste tegemiseks (vanus 0-3 kuud).<\/p>\n<p>&nbsp;<\/p>\n<h3 class=\"my-2\">HKuidas seda l\u00f5nga hooldada?<\/h3>\n<div class=\"row yarn-wash-container\">\n<div class=\"col-sm-12 yarn-wash mb-3\"><img loading=\"lazy\" decoding=\"async\" class=\"\" src=\"https:\/\/www.garnstudio.com\/img\/shademap\/Fiesta\/wash.svg\" alt=\"yarn washing symbols for Fiesta\" width=\"314\" height=\"43\" \/><\/div>\n<\/div>\n<div><strong>\u00d5rn masinpesu 40\u00b0C \/ \u00e4ra kasuta loputusvahendit \/ kuivata tasapinnal<\/strong><\/div>\n<div><\/div>\n<div>\n<p>Esiteks proovi eset lihtsalt tuulutada pesemise asemel. Kui on kindlasti vaja pesta, siis j\u00e4rgi n\u00f5uandeid:<\/p>\n<ul>\n<li>Pesukindlaks t\u00f6\u00f6deldud villasest l\u00f5ngast esemeid saab pesta pesumasinas &#8211; eraldi &#8211; \u00f5rna\/villapesu programmiga 40\u00baC ja kerge tsentrifuugiga (umbes 800 rpm) ning ilma valgendajata villase l\u00f5nga pesuvahendiga.<\/li>\n<li>\u00c4ra kasuta pesupehmendajat.<\/li>\n<li>\u00c4RA j\u00e4ta eset kauaks pesumasinasse m\u00e4rjalt seisma!<\/li>\n<li>Pane ese kuivama tasapinnale, n\u00e4iteks kuivatusrestile h\u00e4sti ventileeritud ruumis \u2013 \u00e4ra riputa. \u00c4ra kuivata eset p\u00e4ikese k\u00e4es.<\/li>\n<li>\u00c4ra kasuta kuivatit.<\/li>\n<li>\u00c4ra kunagi triigi otseselt kudumit. Alati kasuta niisket riiet triikraua ja eseme vahel.<\/li>\n<\/ul>\n<p>NB! Kui pesed eset, kus on kasutatud erinevaid l\u00f5ngu koos, siis j\u00e4rgi hooldusinstruktsiooni delikaatsemale l\u00f5ngale.<\/p>\n<\/div>\n<div><\/div>","protected":false},"excerpt":{"rendered":"<p><strong>Content:<\/strong>\u00a075% vill, 25% pol\u00fcamiid<br \/>\n<strong>Yarn Group:<\/strong>\u00a0<a href=\"https:\/\/www.garnstudio.com\/yarns.php?yarn-group=B&amp;cid=19\"><u>B (20 - 22 stitches)<\/u>)\u00a0<\/a>\/ 8 ply \/ DK<br \/>\n<strong>Weight\/length:<\/strong>\u00a050 g = approx 110 m<br \/>\n<strong>Recommended needle size:<\/strong>\u00a04 mm<br \/>\n<strong>Knitting tension:<\/strong>\u00a010 x 10 cm = 21 sts x 28 rows<br \/>\n<strong>Care:<\/strong>: \u00d5rn masinpesu 40\u00b0C \/ \u00e4ra kasuta loputusvahendit \/ kuivata tasapinnal<br \/>\n<strong>Superwash:<\/strong>\u00a0jah<\/p>\n<p><strong>Made in:\u00a0<\/strong>EU<br \/>\n<strong>Raw material origin:<\/strong>\u00a0Lambavill L\u00f5una-Ameerikast, pol\u00fcamiid Saksamaalt<\/p>\n<p>&nbsp;<\/p>\n<p>&nbsp;<\/p>\n<p>Pea meeles, et v\u00e4rvid v\u00f5ivad igal ekraanil paista erinevad nagu ka erinevad v\u00e4rvipartiid v\u00f5ivad olla erineva varjundiga.<\/p>","protected":false},"featured_media":7172,"comment_status":"open","ping_status":"closed","template":"","meta":[],"product_brand":[],"product_cat":[1096],"product_tag":[1105,1110,1109,1107],"giftcard-category":[],"class_list":{"0":"post-7171","1":"product","2":"type-product","3":"status-publish","4":"has-post-thumbnail","6":"product_cat-drops-fiesta","7":"product_tag-dropsi-sokilong","8":"product_tag-kirju-sokilong","9":"product_tag-longad-sokkide-kudumiseks","10":"product_tag-villane-sokilong","12":"first","13":"instock","14":"sale","15":"shipping-taxable","16":"purchasable","17":"product-type-simple"},"jetpack_sharing_enabled":true,"_links":{"self":[{"href":"https:\/\/katsyshop.com\/en\/wp-json\/wp\/v2\/product\/7171","targetHints":{"allow":["GET"]}}],"collection":[{"href":"https:\/\/katsyshop.com\/en\/wp-json\/wp\/v2\/product"}],"about":[{"href":"https:\/\/katsyshop.com\/en\/wp-json\/wp\/v2\/types\/product"}],"replies":[{"embeddable":true,"href":"https:\/\/katsyshop.com\/en\/wp-json\/wp\/v2\/comments?post=7171"}],"wp:featuredmedia":[{"embeddable":true,"href":"https:\/\/katsyshop.com\/en\/wp-json\/wp\/v2\/media\/7172"}],"wp:attachment":[{"href":"https:\/\/katsyshop.com\/en\/wp-json\/wp\/v2\/media?parent=7171"}],"wp:term":[{"taxonomy":"product_brand","embeddable":true,"href":"https:\/\/katsyshop.com\/en\/wp-json\/wp\/v2\/product_brand?post=7171"},{"taxonomy":"product_cat","embeddable":true,"href":"https:\/\/katsyshop.com\/en\/wp-json\/wp\/v2\/product_cat?post=7171"},{"taxonomy":"product_tag","embeddable":true,"href":"https:\/\/katsyshop.com\/en\/wp-json\/wp\/v2\/product_tag?post=7171"},{"taxonomy":"giftcard-category","embeddable":true,"href":"https:\/\/katsyshop.com\/en\/wp-json\/wp\/v2\/giftcard-category?post=7171"}],"curies":[{"name":"wp","href":"https:\/\/api.w.org\/{rel}","templated":true}]}}