{"id":7520,"date":"2024-12-16T13:52:08","date_gmt":"2024-12-16T11:52:08","guid":{"rendered":"https:\/\/katsyshop.com\/?post_type=product&#038;p=7520"},"modified":"2025-10-05T15:55:07","modified_gmt":"2025-10-05T13:55:07","slug":"drops-cotton-light-tume-luuderohi-uni-50","status":"publish","type":"product","link":"https:\/\/katsyshop.com\/en\/product\/drops-cotton-light-tume-luuderohi-uni-50\/","title":{"rendered":"Drops Cotton Light tume luuderohi uni 50"},"content":{"rendered":"<div>\n<p><strong>\u00d5rn masinpesu, max 40\u00b0C \/ kuivata tasapinnal<\/strong><\/p>\n<\/div>\n<div>DROPS Cotton Light on m\u00f5nusalt paks ja pehme, 50% puuvilla ja 50% pol\u00fcester mikrokiududega segul\u00f5ng. Mikrokiud on peenemad, kui siidikiud, nad ei ima nii palju niiskust ning puuvillaga segatuna moodustab kudumeid, mis hingavad. Kudumid hoiavad v\u00e4ga h\u00e4sti vormi ja on vastupidavad. DROPS Cotton Light sobib ka lastekudumiteks, kuna on masinaga pestav ja tuleb paljudes r\u00f5\u00f5msates ja erksates v\u00e4rvides. DROPS Cotton Light&#8217;i on m\u00f5nus kududa ja sobib aastaringseks kasutamiseks v\u00e4ga soodsa hinna eest. Kui plaanite kasutada l\u00f5nga heegeldamiseks, siis l\u00f5nga siidisuse ja mitmeniidilisuse t\u00f5ttu on see natuke keerulisem.<\/div>\n<div>Made in EU Oeko-Tex\u00ae certificate (STANDARD 100 by OEKO-TEX\u00ae 951032 Hohenstein HTTI)<\/div>\n<div><\/div>\n<div><\/div>\n<div>\n<p><a href=\"https:\/\/www.garnstudio.com\/search.php?y=94&amp;lang=ee\" target=\"_blank\" rel=\"noopener noreferrer\">Mustrid l\u00f5ngale DROPS Cotton Light<\/a><\/p>\n<p><strong>NB! V\u00e4rvid v\u00f5ivad igal ekraanil paista erinevad nagu ka erinevad v\u00e4rvipartiid v\u00f5ivad olla erineva varjundiga.<\/strong><\/p>\n<\/div>","protected":false},"excerpt":{"rendered":"<p><strong>Content:\u00a0<\/strong>50% puuvill, 50% pol\u00fcester<\/p>\n<p><strong>Weight\/length:\u00a0<\/strong>50 g = u. 105 meetrit<\/p>\n<p><strong>Recommended needle size:\u00a0<\/strong>4 mm<\/p>\n<p>&nbsp;<\/p>\n<p>&nbsp;<\/p>\n<p>&nbsp;<\/p>\n<p>&nbsp;<\/p>\n<p>&nbsp;<\/p>","protected":false},"featured_media":7521,"comment_status":"open","ping_status":"closed","template":"","meta":[],"product_brand":[],"product_cat":[321,129],"product_tag":[322,323,324,325,326,275,327,328],"giftcard-category":[],"class_list":{"0":"post-7520","1":"product","2":"type-product","3":"status-publish","4":"has-post-thumbnail","6":"product_cat-drops-cotton-light-15","7":"product_cat-longad","8":"product_tag-cotton-light-heegeldamiseks","9":"product_tag-cotton-light-kudumiseks","10":"product_tag-cotton-light-muujad-tartus","11":"product_tag-drops-cotton-light","12":"product_tag-drops-cotton-light-longad-kasitooks","13":"product_tag-kairi-design","14":"product_tag-kairi-design-longad","15":"product_tag-puuvill","17":"first","18":"instock","19":"sale","20":"shipping-taxable","21":"purchasable","22":"product-type-simple"},"jetpack_sharing_enabled":true,"_links":{"self":[{"href":"https:\/\/katsyshop.com\/en\/wp-json\/wp\/v2\/product\/7520","targetHints":{"allow":["GET"]}}],"collection":[{"href":"https:\/\/katsyshop.com\/en\/wp-json\/wp\/v2\/product"}],"about":[{"href":"https:\/\/katsyshop.com\/en\/wp-json\/wp\/v2\/types\/product"}],"replies":[{"embeddable":true,"href":"https:\/\/katsyshop.com\/en\/wp-json\/wp\/v2\/comments?post=7520"}],"wp:featuredmedia":[{"embeddable":true,"href":"https:\/\/katsyshop.com\/en\/wp-json\/wp\/v2\/media\/7521"}],"wp:attachment":[{"href":"https:\/\/katsyshop.com\/en\/wp-json\/wp\/v2\/media?parent=7520"}],"wp:term":[{"taxonomy":"product_brand","embeddable":true,"href":"https:\/\/katsyshop.com\/en\/wp-json\/wp\/v2\/product_brand?post=7520"},{"taxonomy":"product_cat","embeddable":true,"href":"https:\/\/katsyshop.com\/en\/wp-json\/wp\/v2\/product_cat?post=7520"},{"taxonomy":"product_tag","embeddable":true,"href":"https:\/\/katsyshop.com\/en\/wp-json\/wp\/v2\/product_tag?post=7520"},{"taxonomy":"giftcard-category","embeddable":true,"href":"https:\/\/katsyshop.com\/en\/wp-json\/wp\/v2\/giftcard-category?post=7520"}],"curies":[{"name":"wp","href":"https:\/\/api.w.org\/{rel}","templated":true}]}}