{"id":857,"date":"2021-08-02T00:37:31","date_gmt":"2021-08-01T21:37:31","guid":{"rendered":"https:\/\/katsyshop.com\/?post_type=product&#038;p=857"},"modified":"2025-10-05T11:31:12","modified_gmt":"2025-10-05T09:31:12","slug":"beebmyts-jaasinine","status":"publish","type":"product","link":"https:\/\/katsyshop.com\/en\/product\/beebmyts-jaasinine\/","title":{"rendered":"Baby hat ice blue"},"content":{"rendered":"<p><b>J\u00e4\u00e4sinine m\u00fcts<\/b><\/p>\n<p>Material: 100% merino\/ Drops Baby Merino-  nr 11<br \/>\nSize 48-50 head c.<br \/>\nKnitted lining<\/p>\n<p>&nbsp;<\/p>\n<p>A hat woven with very warm laces makes sure that your child's ears are nicely protected from the cold.<\/p>\n<p>Knitted hat made of soft yarn.<\/p>\n<p>&nbsp;<\/p>\n<p>Care: Wash in water up to 40 degrees with a woolen wash program or by hand. Dry flat<\/p>\n<p><strong>NB! Depending on the screen, the colour may actually be a little brighter or lighter than the in the picture<\/strong><\/p>\n<p>&nbsp;<\/p>","protected":false},"excerpt":{"rendered":"<p>&nbsp;<\/p>\n<p>Material: 100% merino<br \/>\nSize 48-50 head c.<br \/>\nKnitted lining<\/p>\n<p>&nbsp;<\/p>\n<p>&nbsp;<\/p>\n<p><strong>NB! Depending on the screen, the colour may actually be a little brighter or lighter than the in the picture<\/strong><\/p>","protected":false},"featured_media":860,"comment_status":"open","ping_status":"closed","template":"","meta":[],"product_brand":[],"product_cat":[51],"product_tag":[54,53,52,55,49],"giftcard-category":[],"class_list":{"0":"post-857","1":"product","2":"type-product","3":"status-publish","4":"has-post-thumbnail","6":"product_cat-mutsid","7":"product_tag-beebi-kindad","8":"product_tag-beebi-soojad-kindad","9":"product_tag-eestis-kootud-kindad","10":"product_tag-titale-kootud-voodriga-kindad","11":"product_tag-villariided","13":"first","14":"instock","15":"shipping-taxable","16":"purchasable","17":"product-type-simple"},"jetpack_sharing_enabled":true,"_links":{"self":[{"href":"https:\/\/katsyshop.com\/en\/wp-json\/wp\/v2\/product\/857","targetHints":{"allow":["GET"]}}],"collection":[{"href":"https:\/\/katsyshop.com\/en\/wp-json\/wp\/v2\/product"}],"about":[{"href":"https:\/\/katsyshop.com\/en\/wp-json\/wp\/v2\/types\/product"}],"replies":[{"embeddable":true,"href":"https:\/\/katsyshop.com\/en\/wp-json\/wp\/v2\/comments?post=857"}],"wp:featuredmedia":[{"embeddable":true,"href":"https:\/\/katsyshop.com\/en\/wp-json\/wp\/v2\/media\/860"}],"wp:attachment":[{"href":"https:\/\/katsyshop.com\/en\/wp-json\/wp\/v2\/media?parent=857"}],"wp:term":[{"taxonomy":"product_brand","embeddable":true,"href":"https:\/\/katsyshop.com\/en\/wp-json\/wp\/v2\/product_brand?post=857"},{"taxonomy":"product_cat","embeddable":true,"href":"https:\/\/katsyshop.com\/en\/wp-json\/wp\/v2\/product_cat?post=857"},{"taxonomy":"product_tag","embeddable":true,"href":"https:\/\/katsyshop.com\/en\/wp-json\/wp\/v2\/product_tag?post=857"},{"taxonomy":"giftcard-category","embeddable":true,"href":"https:\/\/katsyshop.com\/en\/wp-json\/wp\/v2\/giftcard-category?post=857"}],"curies":[{"name":"wp","href":"https:\/\/api.w.org\/{rel}","templated":true}]}}