{"id":8827,"date":"2025-11-26T18:03:28","date_gmt":"2025-11-26T16:03:28","guid":{"rendered":"https:\/\/katsyshop.com\/?post_type=product&#038;p=8827"},"modified":"2025-12-05T11:05:50","modified_gmt":"2025-12-05T09:05:50","slug":"kinkekaart-paber","status":"publish","type":"product","link":"https:\/\/katsyshop.com\/en\/product\/kinkekaart-paber\/","title":{"rendered":"F\u00fc\u00fcsiline kinkekaart"},"content":{"rendered":"<div class=\"woocommerce-tabs wc-tabs-wrapper\">\n<div id=\"tab-description\" class=\"woocommerce-Tabs-panel woocommerce-Tabs-panel--description panel entry-content wc-tab\" role=\"tabpanel\" aria-labelledby=\"tab-title-description\">\n<p>Katsy kinkekaart!<\/p>\n<p>Kui soovid teha katsikukingitust ja \u00fcllatada v\u00e4rskeid vanemaid Kairi Design kudumitega, kuid \u00f5ige toote valik tundub keeruline ja aegan\u00f5udev, siis meil on Sulle lahenduseks pakkuda kinkekaart!<\/p>\n<p>Kinkekaart sobib ka k\u00e4sit\u00f6\u00f6huvilisele l\u00f5nga soetamiseks!<\/p>\n<p>Selle v\u00e4\u00e4rtuse saab ise valida ning kaardi kehtivusaeg on 6 kuud.\u00a0Kaarti saad kasutada kehtivusaja jooksul kuni selle limiit on \u00e4ra kasutatud, ka mitmes osas.<\/p>\n<p>Kinkekaart saadetakse v\u00e4ikeses ja lisaks posti\u00fcmbrikus pakiautomaati!<\/p>\n<p>Kinkekaarti saab realiseerida meie e-poes ja\u00a0 Tartu poes.<\/p>\n<p><strong>NB! You cannot pay for transport with a gift card!<\/strong><\/p>\n<\/div>\n<\/div>","protected":false},"excerpt":{"rendered":"<div class=\"woocommerce-tabs wc-tabs-wrapper\">\n<div id=\"tab-description\" class=\"woocommerce-Tabs-panel woocommerce-Tabs-panel--description panel entry-content wc-tab\" role=\"tabpanel\" aria-labelledby=\"tab-title-description\">\n<p>Katsy kinkekaart!<\/p>\n<p>Kui soovid teha katsikukingitust ja \u00fcllatada v\u00e4rskeid vanemaid Kairi Design kudumitega, kuid \u00f5ige toote valik tundub keeruline ja aegan\u00f5udev, siis meil on Sulle lahenduseks pakkuda kinkekaart!<\/p>\n<p>Kinkekaart sobib ka k\u00e4sit\u00f6\u00f6huvilisele l\u00f5nga soetamiseks!<\/p>\n<p>Selle v\u00e4\u00e4rtuse saab ise valida ning kaardi kehtivusaeg on 6 kuud.\u00a0Kaarti saad kasutada kehtivusaja jooksul kuni selle limiit on \u00e4ra kasutatud, ka mitmes osas.<\/p>\n<p>Kinkekaart saadetakse v\u00e4ikeses ja lisaks posti\u00fcmbrikus pakiautomaati!<\/p>\n<p>Kinkekaarti saab realiseerida meie e-poes ja\u00a0 Tartu poes.<\/p>\n<p><strong>NB! You cannot pay for transport with a gift card!<\/strong><\/p>\n<\/div>\n<\/div>","protected":false},"featured_media":8844,"comment_status":"open","ping_status":"closed","template":"","meta":[],"product_brand":[],"product_cat":[1178,1177],"product_tag":[],"giftcard-category":[],"class_list":{"0":"post-8827","1":"product","2":"type-product","3":"status-publish","4":"has-post-thumbnail","6":"product_cat-fuusilised-kinkekaardid","7":"product_cat-kinkekaardid-2","9":"first","10":"instock","11":"sold-individually","12":"shipping-taxable","13":"purchasable","14":"product-type-variable"},"jetpack_sharing_enabled":true,"_links":{"self":[{"href":"https:\/\/katsyshop.com\/en\/wp-json\/wp\/v2\/product\/8827","targetHints":{"allow":["GET"]}}],"collection":[{"href":"https:\/\/katsyshop.com\/en\/wp-json\/wp\/v2\/product"}],"about":[{"href":"https:\/\/katsyshop.com\/en\/wp-json\/wp\/v2\/types\/product"}],"replies":[{"embeddable":true,"href":"https:\/\/katsyshop.com\/en\/wp-json\/wp\/v2\/comments?post=8827"}],"wp:featuredmedia":[{"embeddable":true,"href":"https:\/\/katsyshop.com\/en\/wp-json\/wp\/v2\/media\/8844"}],"wp:attachment":[{"href":"https:\/\/katsyshop.com\/en\/wp-json\/wp\/v2\/media?parent=8827"}],"wp:term":[{"taxonomy":"product_brand","embeddable":true,"href":"https:\/\/katsyshop.com\/en\/wp-json\/wp\/v2\/product_brand?post=8827"},{"taxonomy":"product_cat","embeddable":true,"href":"https:\/\/katsyshop.com\/en\/wp-json\/wp\/v2\/product_cat?post=8827"},{"taxonomy":"product_tag","embeddable":true,"href":"https:\/\/katsyshop.com\/en\/wp-json\/wp\/v2\/product_tag?post=8827"},{"taxonomy":"giftcard-category","embeddable":true,"href":"https:\/\/katsyshop.com\/en\/wp-json\/wp\/v2\/giftcard-category?post=8827"}],"curies":[{"name":"wp","href":"https:\/\/api.w.org\/{rel}","templated":true}]}}