{"id":8995,"date":"2025-12-18T16:25:23","date_gmt":"2025-12-18T14:25:23","guid":{"rendered":"https:\/\/katsyshop.com\/?post_type=product&#038;p=8995"},"modified":"2026-02-11T22:59:23","modified_gmt":"2026-02-11T20:59:23","slug":"drops-snow-109-%c2%b7-voilill","status":"publish","type":"product","link":"https:\/\/katsyshop.com\/en\/product\/drops-snow-109-%c2%b7-voilill\/","title":{"rendered":"Drops Snow v\u00f5ilill uni 109"},"content":{"rendered":"<p><img loading=\"lazy\" decoding=\"async\" class=\"\" src=\"https:\/\/www.garnstudio.com\/img\/shademap\/Snow\/wash.svg\" alt=\"yarn wash\" width=\"326\" height=\"49\" \/><\/p>\n<p><strong>Made in:\u00a0<\/strong>EU<br \/>\n<strong>Raw material origin:<\/strong>\u00a0Wool from South America<\/p>\n<p class=\"oeko-text\">Sellel l\u00f5ngal on Oeko-Tex\u00ae sertifikaat (number 25.3.0099), Standard 100, I klass, INNOVATEXT TEXTILE ENGINEERING AND TESTING, HUNGARY. See t\u00e4hendab, et seda on testitud kahjulike ainete suhtes ja seda peetakse inim\u00f6koloogilises m\u00f5ttes ohutuks. I klass on k\u00f5rgeim tase, mis t\u00e4hendab, et seda l\u00f5nga v\u00f5ib kasutada beebir\u00f5ivaste tegemiseks (vanus 0-3 kuud).<\/p>\n<p>Snow on j\u00e4me ja superpehme 100 % villane l\u00f5ng, millest saab sooje, mugavaid r\u00f5ivaid. V\u00e4ga hea vanutamiseks. Villakiud on t\u00f6\u00f6tlemata, st. nad on vaid pestud ja pole enne v\u00e4rvimist kokku puutunud mingite kemikaalidega. See toob v\u00e4lja villakiu parimad looduslikud omadused, hoiabparemini vormi ja lisab tekstuuri.<\/p>\n<p>DROPS Snow on saadaval 2 erinevat t\u00fc\u00fcpi toonides: \u00fchev\u00e4rvilised ja kirjud, mille puhul eri v\u00e4rvi villad on enne ketramist kokku kraasitud efekti saamiseks.<\/p>\n<p>&nbsp;<\/p>\n<p>Mustrid: <a href=\"https:\/\/www.garnstudio.com\/search.php?action=browse&amp;y=drops-snow&amp;lang=ee\">Snow<\/a><\/p>","protected":false},"excerpt":{"rendered":"<p><strong>Content:<\/strong>\u00a0100% vill<br \/>\n<strong>Weight\/length:<\/strong>\u00a050 g = u. 50 meetrit<br \/>\n<strong>Recommended needle size:<\/strong>\u00a09 mm<br \/>\n<strong>Knitting tension:<\/strong>\u00a010 x 10 cm = 10 s x 14 rida<br \/>\n<strong>Care:<\/strong>Hand Wash, max 30\u00b0C \/ Dry Flat \/\u00a0<u><a href=\"https:\/\/www.garnstudio.com\/felting-tips.php?cid=19\">Feltable<\/a><\/u><\/p>","protected":false},"featured_media":8996,"comment_status":"open","ping_status":"closed","template":"","meta":[],"product_brand":[],"product_cat":[1021],"product_tag":[1028,1029],"giftcard-category":[],"class_list":{"0":"post-8995","1":"product","2":"type-product","3":"status-publish","4":"has-post-thumbnail","6":"product_cat-drops-snow","7":"product_tag-drops-snow","8":"product_tag-drops-snow-tartus","10":"first","11":"instock","12":"sale","13":"shipping-taxable","14":"purchasable","15":"product-type-simple"},"jetpack_sharing_enabled":true,"_links":{"self":[{"href":"https:\/\/katsyshop.com\/en\/wp-json\/wp\/v2\/product\/8995","targetHints":{"allow":["GET"]}}],"collection":[{"href":"https:\/\/katsyshop.com\/en\/wp-json\/wp\/v2\/product"}],"about":[{"href":"https:\/\/katsyshop.com\/en\/wp-json\/wp\/v2\/types\/product"}],"replies":[{"embeddable":true,"href":"https:\/\/katsyshop.com\/en\/wp-json\/wp\/v2\/comments?post=8995"}],"wp:featuredmedia":[{"embeddable":true,"href":"https:\/\/katsyshop.com\/en\/wp-json\/wp\/v2\/media\/8996"}],"wp:attachment":[{"href":"https:\/\/katsyshop.com\/en\/wp-json\/wp\/v2\/media?parent=8995"}],"wp:term":[{"taxonomy":"product_brand","embeddable":true,"href":"https:\/\/katsyshop.com\/en\/wp-json\/wp\/v2\/product_brand?post=8995"},{"taxonomy":"product_cat","embeddable":true,"href":"https:\/\/katsyshop.com\/en\/wp-json\/wp\/v2\/product_cat?post=8995"},{"taxonomy":"product_tag","embeddable":true,"href":"https:\/\/katsyshop.com\/en\/wp-json\/wp\/v2\/product_tag?post=8995"},{"taxonomy":"giftcard-category","embeddable":true,"href":"https:\/\/katsyshop.com\/en\/wp-json\/wp\/v2\/giftcard-category?post=8995"}],"curies":[{"name":"wp","href":"https:\/\/api.w.org\/{rel}","templated":true}]}}