{"id":9370,"date":"2026-02-18T11:41:34","date_gmt":"2026-02-18T09:41:34","guid":{"rendered":"https:\/\/katsyshop.com\/?post_type=product&#038;p=9370"},"modified":"2026-02-18T11:42:32","modified_gmt":"2026-02-18T09:42:32","slug":"drops-nord-tume-mets-mix-32","status":"publish","type":"product","link":"https:\/\/katsyshop.com\/en\/product\/drops-nord-tume-mets-mix-32\/","title":{"rendered":"DROPS Nord tume mets mix 32"},"content":{"rendered":"<p><strong>Care:<\/strong>: K\u00e4sipesu, max 30\u00b0C \/ kuivata tasapinnal (<u><a href=\"https:\/\/www.garnstudio.com\/yarn.php?show=drops-nord&amp;cid=29#learn-more\">Vaata edasi<\/a><\/u>)<\/p>\n<p>Toodetud traditsioonilise 4-niidilise sokil\u00f5ngana, DROPS Nord on kombineeritud 45% peenekiulisest alpakast (pehmuseks), 25% Peruu M\u00e4gismaade villast (sooja ja vormihoidmise jaoks) ja 30% pol\u00fcamiidist (tugevuseks ja vastupidavuseks).<\/p>\n<p>Lihtne kududa\/heegeldada, selge koekirjaga ja on ideaalne soojadeks igap\u00e4evasteks esemeteks, nagu d\u017eemprid, sokid, m\u00fctsid, kindad ja muud!<\/p>\n<p>Saadaval 19 ilusas v\u00e4rvitoonis, mis sobivad p\u00f5hjamaade kirjatud mustritele, DROPS Nord kuulub l\u00f5ngagruppi A ning sobib kasutada DROPS Alpaca, Baby Merino, Fabel ja Flora l\u00f5ngadele disainitud mustrites.<\/p>\n<p>&nbsp;<\/p>\n<p><strong>Made in:\u00a0<\/strong>Peru<\/p>\n<p><strong>Raw material origin:<\/strong>\u00a0Alpaka- ja lambavill L\u00f5una-Ameerikast, pol\u00fcamiid Saksamaalt<\/p>\n<p><u><a href=\"https:\/\/www.garnstudio.com\/sustainability.php?cid=29\">Loe rohkem meie toodete j\u00e4tkusuutlikuse kohta siit<\/a><\/u><\/p>\n<p>&nbsp;<\/p>\n<p><a href=\"https:\/\/www.garnstudio.com\/search.php?action=browse&amp;y=drops-nord&amp;lang=ee\" target=\"_blank\" rel=\"noopener\">Patterns for yarn<\/a><\/p>\n<p>&nbsp;<\/p>","protected":false},"excerpt":{"rendered":"<p><strong>Content:<\/strong>\u00a045% alpaka, 30% pol\u00fcamiid, 25% vill<\/p>\n<p><strong>Weight\/length:<\/strong>\u00a050 g = u. 170 meetrit<\/p>\n<p><strong>Recommended needle size:<\/strong>\u00a03 mm<\/p>\n<p>&nbsp;<\/p>\n<p>&nbsp;<\/p>\n<p>&nbsp;<\/p>\n<p>&nbsp;<\/p>\n<p>&nbsp;<\/p>\n<p>&nbsp;<\/p>","protected":false},"featured_media":9371,"comment_status":"closed","ping_status":"closed","template":"","meta":[],"product_brand":[],"product_cat":[482,129],"product_tag":[237,238,239,240,241,242,243,244,245,246,247,248,249,250],"giftcard-category":[],"class_list":{"0":"post-9370","1":"product","2":"type-product","3":"status-publish","4":"has-post-thumbnail","6":"product_cat-drops-nord","7":"product_cat-longad","8":"product_tag-100-taaskasutatud-puuvillane-long","9":"product_tag-drops-cotton-yarn","10":"product_tag-drops-longad","11":"product_tag-drops-longad-tartus","12":"product_tag-drops-loves-you-9-garn","13":"product_tag-drops-loves-you-9-long-long","14":"product_tag-drops-you-9","15":"product_tag-garnstudio-drops-loves-you-9","16":"product_tag-kudumiseks-voi-heegeldamiseks","17":"product_tag-longa-muuk","18":"product_tag-longad","19":"product_tag-odav-puuvillane-long","20":"product_tag-puuvilla-longad","21":"product_tag-soodsad-longad","23":"first","24":"instock","25":"sale","26":"shipping-taxable","27":"purchasable","28":"product-type-simple"},"jetpack_sharing_enabled":true,"_links":{"self":[{"href":"https:\/\/katsyshop.com\/en\/wp-json\/wp\/v2\/product\/9370","targetHints":{"allow":["GET"]}}],"collection":[{"href":"https:\/\/katsyshop.com\/en\/wp-json\/wp\/v2\/product"}],"about":[{"href":"https:\/\/katsyshop.com\/en\/wp-json\/wp\/v2\/types\/product"}],"replies":[{"embeddable":true,"href":"https:\/\/katsyshop.com\/en\/wp-json\/wp\/v2\/comments?post=9370"}],"wp:featuredmedia":[{"embeddable":true,"href":"https:\/\/katsyshop.com\/en\/wp-json\/wp\/v2\/media\/9371"}],"wp:attachment":[{"href":"https:\/\/katsyshop.com\/en\/wp-json\/wp\/v2\/media?parent=9370"}],"wp:term":[{"taxonomy":"product_brand","embeddable":true,"href":"https:\/\/katsyshop.com\/en\/wp-json\/wp\/v2\/product_brand?post=9370"},{"taxonomy":"product_cat","embeddable":true,"href":"https:\/\/katsyshop.com\/en\/wp-json\/wp\/v2\/product_cat?post=9370"},{"taxonomy":"product_tag","embeddable":true,"href":"https:\/\/katsyshop.com\/en\/wp-json\/wp\/v2\/product_tag?post=9370"},{"taxonomy":"giftcard-category","embeddable":true,"href":"https:\/\/katsyshop.com\/en\/wp-json\/wp\/v2\/giftcard-category?post=9370"}],"curies":[{"name":"wp","href":"https:\/\/api.w.org\/{rel}","templated":true}]}}