{"id":9388,"date":"2026-02-18T13:02:02","date_gmt":"2026-02-18T11:02:02","guid":{"rendered":"https:\/\/katsyshop.com\/?post_type=product&#038;p=9388"},"modified":"2026-02-23T18:09:09","modified_gmt":"2026-02-23T16:09:09","slug":"drops-fabel-roosa-uni102","status":"publish","type":"product","link":"https:\/\/katsyshop.com\/en\/product\/drops-fabel-roosa-uni102\/","title":{"rendered":"DROPS Fabel roosa uni 102"},"content":{"rendered":"<p>Vastupidav, nagu ainult sokil\u00f5ng saab olla, DROPS Fabel on 4 kordseks korrutatud l\u00f5ng ja t\u00f6\u00f6deldud pesukindlaks ning r\u00f5ivaid on lihtne hooldada ja masinas pesta. Erinevalt tavalistest sokil\u00f5ngadest on Fabel kedratud pehmemast villast, mis v\u00f5imaldab Fabel l\u00f5nga kasutada aastaringi ja palju enamaks, kui ainult sokkideks. Proovige Fabelit laster\u00f5ivaste kudumiseks!<\/p>\n<p>Print ja longprint v\u00e4rvid on v\u00e4rvitud &#8220;fancy dyeing&#8221; meetodil, kus igat v\u00e4rvi on erinevas koguses. See pole viga, vaid l\u00f5nga erip\u00e4ra.<\/p>\n<p>Piltidel olevad v\u00e4rvin\u00e4idised on kootud v\u00e4hemate silmustega, nagu soki puhul. Suuremate kudumite puhul j\u00e4\u00e4b tulemus erinev. Nagu k\u00f5ikide jacquard-print l\u00f5ngade puhul, v\u00f5ib olla erinevusi toonis ja mustris ka sama v\u00e4rvi seerianumbri (dye lot) puhul.<\/p>\n<p>Sellel l\u00f5ngal on Oeko-Tex\u00ae sertifikaat (number 25.3.0110), Standard 100, I klass, INNOVATEXT TEXTILE ENGINEERING AND TESTING, HUNGARY. See t\u00e4hendab, et seda on testitud kahjulike ainete suhtes ja seda peetakse inim\u00f6koloogilises m\u00f5ttes ohutuks. I klass on k\u00f5rgeim tase, mis t\u00e4hendab, et seda l\u00f5nga v\u00f5ib kasutada beebir\u00f5ivaste tegemiseks (vanus 0-3 kuud).<\/p>\n<p><strong>Made in:\u00a0<\/strong>EU<br \/>\n<strong>Raw material origin:<\/strong>\u00a0Lambavill L\u00f5una-Ameerikast, pol\u00fcamiid Itaaliast<\/p>\n<p>&nbsp;<\/p>\n<h3 class=\"my-2\">HKuidas seda l\u00f5nga hooldada?<\/h3>\n<div class=\"row yarn-wash-container\">\n<div class=\"col-sm-12 yarn-wash mb-3\"><img loading=\"lazy\" decoding=\"async\" class=\"\" src=\"https:\/\/www.garnstudio.com\/img\/shademap\/Fabel\/wash.svg\" alt=\"yarn washing symbols for Fabel\" width=\"234\" height=\"32\" \/><\/div>\n<\/div>\n<p class=\"my-1\"><strong>\u00d5rn masinpesu, max 40\u00b0C \/ \u00e4ra kasuta loputusvahendit \/ kuivata tasapinnal<\/strong><\/p>\n<div class=\"row yarn-wash-container\">\n<div class=\"col-sm-12 yarn-wash mb-3\">Esiteks proovi eset lihtsalt tuulutada pesemise asemel. Kui on kindlasti vaja pesta, siis j\u00e4rgi n\u00f5uandeid:<\/div>\n<\/div>\n<ul>\n<li>Pesukindlaks t\u00f6\u00f6deldud villasest l\u00f5ngast esemeid saab pesta pesumasinas &#8211; eraldi &#8211; \u00f5rna\/villapesu programmiga 40\u00baC ja kerge tsentrifuugiga (umbes 800 rpm) ning ilma valgendajata villase l\u00f5nga pesuvahendiga.<\/li>\n<li>\u00c4ra kasuta pesupehmendajat.<\/li>\n<li>\u00c4RA j\u00e4ta eset kauaks pesumasinasse m\u00e4rjalt seisma!<\/li>\n<li>Pane ese kuivama tasapinnale, n\u00e4iteks kuivatusrestile h\u00e4sti ventileeritud ruumis \u2013 \u00e4ra riputa. \u00c4ra kuivata eset p\u00e4ikese k\u00e4es.<\/li>\n<li>\u00c4ra kasuta kuivatit.<\/li>\n<li>\u00c4ra kunagi triigi otseselt kudumit. Alati kasuta niisket riiet triikraua ja eseme vahel.<\/li>\n<\/ul>\n<p>NB! Kui pesed eset, kus on kasutatud erinevaid l\u00f5ngu koos, siis j\u00e4rgi hooldusinstruktsiooni delikaatsemale l\u00f5ngale.<\/p>\n<p>&nbsp;<\/p>\n<p><a href=\"https:\/\/www.garnstudio.com\/search.php?action=browse&amp;y=drops-fabel&amp;lang=ee\">Mustrid l\u00f5ngale Fabel<\/a><\/p>\n<p><a href=\"https:\/\/www.garnstudio.com\/yarn-combinations.php?yarn=drops-fabel&amp;show=swatches&amp;sort=colour&amp;eelang=ee\">L\u00f5ngakombinatsioonid<\/a><\/p>","protected":false},"excerpt":{"rendered":"<div class=\"row\">\n<div class=\"col-10 col-sm-10 col-md-10\">\n<h3 class=\"ytitle\">Pesukindel sokil\u00f5ng<\/h3>\n<\/div>\n<\/div>\n<div class=\"row ypic\">\n<div class=\"col-12\">\n<p><strong>Content:<\/strong>\u00a075% vill, 25% pol\u00fcamiid<br \/>\n<strong>Yarn Group:<\/strong>\u00a0<a href=\"https:\/\/www.garnstudio.com\/yarns.php?yarn-group=A&amp;cid=19\"><u>A (23 - 26 stitches)<\/u>)\u00a0<\/a>\/ 4 ply \/ fingering<br \/>\n<strong>Weight\/length:<\/strong>\u00a050 g = u. 205 meetrit<br \/>\n<strong>Recommended needle size:<\/strong>\u00a03 mm<br \/>\n<strong>Knitting tension:<\/strong>\u00a010 x 10 cm = 24 sts x 32 rows<br \/>\n<strong>Care:<\/strong>: \u00d5rn masinpesu, max 40\u00b0C \/ \u00e4ra kasuta loputusvahendit \/ kuivata tasapinnal<br \/>\n<strong>Superwash:<\/strong>\u00a0jah<\/p>\n<\/div>\n<\/div>\n<p>&nbsp;<\/p>","protected":false},"featured_media":9389,"comment_status":"open","ping_status":"closed","template":"","meta":[],"product_brand":[],"product_cat":[1093],"product_tag":[1033,1034,774,775],"giftcard-category":[],"class_list":{"0":"post-9388","1":"product","2":"type-product","3":"status-publish","4":"has-post-thumbnail","6":"product_cat-drops-fabel-10","7":"product_tag-drops-daisy-meriino-long","8":"product_tag-meriino-longad","9":"product_tag-merino-yarn","10":"product_tag-merino-yarn-in-tartu","12":"first","13":"instock","14":"sale","15":"shipping-taxable","16":"purchasable","17":"product-type-simple"},"jetpack_sharing_enabled":true,"_links":{"self":[{"href":"https:\/\/katsyshop.com\/en\/wp-json\/wp\/v2\/product\/9388","targetHints":{"allow":["GET"]}}],"collection":[{"href":"https:\/\/katsyshop.com\/en\/wp-json\/wp\/v2\/product"}],"about":[{"href":"https:\/\/katsyshop.com\/en\/wp-json\/wp\/v2\/types\/product"}],"replies":[{"embeddable":true,"href":"https:\/\/katsyshop.com\/en\/wp-json\/wp\/v2\/comments?post=9388"}],"wp:featuredmedia":[{"embeddable":true,"href":"https:\/\/katsyshop.com\/en\/wp-json\/wp\/v2\/media\/9389"}],"wp:attachment":[{"href":"https:\/\/katsyshop.com\/en\/wp-json\/wp\/v2\/media?parent=9388"}],"wp:term":[{"taxonomy":"product_brand","embeddable":true,"href":"https:\/\/katsyshop.com\/en\/wp-json\/wp\/v2\/product_brand?post=9388"},{"taxonomy":"product_cat","embeddable":true,"href":"https:\/\/katsyshop.com\/en\/wp-json\/wp\/v2\/product_cat?post=9388"},{"taxonomy":"product_tag","embeddable":true,"href":"https:\/\/katsyshop.com\/en\/wp-json\/wp\/v2\/product_tag?post=9388"},{"taxonomy":"giftcard-category","embeddable":true,"href":"https:\/\/katsyshop.com\/en\/wp-json\/wp\/v2\/giftcard-category?post=9388"}],"curies":[{"name":"wp","href":"https:\/\/api.w.org\/{rel}","templated":true}]}}